{"id":694,"date":"2026-04-20T08:27:52","date_gmt":"2026-04-20T08:27:52","guid":{"rendered":"https:\/\/pericom.biz\/?page_id=694"},"modified":"2026-04-27T10:16:38","modified_gmt":"2026-04-27T10:16:38","slug":"refund_returns","status":"publish","type":"page","link":"https:\/\/pericom.biz\/?page_id=694","title":{"rendered":"AGB"},"content":{"rendered":"\n<div class=\"wp-block-stackable-heading stk-block-heading stk-block-heading--v2 stk-block stk-1156531\" id=\"allgemeine-geschaftsbedingungen-der-pericom-ag\" data-block-id=\"1156531\"><h3 class=\"stk-block-heading__text\">Allgemeine Gesch\u00e4ftsbedingungen der Pericom AG<\/h3><\/div>\n\n\n\n<div class=\"wp-block-stackable-heading stk-block-heading stk-block-heading--v2 stk-block stk-d8411ef\" id=\"1-verbindlichkeit\" data-block-id=\"d8411ef\"><style>.stk-d8411ef .stk-block-heading__text{font-size:var(--stk--preset--font-size--medium, 20px) !important;}@media screen and (max-width:999px){.stk-d8411ef .stk-block-heading__text{font-size:var(--stk--preset--font-size--medium, 20px) !important;}}<\/style><h2 class=\"stk-block-heading__text\">1.Verbindlichkeit<\/h2><\/div>\n\n\n\n<p>Diese allgemeinen Lieferbedingungen gelten in allen Punkten, welche nicht gegenseitig schriftlich oder in anderer Weise geregelt sind.<\/p>\n\n\n\n<p>Eine allf\u00e4llige Haftung wegen Lieferverzug richtet sich nach Ziffer 12 dieser Allgemeine Lieferbedingungen. Ersatzvornahme ist ausgeschlossen. Verz\u00f6gern sich jedoch Versand oder Abholung ohne unseres Verschulden, so lagern wir die Liefergegenst\u00e4nde auf Rechnung und Gefahr des Bestellers; wir k\u00f6nnen sie aber auch ohne richterliche Erm\u00e4chtigung hinterlegen oder an Dritte verkaufen sowie Schadenersatz verlangen. Der Besteller ist in diesem Fall nicht berechtigt, seine Zahlungen zur\u00fcckzuhalten.<\/p>\n\n\n\n<div class=\"wp-block-stackable-heading stk-block-heading stk-block-heading--v2 stk-block stk-df5e9d5\" id=\"2-ausfuhrung-der-lieferung\" data-block-id=\"df5e9d5\"><style>.stk-df5e9d5 .stk-block-heading__text{font-size:var(--stk--preset--font-size--medium, 20px) !important;}@media screen and (max-width:999px){.stk-df5e9d5 .stk-block-heading__text{font-size:var(--stk--preset--font-size--medium, 20px) !important;}}<\/style><h2 class=\"stk-block-heading__text\">2. Ausf\u00fchrung der Lieferung<\/h2><\/div>\n\n\n\n<p>Gegen\u00fcber unseren technischen Angaben bleiben Verbesserungen, notwendige \u00c4nderungen sowie unwesentliche Abweichungen entsch\u00e4digungslos vorbehalten. Teillieferungen und die Weitervergabe an Unterlieferanten sind zul\u00e4ssig.<\/p>\n\n\n\n<div class=\"wp-block-stackable-heading stk-block-heading stk-block-heading--v2 stk-block stk-291f95c\" id=\"3-preise\" data-block-id=\"291f95c\"><style>.stk-291f95c .stk-block-heading__text{font-size:var(--stk--preset--font-size--medium, 20px) !important;}@media screen and (max-width:999px){.stk-291f95c .stk-block-heading__text{font-size:var(--stk--preset--font-size--medium, 20px) !important;}}<\/style><h2 class=\"stk-block-heading__text\">3. Preise<\/h2><\/div>\n\n\n\n<p>Unsere Preise verstehen sich netto ab Werk oder Lager, zzgl. Verpackung, in Schweizer Franken oder Euro. S\u00e4mtliche Nebenkosten f\u00fcr Bankspesen, Versand, Versicherung, Bewilligung sowie f\u00fcr Abnahme, Beglaubigungen und dgl. werden dem Besteller zus\u00e4tzlich belastet. Ebenso hat der Besteller alle Arten von Steuern, Abgaben, Geb\u00fchren und Z\u00f6llen zu tragen.<\/p>\n\n\n\n<div class=\"wp-block-stackable-heading stk-block-heading stk-block-heading--v2 stk-block stk-ff4cf60\" id=\"4-zahlungsbedingungen\" data-block-id=\"ff4cf60\"><style>.stk-ff4cf60 .stk-block-heading__text{font-size:var(--stk--preset--font-size--medium, 20px) !important;}@media screen and (max-width:999px){.stk-ff4cf60 .stk-block-heading__text{font-size:var(--stk--preset--font-size--medium, 20px) !important;}}<\/style><h2 class=\"stk-block-heading__text\">4. Zahlungsbedingungen<\/h2><\/div>\n\n\n\n<p>Zahlungen sind innert 30 Tagen nach Fakturadatum zu leisten, auch wenn Teilleistungen fakturiert werden. Nach Ablauf dieser Frist wird ein Verzugszins von 6 % berechnet. Bei Nichteinhaltung eines Zahlungstermins haben wir das Recht, jederzeit mit oder ohne Nachfrist die Vertragserf\u00fcllung zu unterbrechen, vom Vertrag zur\u00fcckzutreten, die gelieferten Gegenst\u00e4nde zur\u00fcckzufordern sowie Schadenersatz zu verlangen. Wir behalten uns in allen F\u00e4llen vor, bei der Ablieferung Barzahlung oder eine Bankgarantie zu verlangen oder die Lieferung per Nachnahme zu versenden.<\/p>\n\n\n\n<div class=\"wp-block-stackable-heading stk-block-heading stk-block-heading--v2 stk-block stk-adde2d8\" id=\"5-eigentumsvorbehalt\" data-block-id=\"adde2d8\"><style>.stk-adde2d8 .stk-block-heading__text{font-size:var(--stk--preset--font-size--medium, 20px) !important;}@media screen and (max-width:999px){.stk-adde2d8 .stk-block-heading__text{font-size:var(--stk--preset--font-size--medium, 20px) !important;}}<\/style><h2 class=\"stk-block-heading__text\">5. Eigentumsvorbehalt<\/h2><\/div>\n\n\n\n<ul class=\"wp-block-list\">\n<li><\/li>\n<\/ul>\n\n\n\n<p>Die gelieferten Gegenst\u00e4nde bleiben bis zum vollst\u00e4ndigen Eingang der Zahlungen in unserem Eigentum. Der Besteller ist verpflichtet, bei Massnahmen, die zum Schutze unseres Eigentums erforderlich sind, mitzuwirken.<\/p>\n\n\n\n<div class=\"wp-block-stackable-heading stk-block-heading stk-block-heading--v2 stk-block stk-edb60b0\" id=\"6-versand-und-versicherung\" data-block-id=\"edb60b0\"><style>.stk-edb60b0 .stk-block-heading__text{font-size:var(--stk--preset--font-size--medium, 20px) !important;}@media screen and (max-width:999px){.stk-edb60b0 .stk-block-heading__text{font-size:var(--stk--preset--font-size--medium, 20px) !important;}}<\/style><h2 class=\"stk-block-heading__text\">6. Versand und Versicherung<\/h2><\/div>\n\n\n\n<p>Der Versand erfolgt durch uns nach bestem Ermessen mit einem geeigneten Transportmittel auf Gefahr und Rechnung des Bestellers. Die Versicherung gegen Sch\u00e4den aller Art ist Sache des Bestellers. Wird sie durch uns besorgt, so gilt sie als im Auftrag und f\u00fcr Rechnung des Bestellers abgeschlossen. Bei Besch\u00e4digungen oder Verlust des Transportgutes hat der Besteller selbst bei Empfangnahme Anzeige an die Transportanstalt und die Versicherung mit Kopie an uns zu machen.<\/p>\n\n\n\n<div class=\"wp-block-stackable-heading stk-block-heading stk-block-heading--v2 stk-block stk-50ff89b\" id=\"7-lieferfrist\" data-block-id=\"50ff89b\"><style>.stk-50ff89b .stk-block-heading__text{font-size:var(--stk--preset--font-size--medium, 20px) !important;}@media screen and (max-width:999px){.stk-50ff89b .stk-block-heading__text{font-size:var(--stk--preset--font-size--medium, 20px) !important;}}<\/style><h2 class=\"stk-block-heading__text\">7. Lieferfrist<\/h2><\/div>\n\n\n\n<div class=\"wp-block-stackable-text stk-block-text stk-block stk-3e00cf2\" data-block-id=\"3e00cf2\"><p class=\"stk-block-text__text\">Verbindlich sind die von uns schriftlich angegebenen Lieferfristen. Diese verl\u00e4ngern sich, wenn Unterlagen des Bestellers, Vorauszahlungen, notwendige Bewilligungen, usw. nicht rechtzeitig bei uns eintreffen. Bei Verz\u00f6gerungen in der Ablieferung kann der Besteller nach erfolglosem Ablauf einer uns schriftlich angesetzten angemessenen Nachfrist (mind. ein Viertel der Lieferfrist) vom Vertrag zur\u00fcckzutreten.<\/p><\/div>\n\n\n\n<div class=\"wp-block-stackable-heading stk-block-heading stk-block-heading--v2 stk-block stk-248d0d7\" id=\"8-beanstandungen-mangelrugen\" data-block-id=\"248d0d7\"><style>.stk-248d0d7 .stk-block-heading__text{font-size:var(--stk--preset--font-size--medium, 20px) !important;}@media screen and (max-width:999px){.stk-248d0d7 .stk-block-heading__text{font-size:var(--stk--preset--font-size--medium, 20px) !important;}}<\/style><h2 class=\"stk-block-heading__text\">8. Beanstandungen, M\u00e4ngelr\u00fcgen<\/h2><\/div>\n\n\n\n<div class=\"wp-block-stackable-text stk-block-text stk-block stk-f67de16\" data-block-id=\"f67de16\"><p class=\"stk-block-text__text\">Der Besteller hat die Lieferung sofort zu pr\u00fcfen und uns Beanstandungen betreffend Menge, Ausf\u00fchrung und M\u00e4ngel der Lieferung unverz\u00fcglich schriftlich zu melden. Versteckte M\u00e4ngel sind sofort bei deren Auftreten schriftlich zu r\u00fcgen.<\/p><\/div>\n\n\n\n<p>Unterbleiben solche Meldungen, so gelten die Lieferung und allf\u00e4llige M\u00e4ngel als genehmigt.<\/p>\n\n\n\n<div class=\"wp-block-stackable-heading stk-block-heading stk-block-heading--v2 stk-block stk-ec59bf9\" id=\"9-garantie\" data-block-id=\"ec59bf9\"><style>.stk-ec59bf9 .stk-block-heading__text{font-size:var(--stk--preset--font-size--medium, 20px) !important;}@media screen and (max-width:999px){.stk-ec59bf9 .stk-block-heading__text{font-size:var(--stk--preset--font-size--medium, 20px) !important;}}<\/style><h2 class=\"stk-block-heading__text\">9. Garantie<\/h2><\/div>\n\n\n\n<div class=\"wp-block-stackable-text stk-block-text stk-block stk-3bab266\" data-block-id=\"3bab266\"><p class=\"stk-block-text__text\">Alle Teile, die erheblich von der vertragsm\u00e4ssigen Ausf\u00fchrung abweichen, oder die nachweisbar infolge schlechten Materials, fehlerhafter Konstruktion oder mangelhafter Ausf\u00fchrung schadhaft oder unbrauchbar werden, werden von uns kostenlos nach unserer Wahl ausgetauscht oder ausgebessert. In besonderen F\u00e4llen behalten wir uns die R\u00fcckerstattung oder Minderung des Kaufpreises vor.<\/p><\/div>\n\n\n\n<p>Unter vertragsgem\u00e4sser Ausf\u00fchrung ist das Erf\u00fcllen der in unserem Datenblatt bzw. in der vereinbarten Kundenspezifikation angegebenen Werte zu verstehen. Der Besteller ist f\u00fcr die Auswahl und den Gebrauch unserer Produkte und f\u00fcr die damit erzielten Resultate selbst verantwortlich. Von der Garantie ausgeschlossen sind Sch\u00e4den infolge Abnutzung, Missachtung von Betriebsvorschriften, \u00fcberm\u00e4ssiger oder allgemein unsachgem\u00e4sser Beanspruchung, ungeeigneter Betriebsmittel, chemischer oder elektrolytischer Einfl\u00fcsse sowie infolge anderer Gr\u00fcnde, die wir nicht zu vertreten haben. Die Garantie erlischt, wenn der Besteller oder Dritte \u00c4nderungen oder Reparaturen an der Lieferung vornehmen.<\/p>\n\n\n\n<p>Nutzen und Gefahr gehen sp\u00e4testens bei Abhol- oder Versandbereitschaft in unserem Werk oder Lager auf den Besteller \u00fcber.<\/p>\n\n\n\n<p>Die Garantiezeit betr\u00e4gt 12 Monate, gerechnet ab dem Lieferdatum. Allf\u00e4llige andere oder weitergehende Gew\u00e4hrleistungs- und Haftungsanspr\u00fcche des Bestellers sind ausschliesslich nach Ziffer 12 dieser Allgemeinen Lieferbedingungen zu beurteilen.<\/p>\n\n\n\n<div class=\"wp-block-stackable-heading stk-block-heading stk-block-heading--v2 stk-block stk-c7d4575\" id=\"10-geistiges-eigentum-geheimhaltung\" data-block-id=\"c7d4575\"><style>.stk-c7d4575 .stk-block-heading__text{font-size:var(--stk--preset--font-size--medium, 20px) !important;}@media screen and (max-width:999px){.stk-c7d4575 .stk-block-heading__text{font-size:var(--stk--preset--font-size--medium, 20px) !important;}}<\/style><h2 class=\"stk-block-heading__text\">10. Geistiges Eigentum \/ Geheimhaltung<\/h2><\/div>\n\n\n\n<div class=\"wp-block-stackable-text stk-block-text stk-block stk-dd11195\" data-block-id=\"dd11195\"><p class=\"stk-block-text__text\">Der Besteller erwirbt mit der Lieferung keine Rechte an unserem Eigentum, wie Patent- und Urheberrechten, Muster- und Modellrechten oder Markenrechten. S\u00e4mtliche Informationen \u00fcber unsere Produkte und technische Verfahren sind als unser Gesch\u00e4ftsgeheimnis zu betrachten und vom Besteller mit allen geeigneten Mitteln zu sch\u00fctzen. Insbesondere d\u00fcrfen die abgegebenen Unterlagen weder kopiert, vervielf\u00e4ltigt, noch Dritten zug\u00e4nglich gemacht, sondern lediglich zur Erf\u00fcllung des Vertragszweckes benutzt werden.<\/p><\/div>\n\n\n\n<div class=\"wp-block-stackable-heading stk-block-heading stk-block-heading--v2 stk-block stk-952ac39\" id=\"11-haftung\" data-block-id=\"952ac39\"><style>.stk-952ac39 .stk-block-heading__text{font-size:var(--stk--preset--font-size--medium, 20px) !important;}@media screen and (max-width:999px){.stk-952ac39 .stk-block-heading__text{font-size:var(--stk--preset--font-size--medium, 20px) !important;}}<\/style><h2 class=\"stk-block-heading__text\">11. Haftung<\/h2><\/div>\n\n\n\n<p>Unsere Haftung bei Sachm\u00e4ngeln der Lieferung ist auf Behebung dieser M\u00e4ngel gem\u00e4ss Ziffer 10 dieser Allgemeinen Lieferbedingungen beschr\u00e4nkt. Dar\u00fcber hinaus und im \u00fcbrigen haften wir gegen\u00fcber dem Besteller bei Vertragsverletzungen und auch bei ausserordentlichen Anspr\u00fcchen nur, sofern uns ein grobes Verschulden nachgewiesen wird. Jede weitergehende Haftung gegen\u00fcber dem Besteller oder Dritten ist ausgeschlossen.<\/p>\n\n\n\n<div class=\"wp-block-stackable-heading stk-block-heading stk-block-heading--v2 stk-block stk-4a63a02\" id=\"12-leihbedingungen\" data-block-id=\"4a63a02\"><style>.stk-4a63a02 .stk-block-heading__text{font-size:var(--stk--preset--font-size--medium, 20px) !important;}@media screen and (max-width:999px){.stk-4a63a02 .stk-block-heading__text{font-size:var(--stk--preset--font-size--medium, 20px) !important;}}<\/style><h2 class=\"stk-block-heading__text\">12. Leihbedingungen<\/h2><\/div>\n\n\n\n<div class=\"wp-block-stackable-text stk-block-text stk-block stk-de4c35d\" data-block-id=\"de4c35d\"><p class=\"stk-block-text__text\">Der Kunde wird den geliehenen Gegenstand mit der notwendigen Sorgfalt behandeln und gegen unbefugten Zugriff sichern. Er wird keine \u00c4nderungen am Leihgegenstand vornehmen, insbesondere wird er Kennungen des Herstellers nicht besch\u00e4digen oder entfernen.<\/p><\/div>\n\n\n\n<p>Der Kunde ist verpflichtet, den Leihgegenstand zum vereinbarten Zeitpunkt per Post eingeschrieben an den Ausgabeort zur\u00fcckzusenden. Wurde kein R\u00fcckgabezeitpunkt vereinbart und ist den Umst\u00e4nden keine eindeutige Mindestleihdauer zu entnehmen, so hat er den Leihgegenstand jederzeit auf Anforderung zur\u00fcckzugeben. Wird der Leihgegenstand nicht ordnungsgem\u00e4ss zur\u00fcckgegeben, d.h. fehlen Zubeh\u00f6rteile wie Stecker, Kabel oder Befestigungsschrauben oder fehlt die Originalverpackung, so wird mindestens ein Pauschalbetrag von 50.- CHF verrechnet. Bei Defekt werden die Reparaturkosten verrechnet. Wird die Leihdauer \u00fcberschritten, so wird eine Miete von 5 % bezogen auf den Wert der Leihsendung pro angefangene Woche f\u00fcr den Zeitraum der \u00dcberschreitung berechnet.<\/p>\n\n\n\n<div class=\"wp-block-stackable-heading stk-block-heading stk-block-heading--v2 stk-block stk-2694041\" id=\"13-reparaturen\" data-block-id=\"2694041\"><style>.stk-2694041 .stk-block-heading__text{font-size:var(--stk--preset--font-size--medium, 20px) !important;}@media screen and (max-width:999px){.stk-2694041 .stk-block-heading__text{font-size:var(--stk--preset--font-size--medium, 20px) !important;}}<\/style><h2 class=\"stk-block-heading__text\">13. Reparaturen<\/h2><\/div>\n\n\n\n<div class=\"wp-block-stackable-text stk-block-text stk-block stk-b9d3e8e\" data-block-id=\"b9d3e8e\"><p class=\"stk-block-text__text\">Es werden grunds\u00e4tzlich nur Ger\u00e4te bearbeitet, denen ein ausgef\u00fcllter R\u00fcckgabeschein beigelegt ist. Der Kunde erh\u00e4lt grunds\u00e4tzlich eine Offerte f\u00fcr die Reparatur. Die Kosten f\u00fcr Reparaturen sind, soweit wie m\u00f6glich, in der Preisliste dokumentiert. Auch wenn keine Fehler gefunden wurden oder nach der Diagnose eine Reparatur nicht sinnvoll ist, wird die Arbeitszeit in Rechnung gestellt.<\/p><\/div>\n\n\n\n<div class=\"wp-block-stackable-heading stk-block-heading stk-block-heading--v2 stk-block stk-18a96c7\" id=\"14-gerichtsstand-anwendbares-recht\" data-block-id=\"18a96c7\"><style>.stk-18a96c7 .stk-block-heading__text{font-size:var(--stk--preset--font-size--medium, 20px) !important;}@media screen and (max-width:999px){.stk-18a96c7 .stk-block-heading__text{font-size:var(--stk--preset--font-size--medium, 20px) !important;}}<\/style><h2 class=\"stk-block-heading__text\">14. Gerichtsstand\/Anwendbares Recht<\/h2><\/div>\n\n\n\n<div class=\"wp-block-stackable-text stk-block-text stk-block stk-9060d55\" data-block-id=\"9060d55\"><p class=\"stk-block-text__text\">Gerichtsstand f\u00fcr beide Teile ist Ramsen. Der Besteller verzichtet auf den Gerichtsstand seines Sitzes. Das Rechtsverh\u00e4ltnis untersteht dem schweizerischen Recht.<\/p><\/div>\n\n\n\n<p>Ausgabe August 2016<\/p>\n","protected":false},"excerpt":{"rendered":"<p>Allgemeine Gesch\u00e4ftsbedingungen der Pericom AG 1.Verbindlichkeit Diese allgemeinen Lieferbedingungen gelten in allen Punkten, welche nicht gegenseitig schriftlich oder in anderer Weise geregelt sind. Eine allf\u00e4llige Haftung wegen Lieferverzug richtet sich nach Ziffer 12 dieser Allgemeine Lieferbedingungen. Ersatzvornahme ist ausgeschlossen. Verz\u00f6gern sich jedoch Versand oder Abholung ohne unseres Verschulden, so lagern wir die Liefergegenst\u00e4nde auf Rechnung [&hellip;]<\/p>\n","protected":false},"author":1,"featured_media":0,"parent":0,"menu_order":0,"comment_status":"closed","ping_status":"closed","template":"","meta":{"footnotes":""},"class_list":["post-694","page","type-page","status-publish","hentry"],"blocksy_meta":{"has_hero_section":"enabled","hero_section":"type-2","hero_elements":[{"id":"breadcrumbs","enabled":true,"__id":"UkCNi7uFeuAnTZ3ggpkXn"},{"id":"custom_title","enabled":true,"heading_tag":"h1","title":"Home","__id":"e4CLPgaWaxQ90MAh1nbew"},{"id":"custom_description","enabled":true,"description_visibility":{"desktop":true,"tablet":true,"mobile":false},"__id":"ByaxvREjcO_eH4umg3p4I"},{"id":"custom_meta","enabled":false,"meta_elements":[{"id":"author","enabled":true,"label":"By","has_author_avatar":"yes","avatar_size":25},{"id":"post_date","enabled":true,"label":"On","date_format_source":"default","date_format":"M j, Y"},{"id":"updated_date","enabled":false,"label":"On","date_format_source":"default","date_format":"M j, Y"},{"id":"categories","enabled":false,"label":"In","style":"simple"},{"id":"comments","enabled":true}],"page_meta_elements":{"joined":true,"articles_count":true,"comments":true},"__id":"nBLyo3uju-tkyXucD93aJ"}],"pageTitleFontColor":{"default":{"color":"#ffffff"}},"pageTitleFont":{"family":"Default","variation":"Default","size":"47px","line-height":"CT_CSS_SKIP_RULE","letter-spacing":"CT_CSS_SKIP_RULE","text-transform":"CT_CSS_SKIP_RULE","text-decoration":"CT_CSS_SKIP_RULE"},"pageTitleBackground":{"background_type":"color","background_pattern":"type-1","background_image":{"attachment_id":null,"x":0,"y":0},"gradient":"linear-gradient(135deg,rgba(6,147,227,1) 0%,rgb(155,81,224) 100%)","background_repeat":"repeat","background_size":"auto","background_attachment":"scroll","patternColor":{"default":{"color":"#e5e7ea"}},"overlayColor":{"default":{"color":"CT_CSS_SKIP_RULE"}},"backgroundColor":{"default":{"color":"#0b0f14"}}},"styles_descriptor":{"styles":{"desktop":"[data-prefix=\"single_page\"] .entry-header .page-title {--theme-font-size:47px;--theme-heading-color:#ffffff;} [data-prefix=\"single_page\"] .entry-header .entry-meta {--theme-font-weight:600;--theme-text-transform:uppercase;--theme-font-size:12px;--theme-line-height:1.3;} [data-prefix=\"single_page\"] .hero-section[data-type=\"type-2\"] {background-color:#0b0f14;background-image:none;--container-padding:50px 0px;}","tablet":"","mobile":""},"google_fonts":[],"version":6}},"_links":{"self":[{"href":"https:\/\/pericom.biz\/index.php?rest_route=\/wp\/v2\/pages\/694","targetHints":{"allow":["GET"]}}],"collection":[{"href":"https:\/\/pericom.biz\/index.php?rest_route=\/wp\/v2\/pages"}],"about":[{"href":"https:\/\/pericom.biz\/index.php?rest_route=\/wp\/v2\/types\/page"}],"author":[{"embeddable":true,"href":"https:\/\/pericom.biz\/index.php?rest_route=\/wp\/v2\/users\/1"}],"replies":[{"embeddable":true,"href":"https:\/\/pericom.biz\/index.php?rest_route=%2Fwp%2Fv2%2Fcomments&post=694"}],"version-history":[{"count":2,"href":"https:\/\/pericom.biz\/index.php?rest_route=\/wp\/v2\/pages\/694\/revisions"}],"predecessor-version":[{"id":2918,"href":"https:\/\/pericom.biz\/index.php?rest_route=\/wp\/v2\/pages\/694\/revisions\/2918"}],"wp:attachment":[{"href":"https:\/\/pericom.biz\/index.php?rest_route=%2Fwp%2Fv2%2Fmedia&parent=694"}],"curies":[{"name":"wp","href":"https:\/\/api.w.org\/{rel}","templated":true}]}}