{"id":1436,"date":"2026-04-16T13:21:31","date_gmt":"2026-04-16T13:21:31","guid":{"rendered":"https:\/\/pericom.biz\/?post_type=product&#038;p=1436"},"modified":"2026-04-16T13:24:40","modified_gmt":"2026-04-16T13:24:40","slug":"luna10-pc","status":"publish","type":"product","link":"https:\/\/pericom.biz\/?product=luna10-pc","title":{"rendered":"Luna10-PC"},"content":{"rendered":"<p style=\"text-align: left;\">Der Luna10-PC ist eine optimale L\u00f6sung f\u00fcr anspruchsvolle Anwendungen in Gewerbe, Industrie und intelligenten Wohnr\u00e4umen. Er zeichnet sich durch ein 10&#8243; Widescreen Touch-Display mit WXGA-Aufl\u00f6sung (1024 x 600) und einer durchgehenden Glasoberfl\u00e4che f\u00fcr eine gestochen scharfe Darstellung und reibungslose Bedienung aus. Angetrieben von einem leistungsstarken E3827 Dual-Core-Prozessor mit 2x 1.75GHz und unterst\u00fctzt von 4GB RAM sowie einer 32 GB SSD, gew\u00e4hrleistet der Luna10-PC eine schnelle und zuverl\u00e4ssige Performance f\u00fcr alle Anwendungen. Mit zwei Gigabit Ethernet-Anschl\u00fcssen, zwei USB-Ports und einem Mini-USB-Port bietet er umfangreiche Konnektivit\u00e4tsoptionen. Der Luna10-PC ist f\u00fcr die Wandmontage konzipiert und kann dank verschiedener Einbauvarianten wie Einputzgeh\u00e4use oder Unterputzmontage perfekt in jedes Interieur integriert werden. Seine Betriebstemperatur von 0 bis 35\u00b0C und die M\u00f6glichkeit zur Spannungsversorgung \u00fcber 24 VDC oder PoE machen ihn zu einem flexiblen und zuverl\u00e4ssigen Begleiter in jeder Umgebung.<\/p>\n<h3 style=\"text-align: left;\">Artikeldetails:<\/h3>\n<p>&nbsp;<\/p>\n<table class=\" alignleft\">\n<thead>\n<tr>\n<th><strong>Eigenschaft<\/strong><\/th>\n<th><strong>Details<\/strong><\/th>\n<\/tr>\n<\/thead>\n<tbody>\n<tr>\n<td>Display<\/td>\n<td>10&#8243; Widescreen Touch,\u00a0 1280 x 800 Pixel<\/td>\n<\/tr>\n<tr>\n<td>Touch-Technologie<\/td>\n<td>Multitouch mit durchgehender Glasoberfl\u00e4che<\/td>\n<\/tr>\n<tr>\n<td>Prozessor<\/td>\n<td>E3930 Dual Core CPU, 2x 1.8 GHz<\/td>\n<\/tr>\n<tr>\n<td>Arbeitsspeicher<\/td>\n<td>4GB RAM<\/td>\n<\/tr>\n<tr>\n<td>Speicher<\/td>\n<td>128 GB SSD<\/td>\n<\/tr>\n<tr>\n<td>Netzwerk<\/td>\n<td>2 x Gigabit Ethernet 10\/100<\/td>\n<\/tr>\n<tr>\n<td>Anschl\u00fcsse<\/td>\n<td>2 x USB, 1 x mini USB<\/td>\n<\/tr>\n<tr>\n<td>Montage<\/td>\n<td>Wandmontage (Einputzgeh\u00e4use oder Unterputz)<\/td>\n<\/tr>\n<tr>\n<td>Betriebstemperatur<\/td>\n<td>0 bis 35\u00b0C<\/td>\n<\/tr>\n<tr>\n<td>Lagertemperatur<\/td>\n<td>-20 bis 70\u00b0 C<\/td>\n<\/tr>\n<tr>\n<td>Spannungsversorgung<\/td>\n<td>24 VDC oder PoE<\/td>\n<\/tr>\n<tr>\n<td>Betriebssystem<\/td>\n<td>Windows 10<\/td>\n<\/tr>\n<\/tbody>\n<\/table>\n<p>&nbsp;<\/p>\n<p>&nbsp;<\/p>\n<p>&nbsp;<\/p>\n<p>&nbsp;<\/p>\n","protected":false},"excerpt":{"rendered":"<p>Intuitive Bedienung und elegantes Design f\u00fcr moderne R\u00e4ume:<\/p>\n<p>Der Luna10-PC vereint fortschrittliche Multitouch-Technologie in einem schlanken, f\u00fcr den Wandeinbau konzipierten PC. Mit seinem 10&#8243; Widescreen Touch-Display und vielseitigen Einbauvarianten f\u00fcgt er sich nahtlos in jedes Raumkonzept ein und bietet eine intuitive Benutzeroberfl\u00e4che f\u00fcr effiziente Steuerung und Visualisierung.<\/p>\n<p><a href=\"https:\/\/pericom.biz\/wp-content\/uploads\/2024\/02\/produktdatenblatt-luna10-VI_pericom.pdf\">Produktdatenblatt-luna10-VI_pericom<\/a><\/p>\n","protected":false},"featured_media":1468,"comment_status":"open","ping_status":"closed","template":"","meta":[],"product_brand":[],"product_cat":[39,40],"product_tag":[46,42,43,44,45],"class_list":{"0":"post-1436","1":"product","2":"type-product","3":"status-publish","4":"has-post-thumbnail","6":"product_cat-luna-multitouch-panels","7":"product_cat-luna-pc","8":"product_tag-10-touch-pc","9":"product_tag-icom-integriert","10":"product_tag-luna-touch","11":"product_tag-wandmontage","12":"product_tag-windows-betriebssystem","14":"first","15":"instock","16":"downloadable","17":"taxable","18":"shipping-taxable","19":"product-type-simple"},"_links":{"self":[{"href":"https:\/\/pericom.biz\/index.php?rest_route=\/wp\/v2\/product\/1436","targetHints":{"allow":["GET"]}}],"collection":[{"href":"https:\/\/pericom.biz\/index.php?rest_route=\/wp\/v2\/product"}],"about":[{"href":"https:\/\/pericom.biz\/index.php?rest_route=\/wp\/v2\/types\/product"}],"replies":[{"embeddable":true,"href":"https:\/\/pericom.biz\/index.php?rest_route=%2Fwp%2Fv2%2Fcomments&post=1436"}],"wp:featuredmedia":[{"embeddable":true,"href":"https:\/\/pericom.biz\/index.php?rest_route=\/wp\/v2\/media\/1468"}],"wp:attachment":[{"href":"https:\/\/pericom.biz\/index.php?rest_route=%2Fwp%2Fv2%2Fmedia&parent=1436"}],"wp:term":[{"taxonomy":"product_brand","embeddable":true,"href":"https:\/\/pericom.biz\/index.php?rest_route=%2Fwp%2Fv2%2Fproduct_brand&post=1436"},{"taxonomy":"product_cat","embeddable":true,"href":"https:\/\/pericom.biz\/index.php?rest_route=%2Fwp%2Fv2%2Fproduct_cat&post=1436"},{"taxonomy":"product_tag","embeddable":true,"href":"https:\/\/pericom.biz\/index.php?rest_route=%2Fwp%2Fv2%2Fproduct_tag&post=1436"}],"curies":[{"name":"wp","href":"https:\/\/api.w.org\/{rel}","templated":true}]}}