{"id":1447,"date":"2026-04-16T13:21:32","date_gmt":"2026-04-16T13:21:32","guid":{"rendered":"https:\/\/pericom.biz\/?post_type=product&#038;p=1447"},"modified":"2026-04-16T13:44:07","modified_gmt":"2026-04-16T13:44:07","slug":"bergrestaurant-scharmoin-in-lenzerheide-modernste-gebaudeautomation-fur-ein-erstklassiges-erlebnis","status":"publish","type":"product","link":"https:\/\/pericom.biz\/?product=bergrestaurant-scharmoin-in-lenzerheide-modernste-gebaudeautomation-fur-ein-erstklassiges-erlebnis","title":{"rendered":"Bergrestaurant Scharmoin in Lenzerheide &#8211; Modernste Geb\u00e4udeautomation f\u00fcr ein erstklassiges Erlebnis"},"content":{"rendered":"<p>Das neue Bergrestaurant Scharmoin wurde zur Wintersaison 2013\/2014 er\u00f6ffnet und bietet eine erstklassige Erfahrung f\u00fcr G\u00e4ste in Lenzerheide. Mit modernsten Technologien wurde eine ganzheitliche Geb\u00e4udeautomation realisiert, deren Vorteile bereits nach einer Saison deutlich erkennbar sind. Das Restaurant setzt auf innovative L\u00f6sungen, um den Komfort und die Effizienz zu maximieren. Mit den in der Wand montierten Touch Panels von amena werden im Grillrestaurant beispielsweise Storen und Licht bedient. G\u00e4ste k\u00f6nnen verschiedene Szenen direkt \u00fcber das Touch Panel aktivieren und sogar aktuelle Wetterdaten werden eingeblendet. Diese intelligente Integration von Technologie schafft eine angenehme Atmosph\u00e4re und tr\u00e4gt zu einem unvergesslichen Aufenthalt bei.<\/p>\n<h3><strong>Artikeldetails:<\/strong><\/h3>\n<table>\n<thead>\n<tr>\n<th>Eigenschaft<\/th>\n<th>Spezifikation<\/th>\n<\/tr>\n<\/thead>\n<tbody>\n<tr>\n<td>Er\u00f6ffnung<\/td>\n<td>Wintersaison 2013\/2014<\/td>\n<\/tr>\n<tr>\n<td>Technologie<\/td>\n<td>Moderne Geb\u00e4udeautomation<\/td>\n<\/tr>\n<tr>\n<td>Touch Panels<\/td>\n<td>In der Wand montiert, amena<\/td>\n<\/tr>\n<tr>\n<td>Funktionen<\/td>\n<td>Steuerung von Storen und Licht<\/td>\n<\/tr>\n<tr>\n<td>Besondere Merkmale<\/td>\n<td>Aktivierung verschiedener Szenen, Anzeige von Wetterdaten<\/td>\n<\/tr>\n<\/tbody>\n<\/table>\n","protected":false},"excerpt":{"rendered":"<p>Das Bergrestaurant Scharmoin in Lenzerheide bietet ein erstklassiges Erlebnis, das durch modernste Geb\u00e4udeautomationstechnologien erm\u00f6glicht wird. Mit in der Wand montierten Touch Panels k\u00f6nnen G\u00e4ste bequem Storen, Licht und mehr steuern, w\u00e4hrend sie gleichzeitig aktuelle Wetterdaten einsehen k\u00f6nnen. Diese innovative Integration schafft eine komfortable und angenehme Atmosph\u00e4re f\u00fcr alle Besucher.<\/p>\n","protected":false},"featured_media":1493,"comment_status":"open","ping_status":"closed","template":"","meta":[],"product_brand":[],"product_cat":[57,38],"product_tag":[],"class_list":{"0":"post-1447","1":"product","2":"type-product","3":"status-publish","4":"has-post-thumbnail","6":"product_cat-applikationen-gebaudeautomation","7":"product_cat-gebaudeautomation","9":"first","10":"instock","11":"taxable","12":"shipping-taxable","13":"product-type-simple"},"_links":{"self":[{"href":"https:\/\/pericom.biz\/index.php?rest_route=\/wp\/v2\/product\/1447","targetHints":{"allow":["GET"]}}],"collection":[{"href":"https:\/\/pericom.biz\/index.php?rest_route=\/wp\/v2\/product"}],"about":[{"href":"https:\/\/pericom.biz\/index.php?rest_route=\/wp\/v2\/types\/product"}],"replies":[{"embeddable":true,"href":"https:\/\/pericom.biz\/index.php?rest_route=%2Fwp%2Fv2%2Fcomments&post=1447"}],"wp:featuredmedia":[{"embeddable":true,"href":"https:\/\/pericom.biz\/index.php?rest_route=\/wp\/v2\/media\/1493"}],"wp:attachment":[{"href":"https:\/\/pericom.biz\/index.php?rest_route=%2Fwp%2Fv2%2Fmedia&parent=1447"}],"wp:term":[{"taxonomy":"product_brand","embeddable":true,"href":"https:\/\/pericom.biz\/index.php?rest_route=%2Fwp%2Fv2%2Fproduct_brand&post=1447"},{"taxonomy":"product_cat","embeddable":true,"href":"https:\/\/pericom.biz\/index.php?rest_route=%2Fwp%2Fv2%2Fproduct_cat&post=1447"},{"taxonomy":"product_tag","embeddable":true,"href":"https:\/\/pericom.biz\/index.php?rest_route=%2Fwp%2Fv2%2Fproduct_tag&post=1447"}],"curies":[{"name":"wp","href":"https:\/\/api.w.org\/{rel}","templated":true}]}}