{"id":1454,"date":"2026-04-16T13:21:32","date_gmt":"2026-04-16T13:21:32","guid":{"rendered":"https:\/\/pericom.biz\/?post_type=product&#038;p=1454"},"modified":"2026-04-16T13:55:38","modified_gmt":"2026-04-16T13:55:38","slug":"h-serie","status":"publish","type":"product","link":"https:\/\/pericom.biz\/?product=h-serie","title":{"rendered":"H-Serie"},"content":{"rendered":"<p>Die H-Serie ist ein zuverl\u00e4ssiger Touchscreen, der speziell f\u00fcr den Einsatz in anspruchsvollen Umgebungen entwickelt wurde. Mit einem eingebauten 10-Zoll Widescreen Touchdisplay und einer Helligkeit von 350 cd\/m\u00b2 bietet er eine klare Anzeige auch bei schwierigen Lichtverh\u00e4ltnissen. Das Geh\u00e4use besteht aus Edelstahl und bietet einen IP65-Schutz, der das Ger\u00e4t vor Staub und Wasser sch\u00fctzt. Kunden haben die M\u00f6glichkeit, ein individuelles Design zu w\u00e4hlen, das ihren Anforderungen entspricht. Das Ger\u00e4t wird von verschiedenen tci Baseboards angetrieben, darunter Intel Atom CPU Z510, Intel Atom Z530 und AMD Fusion T40E oder T56N. Die Betriebstemperatur reicht von 0 bis 40\u00b0C, w\u00e4hrend das Ger\u00e4t bei Lagerung Temperaturen von -20 bis 70\u00b0C standh\u00e4lt. Die relative Luftfeuchtigkeit sollte zwischen 10 und 90% liegen, ohne zu kondensieren. Die Spannungsversorgung erfolgt \u00fcber 24V DC, und die Leistungsaufnahme betr\u00e4gt 13W unter Volllast.<\/p>\n<h3><strong>Artikeldetails:<\/strong><\/h3>\n<table>\n<thead>\n<tr>\n<th>Eigenschaft<\/th>\n<th>Spezifikation<\/th>\n<\/tr>\n<\/thead>\n<tbody>\n<tr>\n<td>Display<\/td>\n<td>Eingebauter 10&#8243; Widescreen Touch, 350 cd\/m\u00b2, 1024 x 600<\/td>\n<\/tr>\n<tr>\n<td>Geh\u00e4use<\/td>\n<td>Edelstahlgeh\u00e4use, IP 65<\/td>\n<\/tr>\n<tr>\n<td>Prozessor<\/td>\n<td>Intel Atom CPU Z510, l\u00fcfterlos, 1.1 GHz, 1 GB RAM, 4 GB Flash soldered<\/td>\n<\/tr>\n<tr>\n<td><\/td>\n<td>Optional: Intel Atom Z530, 1.6 GHz, 1 GB RAM, 8 GB Flash soldered<\/td>\n<\/tr>\n<tr>\n<td><\/td>\n<td>Optional: AMD Fusion T40E, 2x 1.0 GHz, 2 GB RAM, 0 GB oder 8 GB Flash soldered, mit L\u00fcfter (tempor\u00e4re Zuschaltung)<\/td>\n<\/tr>\n<tr>\n<td><\/td>\n<td>Optional: AMD Fusion T56N, 2x 1.65 GHz, 2 GB RAM, 0 GB oder 8 GB Flash soldered, mit L\u00fcfter (tempor\u00e4re Zuschaltung)<\/td>\n<\/tr>\n<tr>\n<td>Betriebstemperatur<\/td>\n<td>0 bis 40\u00b0C<\/td>\n<\/tr>\n<tr>\n<td>Lagertemperatur<\/td>\n<td>-20 bis 70\u00b0C<\/td>\n<\/tr>\n<tr>\n<td>Relative Luftfeuchtigkeit<\/td>\n<td>10 bis 90%, nicht kondensierend<\/td>\n<\/tr>\n<tr>\n<td>Spannungsversorgung<\/td>\n<td>24 VDC<\/td>\n<\/tr>\n<tr>\n<td>Leistungsaufnahme (Volllast)<\/td>\n<td>13W<\/td>\n<\/tr>\n<\/tbody>\n<\/table>\n","protected":false},"excerpt":{"rendered":"<p>Die H-Serie ist ein robuster Touchscreen f\u00fcr den Einsatz in anspruchsvollen Umgebungen. Mit einem widerstandsf\u00e4higen Edelstahlgeh\u00e4use, verschiedenen Prozessoroptionen und einem individuellen Design bietet er die erforderliche Leistung und Zuverl\u00e4ssigkeit f\u00fcr industrielle Anwendungen.<\/p>\n","protected":false},"featured_media":1514,"comment_status":"open","ping_status":"closed","template":"","meta":[],"product_brand":[],"product_cat":[59,61],"product_tag":[],"class_list":{"0":"post-1454","1":"product","2":"type-product","3":"status-publish","4":"has-post-thumbnail","6":"product_cat-industrie-pc","7":"product_cat-panel-pc-tragarm","9":"first","10":"instock","11":"taxable","12":"shipping-taxable","13":"product-type-simple"},"_links":{"self":[{"href":"https:\/\/pericom.biz\/index.php?rest_route=\/wp\/v2\/product\/1454","targetHints":{"allow":["GET"]}}],"collection":[{"href":"https:\/\/pericom.biz\/index.php?rest_route=\/wp\/v2\/product"}],"about":[{"href":"https:\/\/pericom.biz\/index.php?rest_route=\/wp\/v2\/types\/product"}],"replies":[{"embeddable":true,"href":"https:\/\/pericom.biz\/index.php?rest_route=%2Fwp%2Fv2%2Fcomments&post=1454"}],"wp:featuredmedia":[{"embeddable":true,"href":"https:\/\/pericom.biz\/index.php?rest_route=\/wp\/v2\/media\/1514"}],"wp:attachment":[{"href":"https:\/\/pericom.biz\/index.php?rest_route=%2Fwp%2Fv2%2Fmedia&parent=1454"}],"wp:term":[{"taxonomy":"product_brand","embeddable":true,"href":"https:\/\/pericom.biz\/index.php?rest_route=%2Fwp%2Fv2%2Fproduct_brand&post=1454"},{"taxonomy":"product_cat","embeddable":true,"href":"https:\/\/pericom.biz\/index.php?rest_route=%2Fwp%2Fv2%2Fproduct_cat&post=1454"},{"taxonomy":"product_tag","embeddable":true,"href":"https:\/\/pericom.biz\/index.php?rest_route=%2Fwp%2Fv2%2Fproduct_tag&post=1454"}],"curies":[{"name":"wp","href":"https:\/\/api.w.org\/{rel}","templated":true}]}}