{"id":1456,"date":"2026-04-16T13:21:32","date_gmt":"2026-04-16T13:21:32","guid":{"rendered":"https:\/\/pericom.biz\/?post_type=product&#038;p=1456"},"modified":"2026-04-16T13:57:46","modified_gmt":"2026-04-16T13:57:46","slug":"k-serie","status":"publish","type":"product","link":"https:\/\/pericom.biz\/?product=k-serie","title":{"rendered":"K-Serie"},"content":{"rendered":"<p>Die K-Serie bietet eine breite Palette von Touchscreens, die von 12&#8243; bis 22&#8243; reichen und sich ideal f\u00fcr Tragarm- und Wandmontage eignen. Sie ist skalierbar von ARM7 bis hin zu Core i5\/i7-Prozessoren und unterst\u00fctzt HMI bis Performance-PC. Die Serie zeichnet sich durch ihre Flexibilit\u00e4t aus, die es erm\u00f6glicht, kundenspezifische Geh\u00e4usevarianten werkzeuglos herzustellen. Trotz ihres kompakten Aufbaus ist die K-Serie leicht und bietet dennoch eine hohe Leistungsf\u00e4higkeit. Das tci-Baseboard wird von einem Intel Atom CPU Z510 ohne L\u00fcfter betrieben und verf\u00fcgt \u00fcber Dual Ethernet, 1.1 GHz, 1 GB RAM, 4 GB Flash-Speicher, 1x 2.5&#8243; SSD, PreVision Control, 3x USB2.0, 1x RS-232 und Audio (Line-Out). Optional ist auch eine Ausf\u00fchrung mit AMD Fusion T40E erh\u00e4ltlich, die \u00fcber 2x 1.0 GHz, 2 GB RAM und 0 GB oder 8 GB Flash-Speicher verf\u00fcgt und mit einem L\u00fcfter ausgestattet ist.<\/p>\n<h3><strong>Artikeldetails:<\/strong><\/h3>\n<table style=\"height: 245px;\" width=\"1265\">\n<thead>\n<tr>\n<th>Eigenschaft<\/th>\n<th>Spezifikation<\/th>\n<\/tr>\n<\/thead>\n<tbody>\n<tr>\n<td>Display-Gr\u00f6\u00dfe<\/td>\n<td>12&#8243; bis 22&#8243;<\/td>\n<\/tr>\n<tr>\n<td>Montage<\/td>\n<td>Geeignet zur Tragarm- und Wandmontage<\/td>\n<\/tr>\n<tr>\n<td>Prozessor<\/td>\n<td>Skalierbar auf ARM7 &#8211; Core i5\/i7<\/td>\n<\/tr>\n<tr>\n<td>Geh\u00e4use<\/td>\n<td>Sehr flexibel f\u00fcr kundenspezifische Geh\u00e4usevarianten dank werkzeugloser Herstellung<\/td>\n<\/tr>\n<tr>\n<td>Aufbau<\/td>\n<td>Kompakt mit niedrigem Gewicht<\/td>\n<\/tr>\n<tr>\n<td>tci-Baseboard<\/td>\n<td>Intel Atom CPU Z510, l\u00fcfterlos, Dual Ethernet, 1.1 GHz, 1 GB RAM, 4 GB Flash soldered, 1x 2.5&#8243; SSD, PreVision Control, 3x USB2.0, 1x RS-232, Audio (Line-Out)<\/td>\n<\/tr>\n<tr>\n<td>Optional<\/td>\n<td>AMD Fusion T40E, 2x 1.0 GHz, 2 GB RAM, 0 GB oder 8 GB Flash soldered, mit L\u00fcfter (tempor\u00e4re Zuschaltung)<\/td>\n<\/tr>\n<\/tbody>\n<\/table>\n","protected":false},"excerpt":{"rendered":"<p>Die K-Serie bietet eine vielseitige Auswahl von Touchscreens, die sich f\u00fcr eine Vielzahl von Anwendungen eignen. Mit skalierbarer Prozessorleistung, Flexibilit\u00e4t bei der Geh\u00e4usegestaltung und kompaktem Design ist sie die ideale L\u00f6sung f\u00fcr individuelle Anforderungen in verschiedenen Branchen.<\/p>\n","protected":false},"featured_media":1518,"comment_status":"open","ping_status":"closed","template":"","meta":[],"product_brand":[],"product_cat":[59,61],"product_tag":[],"class_list":{"0":"post-1456","1":"product","2":"type-product","3":"status-publish","4":"has-post-thumbnail","6":"product_cat-industrie-pc","7":"product_cat-panel-pc-tragarm","9":"first","10":"instock","11":"taxable","12":"shipping-taxable","13":"product-type-simple"},"_links":{"self":[{"href":"https:\/\/pericom.biz\/index.php?rest_route=\/wp\/v2\/product\/1456","targetHints":{"allow":["GET"]}}],"collection":[{"href":"https:\/\/pericom.biz\/index.php?rest_route=\/wp\/v2\/product"}],"about":[{"href":"https:\/\/pericom.biz\/index.php?rest_route=\/wp\/v2\/types\/product"}],"replies":[{"embeddable":true,"href":"https:\/\/pericom.biz\/index.php?rest_route=%2Fwp%2Fv2%2Fcomments&post=1456"}],"wp:featuredmedia":[{"embeddable":true,"href":"https:\/\/pericom.biz\/index.php?rest_route=\/wp\/v2\/media\/1518"}],"wp:attachment":[{"href":"https:\/\/pericom.biz\/index.php?rest_route=%2Fwp%2Fv2%2Fmedia&parent=1456"}],"wp:term":[{"taxonomy":"product_brand","embeddable":true,"href":"https:\/\/pericom.biz\/index.php?rest_route=%2Fwp%2Fv2%2Fproduct_brand&post=1456"},{"taxonomy":"product_cat","embeddable":true,"href":"https:\/\/pericom.biz\/index.php?rest_route=%2Fwp%2Fv2%2Fproduct_cat&post=1456"},{"taxonomy":"product_tag","embeddable":true,"href":"https:\/\/pericom.biz\/index.php?rest_route=%2Fwp%2Fv2%2Fproduct_tag&post=1456"}],"curies":[{"name":"wp","href":"https:\/\/api.w.org\/{rel}","templated":true}]}}