{"id":1457,"date":"2026-04-16T13:21:32","date_gmt":"2026-04-16T13:21:32","guid":{"rendered":"https:\/\/pericom.biz\/?post_type=product&#038;p=1457"},"modified":"2026-04-16T13:58:52","modified_gmt":"2026-04-16T13:58:52","slug":"multitouch-g-serie","status":"publish","type":"product","link":"https:\/\/pericom.biz\/?product=multitouch-g-serie","title":{"rendered":"Multitouch G-Serie"},"content":{"rendered":"<p>Die Multitouch G-Serie bietet hochwertige Touchpanels f\u00fcr die Schalttafelmontage. Mit einem 16&#8243; LED-TFT-Display und einer Aufl\u00f6sung von 1366 x 768 bietet sie eine klare und pr\u00e4zise Anzeige. Die Touchpanels sind mit kapazitivem Multitouch ausgestattet, das Gestenerkennung unterst\u00fctzt. Alternativ steht auch ein resistiver Glastouch zur Verf\u00fcgung. Sie bieten einen IP65-Schutz auf der Vorderseite und IP20 auf der R\u00fcckseite, um sie vor Staub und Wasser zu sch\u00fctzen. Die Embedded CPU Board basiert auf einem Cortex A8 CPU mit ultraniedriger Spannung von 1 GHz und verf\u00fcgt \u00fcber 512 MB LPDDR RAM, 1x RJ45 LAN (PoE), 2x USB A, 1x Mini-USB und einen microSDHC-Steckplatz. Die Betriebstemperatur reicht von 0 bis 50\u00b0C, w\u00e4hrend das Ger\u00e4t bei Lagerung Temperaturen von 0 bis 70\u00b0C standh\u00e4lt. Die relative Luftfeuchtigkeit sollte zwischen 10 und 90% liegen, ohne zu kondensieren. Die Spannungsversorgung erfolgt \u00fcber 24 VDC, und das Betriebssystem ist Android.<\/p>\n<h3><strong>Artikeldetails:<\/strong><\/h3>\n<table>\n<thead>\n<tr>\n<th>Eigenschaft<\/th>\n<th>Spezifikation<\/th>\n<\/tr>\n<\/thead>\n<tbody>\n<tr>\n<td>Display<\/td>\n<td>16&#8243; LED-TFT, 1366 x 768, 220cd\/m\u00b2<\/td>\n<\/tr>\n<tr>\n<td>Touch-Technologie<\/td>\n<td>Kapazitiver Multitouch mit Gestenerkennung (PCT) oder resistiver Glastouch (GFG)<\/td>\n<\/tr>\n<tr>\n<td>Schutzart<\/td>\n<td>IP 65 frontseitig, IP 20 r\u00fcckseitig<\/td>\n<\/tr>\n<tr>\n<td>CPU<\/td>\n<td>Cortex A8 CPU ultra low voltage 1GHz<\/td>\n<\/tr>\n<tr>\n<td>RAM<\/td>\n<td>512MB LPDDR RAM<\/td>\n<\/tr>\n<tr>\n<td>Anschl\u00fcsse<\/td>\n<td>1x RJ45 LAN (PoE), 2x USB A, 1x Mini-USB, microSDHC-Steckplatz<\/td>\n<\/tr>\n<tr>\n<td>Betriebstemperatur<\/td>\n<td>0 bis 50\u00b0C<\/td>\n<\/tr>\n<tr>\n<td>Lagertemperatur<\/td>\n<td>0 bis 70\u00b0C<\/td>\n<\/tr>\n<tr>\n<td>Relative Luftfeuchtigkeit<\/td>\n<td>10 bis 90%, nicht kondensierend<\/td>\n<\/tr>\n<tr>\n<td>Spannungsversorgung<\/td>\n<td>24 VDC<\/td>\n<\/tr>\n<tr>\n<td>Betriebssystem<\/td>\n<td>Android<\/td>\n<\/tr>\n<\/tbody>\n<\/table>\n","protected":false},"excerpt":{"rendered":"<div class=\"flex-1 overflow-hidden\">\n<div class=\"react-scroll-to-bottom--css-faoxq-79elbk h-full\">\n<div class=\"react-scroll-to-bottom--css-faoxq-1n7m0yu\">\n<div class=\"flex flex-col pb-9 text-sm\">\n<div class=\"w-full text-token-text-primary\" data-testid=\"conversation-turn-51\">\n<div class=\"px-4 py-2 justify-center text-base md:gap-6 m-auto\">\n<div class=\"flex flex-1 text-base mx-auto gap-3 md:px-5 lg:px-1 xl:px-5 md:max-w-3xl lg:max-w-[40rem] xl:max-w-[48rem] group final-completion\">\n<div class=\"relative flex w-full flex-col agent-turn\">\n<div class=\"flex-col gap-1 md:gap-3\">\n<div class=\"flex flex-grow flex-col max-w-full\">\n<div class=\"min-h-[20px] text-message flex flex-col items-start gap-3 whitespace-pre-wrap break-words [.text-message+&amp;]:mt-5 overflow-x-auto\" data-message-author-role=\"assistant\" data-message-id=\"a7b251b3-6ead-4ce2-8b6a-3d89a8581312\">\n<div class=\"markdown prose w-full break-words dark:prose-invert dark\">\n<p>Die Multitouch G-Serie bietet Touchpanels f\u00fcr die Schalttafelmontage mit einem klaren Display, kapazitivem Multitouch und einem robusten Design. Mit Android-Betriebssystem und IP65-Schutz eignen sie sich ideal f\u00fcr den Einsatz in anspruchsvollen Umgebungen.<\/p>\n<\/div>\n<\/div>\n<\/div>\n<\/div>\n<\/div>\n<\/div>\n<\/div>\n<\/div>\n<\/div>\n<\/div>\n<\/div>\n<\/div>\n","protected":false},"featured_media":1520,"comment_status":"open","ping_status":"closed","template":"","meta":[],"product_brand":[],"product_cat":[62,59],"product_tag":[],"class_list":{"0":"post-1457","1":"product","2":"type-product","3":"status-publish","4":"has-post-thumbnail","6":"product_cat-embedded-systeme","7":"product_cat-industrie-pc","9":"first","10":"instock","11":"taxable","12":"shipping-taxable","13":"product-type-simple"},"_links":{"self":[{"href":"https:\/\/pericom.biz\/index.php?rest_route=\/wp\/v2\/product\/1457","targetHints":{"allow":["GET"]}}],"collection":[{"href":"https:\/\/pericom.biz\/index.php?rest_route=\/wp\/v2\/product"}],"about":[{"href":"https:\/\/pericom.biz\/index.php?rest_route=\/wp\/v2\/types\/product"}],"replies":[{"embeddable":true,"href":"https:\/\/pericom.biz\/index.php?rest_route=%2Fwp%2Fv2%2Fcomments&post=1457"}],"wp:featuredmedia":[{"embeddable":true,"href":"https:\/\/pericom.biz\/index.php?rest_route=\/wp\/v2\/media\/1520"}],"wp:attachment":[{"href":"https:\/\/pericom.biz\/index.php?rest_route=%2Fwp%2Fv2%2Fmedia&parent=1457"}],"wp:term":[{"taxonomy":"product_brand","embeddable":true,"href":"https:\/\/pericom.biz\/index.php?rest_route=%2Fwp%2Fv2%2Fproduct_brand&post=1457"},{"taxonomy":"product_cat","embeddable":true,"href":"https:\/\/pericom.biz\/index.php?rest_route=%2Fwp%2Fv2%2Fproduct_cat&post=1457"},{"taxonomy":"product_tag","embeddable":true,"href":"https:\/\/pericom.biz\/index.php?rest_route=%2Fwp%2Fv2%2Fproduct_tag&post=1457"}],"curies":[{"name":"wp","href":"https:\/\/api.w.org\/{rel}","templated":true}]}}