{"id":1513,"date":"2026-04-16T13:54:37","date_gmt":"2026-04-16T13:54:37","guid":{"rendered":"https:\/\/pericom.biz\/?post_type=product&#038;p=1513"},"modified":"2026-04-16T14:24:10","modified_gmt":"2026-04-16T14:24:10","slug":"komplett-gekapselter-21-5-edelstahl-pc-st218","status":"publish","type":"product","link":"https:\/\/pericom.biz\/?product=komplett-gekapselter-21-5-edelstahl-pc-st218","title":{"rendered":"Komplett gekapselter 21.5&#8243; Edelstahl-PC ST218"},"content":{"rendered":"<p>Der ST218 ist ein komplett gekapselter 21,5-Zoll Edelstahl-PC, der speziell f\u00fcr den Einsatz in anspruchsvollen Umgebungen entwickelt wurde. Sein robustes Edelstahlgeh\u00e4use aus SUS304\/316 bietet eine hervorragende Best\u00e4ndigkeit gegen\u00fcber widrigen Bedingungen und ist gem\u00e4\u00df IP66\/IP69K rundum gesch\u00fctzt. Mit einem 21,5-Zoll TFT-Display und kapazitivem Touchscreen liefert er eine zuverl\u00e4ssige und benutzerfreundliche Bedienung. Angetrieben von einem leistungsstarken Intel\u00ae Celeron J6412 Prozessor bietet der ST218 eine erstklassige Leistung f\u00fcr verschiedene Anwendungen. Mit bis zu 32\u00a0 GB RAM und einer 128 GB SSD bietet er ausreichend Speicherplatz und Reaktionsf\u00e4higkeit. Der PC verf\u00fcgt \u00fcber eine Vielzahl von Anschl\u00fcssen, darunter 2 x GB LAN, 4 x USB, 4 x COM, Line Out und HDMI, sowie frontseitige USB- und RFID-Anschl\u00fcsse f\u00fcr eine einfache Konnektivit\u00e4t. Mit M12-Anschl\u00fcssen und einer Betriebsspannung von 12 bis 28 VDC ist er ideal f\u00fcr den Einsatz in industriellen Umgebungen geeignet.<\/p>\n<h3><strong>Artikeldetails:<\/strong><\/h3>\n<table>\n<thead>\n<tr>\n<th>Eigenschaft<\/th>\n<th>Spezifikation<\/th>\n<\/tr>\n<\/thead>\n<tbody>\n<tr>\n<td>Display<\/td>\n<td>21,5&#8243; TFT mit kapazitivem Touch<\/td>\n<\/tr>\n<tr>\n<td>Prozessor<\/td>\n<td>Intel\u00ae Celeron J6412<\/td>\n<\/tr>\n<tr>\n<td>Aufl\u00f6sung<\/td>\n<td>1920 x 1080 Pixel<\/td>\n<\/tr>\n<tr>\n<td>Arbeitsspeicher<\/td>\n<td>max. 32 GB RAM<\/td>\n<\/tr>\n<tr>\n<td>Speicher<\/td>\n<td>256 GB SSD<\/td>\n<\/tr>\n<tr>\n<td>Netzwerk<\/td>\n<td>2 x GB LAN<\/td>\n<\/tr>\n<tr>\n<td>USB-Anschl\u00fcsse<\/td>\n<td>4 x USB<\/td>\n<\/tr>\n<tr>\n<td>COM-Anschl\u00fcsse<\/td>\n<td>4 x COM<\/td>\n<\/tr>\n<tr>\n<td>Audio<\/td>\n<td>Line Out<\/td>\n<\/tr>\n<tr>\n<td>Video<\/td>\n<td>HDMI port<\/td>\n<\/tr>\n<tr>\n<td>Frontseitige Anschl\u00fcsse<\/td>\n<td>USB, RFID<\/td>\n<\/tr>\n<tr>\n<td>Anschl\u00fcsse<\/td>\n<td>M12<\/td>\n<\/tr>\n<tr>\n<td>Betriebsspannung<\/td>\n<td>12 bis 28 VDC<\/td>\n<\/tr>\n<tr>\n<td>Geh\u00e4usematerial<\/td>\n<td>Edelstahl SUS304\/316<\/td>\n<\/tr>\n<tr>\n<td>Schutzklasse<\/td>\n<td>IP66\/IP69K<\/td>\n<\/tr>\n<\/tbody>\n<\/table>\n<p>&nbsp;<\/p>\n","protected":false},"excerpt":{"rendered":"<p>Der ST218 ist ein komplett gekapselter 21,5-Zoll Edelstahl-PC, der speziell f\u00fcr den Einsatz in anspruchsvollen Umgebungen entwickelt wurde. Sein robustes Edelstahlgeh\u00e4use aus SUS304\/316 bietet eine hervorragende Best\u00e4ndigkeit gegen\u00fcber widrigen Bedingungen und ist gem\u00e4\u00df IP66\/IP69K rundum gesch\u00fctzt.<\/p>\n","protected":false},"featured_media":1575,"comment_status":"closed","ping_status":"closed","template":"","meta":[],"product_brand":[],"product_cat":[82,70],"product_tag":[],"class_list":{"0":"post-1513","1":"product","2":"type-product","3":"status-publish","4":"has-post-thumbnail","6":"product_cat-edelstahl-pc","7":"product_cat-panel-pc-2","9":"first","10":"instock","11":"downloadable","12":"taxable","13":"shipping-taxable","14":"product-type-simple"},"_links":{"self":[{"href":"https:\/\/pericom.biz\/index.php?rest_route=\/wp\/v2\/product\/1513","targetHints":{"allow":["GET"]}}],"collection":[{"href":"https:\/\/pericom.biz\/index.php?rest_route=\/wp\/v2\/product"}],"about":[{"href":"https:\/\/pericom.biz\/index.php?rest_route=\/wp\/v2\/types\/product"}],"replies":[{"embeddable":true,"href":"https:\/\/pericom.biz\/index.php?rest_route=%2Fwp%2Fv2%2Fcomments&post=1513"}],"wp:featuredmedia":[{"embeddable":true,"href":"https:\/\/pericom.biz\/index.php?rest_route=\/wp\/v2\/media\/1575"}],"wp:attachment":[{"href":"https:\/\/pericom.biz\/index.php?rest_route=%2Fwp%2Fv2%2Fmedia&parent=1513"}],"wp:term":[{"taxonomy":"product_brand","embeddable":true,"href":"https:\/\/pericom.biz\/index.php?rest_route=%2Fwp%2Fv2%2Fproduct_brand&post=1513"},{"taxonomy":"product_cat","embeddable":true,"href":"https:\/\/pericom.biz\/index.php?rest_route=%2Fwp%2Fv2%2Fproduct_cat&post=1513"},{"taxonomy":"product_tag","embeddable":true,"href":"https:\/\/pericom.biz\/index.php?rest_route=%2Fwp%2Fv2%2Fproduct_tag&post=1513"}],"curies":[{"name":"wp","href":"https:\/\/api.w.org\/{rel}","templated":true}]}}