{"id":1519,"date":"2026-04-16T13:57:53","date_gmt":"2026-04-16T13:57:53","guid":{"rendered":"https:\/\/pericom.biz\/?post_type=product&#038;p=1519"},"modified":"2026-04-16T14:26:20","modified_gmt":"2026-04-16T14:26:20","slug":"industrieller-edelstahl-pc-stf218","status":"publish","type":"product","link":"https:\/\/pericom.biz\/?product=industrieller-edelstahl-pc-stf218","title":{"rendered":"Industrieller Edelstahl-PC STF218"},"content":{"rendered":"<p>Der industrielle Edelstahl-PC ST218 bietet eine zuverl\u00e4ssige Leistung und eine robuste Bauweise f\u00fcr anspruchsvolle Anwendungen in industriellen Umgebungen. Mit seiner 21.5-Zoll-Edelstahlfront und der Schutzklasse IP65 ist dieser PC optimal f\u00fcr Umgebungen geeignet, die hohe Anforderungen an Zuverl\u00e4ssigkeit und Widerstandsf\u00e4higkeit haben.<\/p>\n<p>Das ST218 ist mit einem hochwertigen 21.5-Zoll-TFT-Display ausgestattet, das mit einem Projected Capactive Touch (PCT) erh\u00e4ltlich ist, um eine einfache und intuitive Bedienung zu erm\u00f6glichen. Mit einem Intel Celeron CPU J6412 CPU und bis zu 32 GB RAM bietet dieser PC eine leistungsstarke Performance f\u00fcr eine Vielzahl von Anwendungen.<\/p>\n<p>Der PC verf\u00fcgt \u00fcber umfangreiche Konnektivit\u00e4tsoptionen, darunter 2 x GB LAN, 4 x USB, 4 x COM, Line Out und einen HDMI-Port, um eine einfache Integration in bestehende Systeme zu erm\u00f6glichen. Mit einem Betriebsspannungsbereich von 9 bis 32 VDC ist der ST218 flexibel in verschiedenen Umgebungen einsetzbar.<\/p>\n<p>Das robuste Edelstahlgeh\u00e4use bietet zus\u00e4tzlichen Schutz vor mechanischen Einfl\u00fcssen und macht den PC ideal f\u00fcr den Einsatz in anspruchsvollen Umgebungen. Mit einem Betriebstemperaturbereich von -20 bis 60\u00b0C und dem Betriebssystem Win10 IoT\u00a0 ist der ST218 eine zuverl\u00e4ssige L\u00f6sung f\u00fcr industrielle Anwendungen.<\/p>\n<h3>Artikeldetails:<\/h3>\n<table>\n<thead>\n<tr>\n<th>Eigenschaft<\/th>\n<th>Spezifikation<\/th>\n<\/tr>\n<\/thead>\n<tbody>\n<tr>\n<td>Display<\/td>\n<td>21.5&#8243; TFT mit Projected Capactive Touch (PCT)<\/td>\n<\/tr>\n<tr>\n<td>Prozessor<\/td>\n<td>Intel Celeron J6412 CPU<\/td>\n<\/tr>\n<tr>\n<td>Aufl\u00f6sung<\/td>\n<td>1920 x 1080 Pixel<\/td>\n<\/tr>\n<tr>\n<td>RAM<\/td>\n<td>max. 32GB<\/td>\n<\/tr>\n<tr>\n<td>Speicher<\/td>\n<td>256 GB SSD<\/td>\n<\/tr>\n<tr>\n<td>Anschl\u00fcsse<\/td>\n<td>2 x GB LAN, 4 x USB, 4 x COM, Line Out, HDMI port<\/td>\n<\/tr>\n<tr>\n<td>Spannung<\/td>\n<td>9 bis 32 VDC<\/td>\n<\/tr>\n<tr>\n<td>Frontmaterial<\/td>\n<td>Edelstahl<\/td>\n<\/tr>\n<tr>\n<td>Schutzklasse<\/td>\n<td>IP65<\/td>\n<\/tr>\n<tr>\n<td>Betriebstemperatur<\/td>\n<td>0..50\u00b0C, optional -20 bis 60\u00b0C<\/td>\n<\/tr>\n<tr>\n<td>Betriebssystem<\/td>\n<td>Win10 IoT<\/td>\n<\/tr>\n<\/tbody>\n<\/table>\n<p>&nbsp;<\/p>\n","protected":false},"excerpt":{"rendered":"<p>Der industrielle Edelstahl-PC ST218 bietet eine zuverl\u00e4ssige Leistung und eine robuste Bauweise f\u00fcr anspruchsvolle Anwendungen in industriellen Umgebungen. Mit seiner 21.5-Zoll-Edelstahlfront und der Schutzklasse IP65 ist dieser PC optimal f\u00fcr Umgebungen geeignet, die hohe Anforderungen an Zuverl\u00e4ssigkeit und Widerstandsf\u00e4higkeit haben.<\/p>\n","protected":false},"featured_media":1585,"comment_status":"closed","ping_status":"closed","template":"","meta":[],"product_brand":[],"product_cat":[82,70],"product_tag":[],"class_list":{"0":"post-1519","1":"product","2":"type-product","3":"status-publish","4":"has-post-thumbnail","6":"product_cat-edelstahl-pc","7":"product_cat-panel-pc-2","9":"first","10":"instock","11":"downloadable","12":"taxable","13":"shipping-taxable","14":"product-type-simple"},"_links":{"self":[{"href":"https:\/\/pericom.biz\/index.php?rest_route=\/wp\/v2\/product\/1519","targetHints":{"allow":["GET"]}}],"collection":[{"href":"https:\/\/pericom.biz\/index.php?rest_route=\/wp\/v2\/product"}],"about":[{"href":"https:\/\/pericom.biz\/index.php?rest_route=\/wp\/v2\/types\/product"}],"replies":[{"embeddable":true,"href":"https:\/\/pericom.biz\/index.php?rest_route=%2Fwp%2Fv2%2Fcomments&post=1519"}],"wp:featuredmedia":[{"embeddable":true,"href":"https:\/\/pericom.biz\/index.php?rest_route=\/wp\/v2\/media\/1585"}],"wp:attachment":[{"href":"https:\/\/pericom.biz\/index.php?rest_route=%2Fwp%2Fv2%2Fmedia&parent=1519"}],"wp:term":[{"taxonomy":"product_brand","embeddable":true,"href":"https:\/\/pericom.biz\/index.php?rest_route=%2Fwp%2Fv2%2Fproduct_brand&post=1519"},{"taxonomy":"product_cat","embeddable":true,"href":"https:\/\/pericom.biz\/index.php?rest_route=%2Fwp%2Fv2%2Fproduct_cat&post=1519"},{"taxonomy":"product_tag","embeddable":true,"href":"https:\/\/pericom.biz\/index.php?rest_route=%2Fwp%2Fv2%2Fproduct_tag&post=1519"}],"curies":[{"name":"wp","href":"https:\/\/api.w.org\/{rel}","templated":true}]}}