{"id":1534,"date":"2026-04-16T14:05:36","date_gmt":"2026-04-16T14:05:36","guid":{"rendered":"https:\/\/pericom.biz\/?post_type=product&#038;p=1534"},"modified":"2026-04-16T14:27:10","modified_gmt":"2026-04-16T14:27:10","slug":"lufterloser-kompakter-bpc-3080","status":"publish","type":"product","link":"https:\/\/pericom.biz\/?product=lufterloser-kompakter-bpc-3080","title":{"rendered":"L\u00fcfterloser kompakter &#8211; BPC-3080"},"content":{"rendered":"<p>Der BPC-3080 ist ein l\u00fcfterloser und kompakter Box-PC, der auf der neuesten Whisky Lake CPU Platform von Intel basiert. Mit seiner robusten Bauweise und seiner leistungsstarken Hardware ist er ideal f\u00fcr anspruchsvolle industrielle Anwendungen geeignet. Ausgestattet mit einem Intel Core i5-8265U Quad Core CPU bietet der BPC-3080 zuverl\u00e4ssige Leistung und eine hohe Rechenleistung. Er unterst\u00fctzt eine maximale RAM-Kapazit\u00e4t von 32 GB und bietet eine breite Palette von Konnektivit\u00e4ts- und Erweiterungsoptionen, darunter 2 x Gigabit Ethernet, Line Out, Micro In, 4 Com Ports, 6 x USB, 8 bit GPIO, 2 x HDMI und 1 x mini PCIe. Mit einer SSD-Kapazit\u00e4t von 128 GB bietet dieser Box-PC schnellen und sicheren Datenspeicher. Der BPC-3080 ist f\u00fcr den Einsatz in einem breiten Temperaturbereich von -20 bis 60\u00b0C ausgelegt und unterst\u00fctzt eine Versorgungsspannung von 9 bis 36 VDC. Er kann mit den Betriebssystemen Win10-IoT, Win10 Prof. oder Linux betrieben werden, um den individuellen Anforderungen verschiedener Anwendungen gerecht zu werden.<\/p>\n<h3><strong>Artikeldetails:<\/strong><\/h3>\n<table>\n<thead>\n<tr>\n<th>Eigenschaft<\/th>\n<th>Spezifikation<\/th>\n<\/tr>\n<\/thead>\n<tbody>\n<tr>\n<td>CPU<\/td>\n<td>Intel Core i5-8265U Quad Core CPU<\/td>\n<\/tr>\n<tr>\n<td>RAM<\/td>\n<td>Max. 32 GB<\/td>\n<\/tr>\n<tr>\n<td>Ethernet<\/td>\n<td>2 x Gigabit Ethernet<\/td>\n<\/tr>\n<tr>\n<td>Audio<\/td>\n<td>Line Out, Micro In<\/td>\n<\/tr>\n<tr>\n<td>COM Ports<\/td>\n<td>4 Com Ports<\/td>\n<\/tr>\n<tr>\n<td>USB<\/td>\n<td>6 x USB<\/td>\n<\/tr>\n<tr>\n<td>GPIO<\/td>\n<td>8 bit GPIO<\/td>\n<\/tr>\n<tr>\n<td>HDMI Ports<\/td>\n<td>2 x HDMI<\/td>\n<\/tr>\n<tr>\n<td>Erweiterung<\/td>\n<td>1 x mini PCIe<\/td>\n<\/tr>\n<tr>\n<td>Speicher<\/td>\n<td>SSD 128 GB<\/td>\n<\/tr>\n<tr>\n<td>Betriebstemperatur<\/td>\n<td>-20 bis 60\u00b0C<\/td>\n<\/tr>\n<tr>\n<td>Versorgungsspannung<\/td>\n<td>9 bis 36 VDC<\/td>\n<\/tr>\n<tr>\n<td>Betriebssystem<\/td>\n<td>Win10-IoT, Win10 Prof. oder Linux<\/td>\n<\/tr>\n<\/tbody>\n<\/table>\n<h2>Downloads:<\/h2>\n<p><a href=\"https:\/\/pericom.biz\/wp-content\/uploads\/woocommerce_uploads\/2024\/02\/datasheet_bpc-3080-20200327_pericom-ebz3nw.pdf\"><span style=\"color: #0000ff;\">Datenblatt BPC-3080<\/span><\/a><\/p>\n<p>&nbsp;<\/p>\n","protected":false},"excerpt":{"rendered":"<div class=\"flex-1 overflow-hidden\">\n<div class=\"react-scroll-to-bottom--css-ikvvi-79elbk h-full\">\n<div class=\"react-scroll-to-bottom--css-ikvvi-1n7m0yu\">\n<div class=\"flex flex-col pb-9 text-sm\">\n<div class=\"w-full text-token-text-primary\" data-testid=\"conversation-turn-156\">\n<div class=\"px-4 py-2 justify-center text-base md:gap-6 m-auto\">\n<div class=\"flex flex-1 text-base mx-auto gap-3 md:px-5 lg:px-1 xl:px-5 md:max-w-3xl lg:max-w-[40rem] xl:max-w-[48rem] group final-completion\">\n<div class=\"relative flex w-full flex-col agent-turn\">\n<div class=\"flex-col gap-1 md:gap-3\">\n<div class=\"flex flex-grow flex-col max-w-full\">\n<div class=\"min-h-[20px] text-message flex flex-col items-start gap-3 whitespace-pre-wrap break-words [.text-message+&amp;]:mt-5 overflow-x-auto\" data-message-author-role=\"assistant\" data-message-id=\"12b4b7f6-8150-460f-a303-63f417ad3459\">\n<div class=\"markdown prose w-full break-words dark:prose-invert dark\">\n<p>L\u00fcfterloser und kompakter Box-PC mit neuester Intel Whisky Lake CPU Platform, der hohe Leistung und Zuverl\u00e4ssigkeit f\u00fcr industrielle Anwendungen bietet.<\/p>\n<\/div>\n<\/div>\n<\/div>\n<\/div>\n<\/div>\n<\/div>\n<\/div>\n<\/div>\n<\/div>\n<\/div>\n<\/div>\n<\/div>\n","protected":false},"featured_media":1603,"comment_status":"open","ping_status":"closed","template":"","meta":[],"product_brand":[],"product_cat":[86,87],"product_tag":[],"class_list":{"0":"post-1534","1":"product","2":"type-product","3":"status-publish","4":"has-post-thumbnail","6":"product_cat-embedded-box-pc","7":"product_cat-kompakte-box-pcs","9":"first","10":"instock","11":"downloadable","12":"taxable","13":"shipping-taxable","14":"product-type-simple"},"_links":{"self":[{"href":"https:\/\/pericom.biz\/index.php?rest_route=\/wp\/v2\/product\/1534","targetHints":{"allow":["GET"]}}],"collection":[{"href":"https:\/\/pericom.biz\/index.php?rest_route=\/wp\/v2\/product"}],"about":[{"href":"https:\/\/pericom.biz\/index.php?rest_route=\/wp\/v2\/types\/product"}],"replies":[{"embeddable":true,"href":"https:\/\/pericom.biz\/index.php?rest_route=%2Fwp%2Fv2%2Fcomments&post=1534"}],"wp:featuredmedia":[{"embeddable":true,"href":"https:\/\/pericom.biz\/index.php?rest_route=\/wp\/v2\/media\/1603"}],"wp:attachment":[{"href":"https:\/\/pericom.biz\/index.php?rest_route=%2Fwp%2Fv2%2Fmedia&parent=1534"}],"wp:term":[{"taxonomy":"product_brand","embeddable":true,"href":"https:\/\/pericom.biz\/index.php?rest_route=%2Fwp%2Fv2%2Fproduct_brand&post=1534"},{"taxonomy":"product_cat","embeddable":true,"href":"https:\/\/pericom.biz\/index.php?rest_route=%2Fwp%2Fv2%2Fproduct_cat&post=1534"},{"taxonomy":"product_tag","embeddable":true,"href":"https:\/\/pericom.biz\/index.php?rest_route=%2Fwp%2Fv2%2Fproduct_tag&post=1534"}],"curies":[{"name":"wp","href":"https:\/\/api.w.org\/{rel}","templated":true}]}}