{"id":1690,"date":"2026-04-16T14:42:50","date_gmt":"2026-04-16T14:42:50","guid":{"rendered":"https:\/\/pericom.biz\/?post_type=product&#038;p=1690"},"modified":"2026-04-16T15:18:19","modified_gmt":"2026-04-16T15:18:19","slug":"panel-designer-konfigurationssoftware-fur-pevizz-touch-panels-und-s-box","status":"publish","type":"product","link":"https:\/\/pericom.biz\/?product=panel-designer-konfigurationssoftware-fur-pevizz-touch-panels-und-s-box","title":{"rendered":"Panel Designer &#8211; Konfigurationssoftware f\u00fcr pevizz Touch Panels und S-Box"},"content":{"rendered":"<p><span style=\"vertical-align: inherit;\"><span style=\"vertical-align: inherit;\">Der Panel Designer ist eine hochmoderne Konfigurationssoftware, die speziell f\u00fcr die pevizz Touch Panels der Serien pa, pk2, pt2, px und die S-Box entwickelt wurde. Mit einer Vielzahl leistungsstarker Funktionen erm\u00f6glicht es dem Benutzer, benutzerdefinierte Bedienoberfl\u00e4chen zu erstellen und die Funktionalit\u00e4t der Touch Panels und S-Box gem\u00e4\u00df den individuellen Anforderungen anzupassen.<\/span><\/span><\/p>\n<p><span style=\"vertical-align: inherit;\"><span style=\"vertical-align: inherit;\">Die Software bietet eine intuitive Benutzeroberfl\u00e4che und unterst\u00fctzt mehrere Sprachen, was die Bedienung und Anpassung an verschiedene Benutzer erleichtert. Mit der integrierten Loadout k\u00f6nnen hochwertige Grafiken und Symbole erstellt und in das Design der Benutzeroberfl\u00e4che integriert werden.<\/span><\/span><\/p>\n<p><span style=\"vertical-align: inherit;\"><span style=\"vertical-align: inherit;\">Zu den Funktionen des Panel Designers geh\u00f6ren die Erstellung und Verwaltung von Rezepturen, das Alarmhandling f\u00fcr die \u00dcberwachung und Benachrichtigung bei Ereignissen, das Data Logging zur Aufzeichnung von Prozessdaten, sowie eine umfangreiche Bibliothek mit 500 Treibern f\u00fcr die Anbindung an verschiedene Steuerungssysteme.<\/span><\/span><\/p>\n<p><span style=\"vertical-align: inherit;\"><span style=\"vertical-align: inherit;\">Die Software unterst\u00fctzt auch eine Simulationsfunktion, mit der der Benutzer ihre erstellten Projekte vor der Bereitstellung auf den Touch Panels oder der S-Box testen kann, um sicherzustellen, dass alles wie erwartet funktioniert.<\/span><\/span><\/p>\n<p><span style=\"vertical-align: inherit;\"><span style=\"vertical-align: inherit;\">Dar\u00fcber hinaus ist der Panel Designer mit dem IDCS (Inter Device Connection Service) kompatibel, was einen nahtlosen Fernzugriff und Datenaustausch zwischen den Touch Panels, der S-Box und anderen Ger\u00e4ten erm\u00f6glicht.<\/span><\/span><\/p>\n<h3><strong><span style=\"vertical-align: inherit;\"><span style=\"vertical-align: inherit;\">Artikeldetails:<\/span><\/span><\/strong><\/h3>\n<table>\n<thead>\n<tr>\n<th><span style=\"vertical-align: inherit;\"><span style=\"vertical-align: inherit;\">Eigenschaften<\/span><\/span><\/th>\n<th><span style=\"vertical-align: inherit;\"><span style=\"vertical-align: inherit;\">Spezifikation<\/span><\/span><\/th>\n<\/tr>\n<\/thead>\n<tbody>\n<tr>\n<td><span style=\"vertical-align: inherit;\"><span style=\"vertical-align: inherit;\">Unterst\u00fctzte Ger\u00e4te<\/span><\/span><\/td>\n<td><span style=\"vertical-align: inherit;\"><span style=\"vertical-align: inherit;\">pevizz Touch Panels der Serien pa, pk2, pt2, px und S-Box<\/span><\/span><\/td>\n<\/tr>\n<tr>\n<td><span style=\"vertical-align: inherit;\"><span style=\"vertical-align: inherit;\">Sprachen<\/span><\/span><\/td>\n<td><span style=\"vertical-align: inherit;\"><span style=\"vertical-align: inherit;\">Mehrsprachig<\/span><\/span><\/td>\n<\/tr>\n<tr>\n<td><span style=\"vertical-align: inherit;\"><span style=\"vertical-align: inherit;\">Grafik<\/span><\/span><\/td>\n<td><span style=\"vertical-align: inherit;\"><span style=\"vertical-align: inherit;\">Last<\/span><\/span><\/td>\n<\/tr>\n<tr>\n<td><span style=\"vertical-align: inherit;\"><span style=\"vertical-align: inherit;\">Funktionen<\/span><\/span><\/td>\n<td><span style=\"vertical-align: inherit;\"><span style=\"vertical-align: inherit;\">Rezepturen, Alarmhandling, Datenprotokollierung, Simulation, IDCS<\/span><\/span><\/td>\n<\/tr>\n<tr>\n<td><span style=\"vertical-align: inherit;\"><span style=\"vertical-align: inherit;\">Treiber<\/span><\/span><\/td>\n<td><span style=\"vertical-align: inherit;\"><span style=\"vertical-align: inherit;\">500<\/span><\/span><\/td>\n<\/tr>\n<\/tbody>\n<\/table>\n<p>&nbsp;<\/p>\n","protected":false},"excerpt":{"rendered":"<p><span style=\"vertical-align: inherit;\"><span style=\"vertical-align: inherit;\">Der Panel Designer ist eine benutzerfreundliche Konfigurationssoftware, mit der der Benutzer benutzerdefinierte Bedienoberfl\u00e4chen f\u00fcr pevizz Touch Panels und S-Box erstellen kann. Mit Funktionen wie Load, Rezepturen, Alarmhandling und Data Logging bietet er umfassende M\u00f6glichkeiten zur Anpassung und \u00dcberwachung industrieller Prozesse.<\/span><\/span><\/p>\n","protected":false},"featured_media":1758,"comment_status":"closed","ping_status":"closed","template":"","meta":[],"product_brand":[],"product_cat":[107,98],"product_tag":[],"class_list":{"0":"post-1690","1":"product","2":"type-product","3":"status-publish","4":"has-post-thumbnail","6":"product_cat-software-sps-bedienpanels","7":"product_cat-sps-bedienpanels","9":"first","10":"instock","11":"downloadable","12":"taxable","13":"shipping-taxable","14":"product-type-simple"},"_links":{"self":[{"href":"https:\/\/pericom.biz\/index.php?rest_route=\/wp\/v2\/product\/1690","targetHints":{"allow":["GET"]}}],"collection":[{"href":"https:\/\/pericom.biz\/index.php?rest_route=\/wp\/v2\/product"}],"about":[{"href":"https:\/\/pericom.biz\/index.php?rest_route=\/wp\/v2\/types\/product"}],"replies":[{"embeddable":true,"href":"https:\/\/pericom.biz\/index.php?rest_route=%2Fwp%2Fv2%2Fcomments&post=1690"}],"wp:featuredmedia":[{"embeddable":true,"href":"https:\/\/pericom.biz\/index.php?rest_route=\/wp\/v2\/media\/1758"}],"wp:attachment":[{"href":"https:\/\/pericom.biz\/index.php?rest_route=%2Fwp%2Fv2%2Fmedia&parent=1690"}],"wp:term":[{"taxonomy":"product_brand","embeddable":true,"href":"https:\/\/pericom.biz\/index.php?rest_route=%2Fwp%2Fv2%2Fproduct_brand&post=1690"},{"taxonomy":"product_cat","embeddable":true,"href":"https:\/\/pericom.biz\/index.php?rest_route=%2Fwp%2Fv2%2Fproduct_cat&post=1690"},{"taxonomy":"product_tag","embeddable":true,"href":"https:\/\/pericom.biz\/index.php?rest_route=%2Fwp%2Fv2%2Fproduct_tag&post=1690"}],"curies":[{"name":"wp","href":"https:\/\/api.w.org\/{rel}","templated":true}]}}