{"id":1732,"date":"2026-04-16T15:01:03","date_gmt":"2026-04-16T15:01:03","guid":{"rendered":"https:\/\/pericom.biz\/?post_type=product&#038;p=1732"},"modified":"2026-04-16T15:45:43","modified_gmt":"2026-04-16T15:45:43","slug":"4-3-web-panel","status":"publish","type":"product","link":"https:\/\/pericom.biz\/?product=4-3-web-panel","title":{"rendered":"4.3&#8243; Web-Panel"},"content":{"rendered":"<p>Das N04B-N ist ein kompaktes Web-Panel mit einem 4,3-Zoll-TFT-Display, einem resistiven 4-Draht-Touchscreen und einem integrierten Microbrowser. Mit seinen kompakten Abmessungen eignet es sich ideal f\u00fcr Anwendungen, bei denen Platz eine begrenzte Ressource ist.<\/p>\n<p>Das Panel verf\u00fcgt \u00fcber ein 4,3-Zoll-TFT-Display mit einer Aufl\u00f6sung von 480 x 272 Pixeln und LED-Hintergrundbeleuchtung f\u00fcr klare Anzeigeergebnisse. Die CPU ist ein ARM9 mit 400 MHz, der f\u00fcr zuverl\u00e4ssige Leistung sorgt.<\/p>\n<p>Der resistive 4-Draht-Touchscreen erm\u00f6glicht pr\u00e4zise Ber\u00fchrungseingaben und eine einfache Bedienung. Die integrierte Ethernet-Konnektivit\u00e4t erleichtert die Integration in Netzwerke.<\/p>\n<p>Das Panel kann mit einer Betriebsspannung von 12 bis 24 VDC betrieben werden und bietet einen integrierten Microbrowser, der den Zugriff auf Webinhalte direkt \u00fcber das Panel erm\u00f6glicht.<\/p>\n<h3><strong>Artikeldetails:<\/strong><\/h3>\n<table>\n<thead>\n<tr>\n<th>Eigenschaften<\/th>\n<th>Spezifikation<\/th>\n<\/tr>\n<\/thead>\n<tbody>\n<tr>\n<td>Displaygr\u00f6\u00dfe<\/td>\n<td>4,3 Zoll<\/td>\n<\/tr>\n<tr>\n<td>Aufl\u00f6sung<\/td>\n<td>480 x 272 Pixel<\/td>\n<\/tr>\n<tr>\n<td>Touchscreen<\/td>\n<td>Resistiver 4-Draht<\/td>\n<\/tr>\n<tr>\n<td>Prozessor<\/td>\n<td>ARM9 mit 400 MHz<\/td>\n<\/tr>\n<tr>\n<td>Bildspeicher<\/td>\n<td>64 MB<\/td>\n<\/tr>\n<tr>\n<td>Kommunikation<\/td>\n<td>Ethernet<\/td>\n<\/tr>\n<tr>\n<td>Betriebsspannung<\/td>\n<td>12 bis 24 VDC<\/td>\n<\/tr>\n<tr>\n<td>Integrierter Browser<\/td>\n<td>Ja<\/td>\n<\/tr>\n<\/tbody>\n<\/table>\n","protected":false},"excerpt":{"rendered":"<div class=\"flex-1 overflow-hidden\">\n<div class=\"react-scroll-to-bottom--css-feybq-79elbk h-full\">\n<div class=\"react-scroll-to-bottom--css-feybq-1n7m0yu\">\n<div class=\"flex flex-col pb-9 text-sm\">\n<div class=\"w-full text-token-text-primary\" data-testid=\"conversation-turn-290\">\n<div class=\"px-4 py-2 justify-center text-base md:gap-6 m-auto\">\n<div class=\"flex flex-1 text-base mx-auto gap-3 md:px-5 lg:px-1 xl:px-5 md:max-w-3xl lg:max-w-[40rem] xl:max-w-[48rem] group final-completion\">\n<div class=\"relative flex w-full flex-col agent-turn\">\n<div class=\"flex-col gap-1 md:gap-3\">\n<div class=\"flex flex-grow flex-col max-w-full\">\n<div class=\"min-h-[20px] text-message flex flex-col items-start gap-3 whitespace-pre-wrap break-words [.text-message+&amp;]:mt-5 overflow-x-auto\" data-message-author-role=\"assistant\" data-message-id=\"72e726c1-3a96-4e6f-822f-b9a42118e19f\">\n<div class=\"markdown prose w-full break-words dark:prose-invert dark\">\n<p>Das N04B-N ist ein kompaktes 4.3&#8243; Web-Panel mit resistivem Touchscreen und integriertem Microbrowser, ideal f\u00fcr Anwendungen mit begrenztem Platzangebot.<\/p>\n<\/div>\n<\/div>\n<\/div>\n<\/div>\n<\/div>\n<\/div>\n<\/div>\n<\/div>\n<\/div>\n<\/div>\n<\/div>\n<\/div>\n","protected":false},"featured_media":1801,"comment_status":"closed","ping_status":"closed","template":"","meta":[],"product_brand":[],"product_cat":[116,109],"product_tag":[],"class_list":{"0":"post-1732","1":"product","2":"type-product","3":"status-publish","4":"has-post-thumbnail","6":"product_cat-n-serie","7":"product_cat-web-panel-2","9":"first","10":"instock","11":"downloadable","12":"virtual","13":"taxable","14":"product-type-simple"},"_links":{"self":[{"href":"https:\/\/pericom.biz\/index.php?rest_route=\/wp\/v2\/product\/1732","targetHints":{"allow":["GET"]}}],"collection":[{"href":"https:\/\/pericom.biz\/index.php?rest_route=\/wp\/v2\/product"}],"about":[{"href":"https:\/\/pericom.biz\/index.php?rest_route=\/wp\/v2\/types\/product"}],"replies":[{"embeddable":true,"href":"https:\/\/pericom.biz\/index.php?rest_route=%2Fwp%2Fv2%2Fcomments&post=1732"}],"wp:featuredmedia":[{"embeddable":true,"href":"https:\/\/pericom.biz\/index.php?rest_route=\/wp\/v2\/media\/1801"}],"wp:attachment":[{"href":"https:\/\/pericom.biz\/index.php?rest_route=%2Fwp%2Fv2%2Fmedia&parent=1732"}],"wp:term":[{"taxonomy":"product_brand","embeddable":true,"href":"https:\/\/pericom.biz\/index.php?rest_route=%2Fwp%2Fv2%2Fproduct_brand&post=1732"},{"taxonomy":"product_cat","embeddable":true,"href":"https:\/\/pericom.biz\/index.php?rest_route=%2Fwp%2Fv2%2Fproduct_cat&post=1732"},{"taxonomy":"product_tag","embeddable":true,"href":"https:\/\/pericom.biz\/index.php?rest_route=%2Fwp%2Fv2%2Fproduct_tag&post=1732"}],"curies":[{"name":"wp","href":"https:\/\/api.w.org\/{rel}","templated":true}]}}