{"id":1739,"date":"2026-04-16T15:06:08","date_gmt":"2026-04-16T15:06:08","guid":{"rendered":"https:\/\/pericom.biz\/?post_type=product&#038;p=1739"},"modified":"2026-04-16T15:47:44","modified_gmt":"2026-04-16T15:47:44","slug":"telemetriemodul-105u-l","status":"publish","type":"product","link":"https:\/\/pericom.biz\/?product=telemetriemodul-105u-l","title":{"rendered":"Telemetriemodul 105U-L"},"content":{"rendered":"<p>Das Telemetriemodul 105U-L-P erm\u00f6glicht die unidirektionale \u00dcbertragung von 1 digitalem und 1 analogen Signal. Es besteht aus einem Sendemodul (105U-L-T) und einem Empfangsmodul (105U-L-R), die kombiniert werden k\u00f6nnen, um drahtlose Kommunikation f\u00fcr verschiedene Anwendungen zu erm\u00f6glichen. Das Modul ist auch mit dem 915U-2 kombinierbar.<\/p>\n<p>Das System arbeitet im lizenzfreien 869 MHz Bereich und kann entweder als Sender oder Empf\u00e4nger konfiguriert werden. Mit einer Sendeleistung von 500 mW bietet es eine zuverl\u00e4ssige Signal\u00fcbertragung \u00fcber Entfernungen von bis zu mehreren hundert Metern.<\/p>\n<p>Das Sendemodul verf\u00fcgt \u00fcber 2 digitale Eing\u00e4nge und 1 Analogeingang, w\u00e4hrend das Empfangsmodul 3 digitale Ausg\u00e4nge und 1 Analogausgang bietet. Das Modul wird als Paket vorkonfiguriert mit Antennen geliefert und bietet integrierte Diagnosefunktionen f\u00fcr eine einfache Fehlerbehebung.<\/p>\n<p>Das Telemetriemodul wird mit einer Spannungsversorgung von 24 VDC betrieben und eignet sich ideal f\u00fcr Anwendungen, bei denen eine drahtlose Signal\u00fcbertragung erforderlich ist.<\/p>\n<h3><strong>Artikeldetails:<\/strong><\/h3>\n<table>\n<thead>\n<tr>\n<th>Eigenschaften<\/th>\n<th>Spezifikation<\/th>\n<\/tr>\n<\/thead>\n<tbody>\n<tr>\n<td>Frequenzbereich<\/td>\n<td>Lizenzfrei 869 MHz<\/td>\n<\/tr>\n<tr>\n<td>Sendeleistung<\/td>\n<td>500 mW<\/td>\n<\/tr>\n<tr>\n<td>Konfiguration<\/td>\n<td>Sender oder Empf\u00e4nger<\/td>\n<\/tr>\n<tr>\n<td>Digitale Ein-\/Ausg\u00e4nge<\/td>\n<td>&#8211; Sender: 2 digitale Eing\u00e4nge &lt;br&gt; &#8211; Empf\u00e4nger: 3 digitale Ausg\u00e4nge<\/td>\n<\/tr>\n<tr>\n<td>Analogeing\u00e4nge\/Ausgang<\/td>\n<td>&#8211; Sender: 1 Analogeingang &lt;br&gt; &#8211; Empf\u00e4nger: 1 Analogausgang<\/td>\n<\/tr>\n<tr>\n<td>Vorkonfiguration<\/td>\n<td>Als Paket mit Antennen erh\u00e4ltlich<\/td>\n<\/tr>\n<tr>\n<td>Diagnose<\/td>\n<td>Integrierte Diagnose<\/td>\n<\/tr>\n<tr>\n<td>Betriebsspannung<\/td>\n<td>24 VDC<\/td>\n<\/tr>\n<\/tbody>\n<\/table>\n<p>&nbsp;<\/p>\n","protected":false},"excerpt":{"rendered":"<p>Das Telemetriemodul 105U-L-P erm\u00f6glicht die unidirektionale \u00dcbertragung von digitalen und analogen Signalen und besteht aus einem Sender- und einem Empf\u00e4ngermodul. Es arbeitet im lizenzfreien 869 MHz Bereich und bietet eine zuverl\u00e4ssige Signal\u00fcbertragung \u00fcber Entfernungen von bis zu mehreren hundert Metern. Mit vorkonfigurierten Paketen inklusive Antennen und integrierter Diagnose ist es ideal f\u00fcr verschiedene Anwendungen geeignet.<\/p>\n","protected":false},"featured_media":1805,"comment_status":"closed","ping_status":"closed","template":"","meta":[],"product_brand":[],"product_cat":[117,118],"product_tag":[],"class_list":{"0":"post-1739","1":"product","2":"type-product","3":"status-publish","4":"has-post-thumbnail","6":"product_cat-datenfunk","7":"product_cat-wireless-i-o","9":"first","10":"instock","11":"downloadable","12":"taxable","13":"shipping-taxable","14":"product-type-simple"},"_links":{"self":[{"href":"https:\/\/pericom.biz\/index.php?rest_route=\/wp\/v2\/product\/1739","targetHints":{"allow":["GET"]}}],"collection":[{"href":"https:\/\/pericom.biz\/index.php?rest_route=\/wp\/v2\/product"}],"about":[{"href":"https:\/\/pericom.biz\/index.php?rest_route=\/wp\/v2\/types\/product"}],"replies":[{"embeddable":true,"href":"https:\/\/pericom.biz\/index.php?rest_route=%2Fwp%2Fv2%2Fcomments&post=1739"}],"wp:featuredmedia":[{"embeddable":true,"href":"https:\/\/pericom.biz\/index.php?rest_route=\/wp\/v2\/media\/1805"}],"wp:attachment":[{"href":"https:\/\/pericom.biz\/index.php?rest_route=%2Fwp%2Fv2%2Fmedia&parent=1739"}],"wp:term":[{"taxonomy":"product_brand","embeddable":true,"href":"https:\/\/pericom.biz\/index.php?rest_route=%2Fwp%2Fv2%2Fproduct_brand&post=1739"},{"taxonomy":"product_cat","embeddable":true,"href":"https:\/\/pericom.biz\/index.php?rest_route=%2Fwp%2Fv2%2Fproduct_cat&post=1739"},{"taxonomy":"product_tag","embeddable":true,"href":"https:\/\/pericom.biz\/index.php?rest_route=%2Fwp%2Fv2%2Fproduct_tag&post=1739"}],"curies":[{"name":"wp","href":"https:\/\/api.w.org\/{rel}","templated":true}]}}