{"id":1757,"date":"2026-04-16T15:17:20","date_gmt":"2026-04-16T15:17:20","guid":{"rendered":"https:\/\/pericom.biz\/?post_type=product&#038;p=1757"},"modified":"2026-04-16T15:55:21","modified_gmt":"2026-04-16T15:55:21","slug":"641m-2-robuster-industrieller-4g-router-fur-iot-anwendungen","status":"publish","type":"product","link":"https:\/\/pericom.biz\/?product=641m-2-robuster-industrieller-4g-router-fur-iot-anwendungen","title":{"rendered":"641M-2: Robuster industrieller 4G-Router f\u00fcr IoT-Anwendungen"},"content":{"rendered":"<p>Der 641M-2 ist ein industrieller 4G-Router, der speziell f\u00fcr IoT-Anwendungen entwickelt wurde und eine zuverl\u00e4ssige Konnektivit\u00e4t in anspruchsvollen Umgebungen bietet. Mit Unterst\u00fctzung f\u00fcr 4G LTE, Dual-SIM-Funktionalit\u00e4t und einer Vielzahl von Schnittstellen ist dieser Router ideal f\u00fcr eine Vielzahl von industriellen und IoT-Anwendungen geeignet.<\/p>\n<p>Mit zwei Antennenports gew\u00e4hrleistet der 641M-2 eine optimale Signalst\u00e4rke, w\u00e4hrend zwei Ethernet-Ports die Verbindung zu Netzwerkger\u00e4ten erleichtern. Dar\u00fcber hinaus erm\u00f6glichen RS232- und RS485-Schnittstellen die Integration in bestehende Systeme, und zwei digitale Ein- und Ausg\u00e4nge erm\u00f6glichen die Erfassung und Steuerung von Signalen.<\/p>\n<p>Der 641M-2 kann innerhalb eines Spannungsbereichs von 9 bis 28 VDC betrieben werden und l\u00e4sst sich dank seiner DIN-Schienenmontage flexibel installieren. Er bietet sowohl Client- als auch Routerkonfigurationsoptionen sowie robuste Sicherheitsfunktionen wie VPN-, IPSec- und GRE-Protokolle.<\/p>\n<p>Die Unterst\u00fctzung von Kommunikationsprotokollen wie Modbus RTU, TCO und MQTT verbessert seine Vielseitigkeit zus\u00e4tzlich und macht ihn f\u00fcr vielf\u00e4ltige industrielle Anwendungen geeignet.<\/p>\n<h3><strong>Artikeldetails:<\/strong><\/h3>\n<table>\n<thead>\n<tr>\n<th>Eigenschaft<\/th>\n<th>Spezifikation<\/th>\n<\/tr>\n<\/thead>\n<tbody>\n<tr>\n<td>Netzwerkunterst\u00fctzung<\/td>\n<td>4G LTE<\/td>\n<\/tr>\n<tr>\n<td>Antennenports<\/td>\n<td>2<\/td>\n<\/tr>\n<tr>\n<td>Ethernet-Ports<\/td>\n<td>2<\/td>\n<\/tr>\n<tr>\n<td>Serielle Schnittstellen<\/td>\n<td>RS232, RS485<\/td>\n<\/tr>\n<tr>\n<td>Digitale Ein- \/ Ausg\u00e4nge<\/td>\n<td>2 Eing\u00e4nge, 2 Ausg\u00e4nge<\/td>\n<\/tr>\n<tr>\n<td>SIM-Slots<\/td>\n<td>Dual SIM<\/td>\n<\/tr>\n<tr>\n<td>Stromversorgung<\/td>\n<td>9 bis 28 VDC<\/td>\n<\/tr>\n<tr>\n<td>Montage<\/td>\n<td>DIN-Schiene<\/td>\n<\/tr>\n<tr>\n<td>Konfiguration<\/td>\n<td>Client oder Router<\/td>\n<\/tr>\n<tr>\n<td>Sicherheitsprotokolle<\/td>\n<td>VPN, IPSec, GRE<\/td>\n<\/tr>\n<tr>\n<td>Kommunikationsprotokolle<\/td>\n<td>Modbus RTU, TCO, MQTT<\/td>\n<\/tr>\n<\/tbody>\n<\/table>\n","protected":false},"excerpt":{"rendered":"<div class=\"flex-1 overflow-hidden\">\n<div class=\"react-scroll-to-bottom--css-feybq-79elbk h-full\">\n<div class=\"react-scroll-to-bottom--css-feybq-1n7m0yu\">\n<div class=\"flex flex-col pb-9 text-sm\">\n<div class=\"w-full text-token-text-primary\" data-testid=\"conversation-turn-316\">\n<div class=\"px-4 py-2 justify-center text-base md:gap-6 m-auto\">\n<div class=\"flex flex-1 text-base mx-auto gap-3 md:px-5 lg:px-1 xl:px-5 md:max-w-3xl lg:max-w-[40rem] xl:max-w-[48rem] group final-completion\">\n<div class=\"relative flex w-full flex-col agent-turn\">\n<div class=\"flex-col gap-1 md:gap-3\">\n<div class=\"flex flex-grow flex-col max-w-full\">\n<div class=\"min-h-[20px] text-message flex flex-col items-start gap-3 whitespace-pre-wrap break-words [.text-message+&amp;]:mt-5 overflow-x-auto\" data-message-author-role=\"assistant\" data-message-id=\"60d8d13a-c9cf-4417-a33f-130a4e244770\">\n<div class=\"markdown prose w-full break-words dark:prose-invert dark\">\n<p>Industrieller 4G IoT-Router<\/p>\n<\/div>\n<\/div>\n<\/div>\n<\/div>\n<\/div>\n<\/div>\n<\/div>\n<\/div>\n<\/div>\n<\/div>\n<\/div>\n<\/div>\n","protected":false},"featured_media":1819,"comment_status":"open","ping_status":"closed","template":"","meta":[],"product_brand":[],"product_cat":[117,120],"product_tag":[],"class_list":{"0":"post-1757","1":"product","2":"type-product","3":"status-publish","4":"has-post-thumbnail","6":"product_cat-datenfunk","7":"product_cat-mobilfunk","9":"first","10":"instock","11":"taxable","12":"shipping-taxable","13":"product-type-simple"},"_links":{"self":[{"href":"https:\/\/pericom.biz\/index.php?rest_route=\/wp\/v2\/product\/1757","targetHints":{"allow":["GET"]}}],"collection":[{"href":"https:\/\/pericom.biz\/index.php?rest_route=\/wp\/v2\/product"}],"about":[{"href":"https:\/\/pericom.biz\/index.php?rest_route=\/wp\/v2\/types\/product"}],"replies":[{"embeddable":true,"href":"https:\/\/pericom.biz\/index.php?rest_route=%2Fwp%2Fv2%2Fcomments&post=1757"}],"wp:featuredmedia":[{"embeddable":true,"href":"https:\/\/pericom.biz\/index.php?rest_route=\/wp\/v2\/media\/1819"}],"wp:attachment":[{"href":"https:\/\/pericom.biz\/index.php?rest_route=%2Fwp%2Fv2%2Fmedia&parent=1757"}],"wp:term":[{"taxonomy":"product_brand","embeddable":true,"href":"https:\/\/pericom.biz\/index.php?rest_route=%2Fwp%2Fv2%2Fproduct_brand&post=1757"},{"taxonomy":"product_cat","embeddable":true,"href":"https:\/\/pericom.biz\/index.php?rest_route=%2Fwp%2Fv2%2Fproduct_cat&post=1757"},{"taxonomy":"product_tag","embeddable":true,"href":"https:\/\/pericom.biz\/index.php?rest_route=%2Fwp%2Fv2%2Fproduct_tag&post=1757"}],"curies":[{"name":"wp","href":"https:\/\/api.w.org\/{rel}","templated":true}]}}