{"id":1759,"date":"2026-04-16T15:18:26","date_gmt":"2026-04-16T15:18:26","guid":{"rendered":"https:\/\/pericom.biz\/?post_type=product&#038;p=1759"},"modified":"2026-04-16T15:56:21","modified_gmt":"2026-04-16T15:56:21","slug":"wireless-i-o-gateway","status":"publish","type":"product","link":"https:\/\/pericom.biz\/?product=wireless-i-o-gateway","title":{"rendered":"Wireless I\/O Gateway"},"content":{"rendered":"<p>Das Wireless I\/O und Gateway, Artikel-Nr. 215U-2, erm\u00f6glicht die drahtlose \u00dcbertragung von digitalen und analogen Signalen \u00fcber WLAN. Mit einer \u00dcbertragungsgeschwindigkeit von bis zu 108 MBit\/s und einer Sendeleistung von 100mW ist es ideal f\u00fcr kurze Distanzen, wie sie beispielsweise in Kl\u00e4ranlagen vorliegen. Dieses vielseitige Ger\u00e4t kann als Access Point, Client, Bridge oder Router fungieren und bietet eine breite Palette von Anschlussm\u00f6glichkeiten, einschlie\u00dflich Ethernet 10\/100BaseT und RS232\/485. Mit je 8 digitalen Ein- und Ausg\u00e4ngen sowie 4 analogen Eing\u00e4ngen und 2 analogen Ausg\u00e4ngen bietet es eine flexible L\u00f6sung f\u00fcr verschiedene Anwendungen. Die WPA2-Verschl\u00fcsselung gew\u00e4hrleistet dabei eine sichere Daten\u00fcbertragung. Das Ger\u00e4t ist f\u00fcr den Einsatz auf DIN-Schienen ausgelegt und kann mit einer Spannung von 9 bis 30 VDC betrieben werden. Zudem ist es f\u00fcr einen Temperaturbereich von -30 bis +65 \u00b0C ausgelegt, was es auch unter anspruchsvollen Bedingungen zuverl\u00e4ssig macht.<\/p>\n<h3><strong>Artikeldetails<\/strong>:<\/h3>\n<table>\n<thead>\n<tr>\n<th>\n<table>\n<thead>\n<tr>\n<th>Eigenschaften<\/th>\n<\/tr>\n<\/thead>\n<\/table>\n<\/th>\n<th>Spezifikation<\/th>\n<\/tr>\n<\/thead>\n<tbody>\n<tr>\n<td>WLAN Standard<\/td>\n<td>802.11 b\/g<\/td>\n<\/tr>\n<tr>\n<td>Frequenzband<\/td>\n<td>2.4 GHz<\/td>\n<\/tr>\n<tr>\n<td>\u00dcbertragungsgeschwindigkeit<\/td>\n<td>Bis zu 108 MBit\/s<\/td>\n<\/tr>\n<tr>\n<td>Sendeleistung<\/td>\n<td>100mW<\/td>\n<\/tr>\n<tr>\n<td>Betriebsmodi<\/td>\n<td>Access Point, Client, Bridge, Router<\/td>\n<\/tr>\n<tr>\n<td>Ethernet-Anschluss<\/td>\n<td>10\/100BaseT<\/td>\n<\/tr>\n<tr>\n<td>Schnittstellen<\/td>\n<td>RS232\/485<\/td>\n<\/tr>\n<tr>\n<td>Digitale Ein-\/Ausg\u00e4nge<\/td>\n<td>Je 8<\/td>\n<\/tr>\n<tr>\n<td>Analoge Eing\u00e4nge<\/td>\n<td>4<\/td>\n<\/tr>\n<tr>\n<td>Analoge Ausg\u00e4nge<\/td>\n<td>2<\/td>\n<\/tr>\n<tr>\n<td>Verschl\u00fcsselung<\/td>\n<td>WPA2<\/td>\n<\/tr>\n<tr>\n<td>Montage<\/td>\n<td>DIN-Schiene<\/td>\n<\/tr>\n<tr>\n<td>Betriebsspannung<\/td>\n<td>9-30 VDC<\/td>\n<\/tr>\n<tr>\n<td>Betriebstemperatur<\/td>\n<td>-30 bis +65 \u00b0C<\/td>\n<\/tr>\n<\/tbody>\n<\/table>\n<h2>Downloads:<\/h2>\n<p><a href=\"https:\/\/pericom.biz\/wp-content\/uploads\/woocommerce_uploads\/2024\/02\/DS_EL-215U-2-BGN-V5_pericom-e2jcwf.pdf\"><span style=\"color: #0000ff;\">Datenblatt 215U-2<\/span><\/a><\/p>\n<p><a href=\"https:\/\/pericom.biz\/wp-content\/uploads\/woocommerce_uploads\/2024\/02\/215U-2_User_Manual-fvskqd.pdf\"><span style=\"color: #0000ff;\">Handbuch 215U-2<\/span><\/a><\/p>\n<p><a href=\"https:\/\/pericom.biz\/wp-content\/uploads\/woocommerce_uploads\/2024\/02\/215U-2-Install-Guide-30MAR17-x2n8mz.pdf\"><span style=\"color: #0000ff;\">Installation Manual 215U-2<\/span><\/a><\/p>\n<p><a href=\"https:\/\/pericom.biz\/wp-content\/uploads\/woocommerce_uploads\/2024\/02\/ELPRO-2021-Product-Line-Card-V7.1_pericom-ujox9n.pdf\"><span style=\"color: #0000ff;\">Produkt\u00fcbersicht Datenfunk Elpro<\/span><\/a><\/p>\n","protected":false},"excerpt":{"rendered":"<p>Das Wireless I\/O und Gateway, Artikel-Nr. 215U-2, erm\u00f6glicht die drahtlose \u00dcbertragung von digitalen und analogen Signalen \u00fcber WLAN. Ideal f\u00fcr kurze Distanzen, wie sie beispielsweise in Kl\u00e4ranlagen vorliegen. Mit vielseitigen Betriebsmodi, zahlreichen Anschlussm\u00f6glichkeiten und sicherer WPA2-Verschl\u00fcsselung bietet es eine flexible und zuverl\u00e4ssige L\u00f6sung f\u00fcr verschiedenste Anwendungen.<\/p>\n","protected":false},"featured_media":1821,"comment_status":"open","ping_status":"closed","template":"","meta":[],"product_brand":[],"product_cat":[117,121],"product_tag":[],"class_list":{"0":"post-1759","1":"product","2":"type-product","3":"status-publish","4":"has-post-thumbnail","6":"product_cat-datenfunk","7":"product_cat-wlan","9":"first","10":"instock","11":"downloadable","12":"taxable","13":"shipping-taxable","14":"product-type-simple"},"_links":{"self":[{"href":"https:\/\/pericom.biz\/index.php?rest_route=\/wp\/v2\/product\/1759","targetHints":{"allow":["GET"]}}],"collection":[{"href":"https:\/\/pericom.biz\/index.php?rest_route=\/wp\/v2\/product"}],"about":[{"href":"https:\/\/pericom.biz\/index.php?rest_route=\/wp\/v2\/types\/product"}],"replies":[{"embeddable":true,"href":"https:\/\/pericom.biz\/index.php?rest_route=%2Fwp%2Fv2%2Fcomments&post=1759"}],"wp:featuredmedia":[{"embeddable":true,"href":"https:\/\/pericom.biz\/index.php?rest_route=\/wp\/v2\/media\/1821"}],"wp:attachment":[{"href":"https:\/\/pericom.biz\/index.php?rest_route=%2Fwp%2Fv2%2Fmedia&parent=1759"}],"wp:term":[{"taxonomy":"product_brand","embeddable":true,"href":"https:\/\/pericom.biz\/index.php?rest_route=%2Fwp%2Fv2%2Fproduct_brand&post=1759"},{"taxonomy":"product_cat","embeddable":true,"href":"https:\/\/pericom.biz\/index.php?rest_route=%2Fwp%2Fv2%2Fproduct_cat&post=1759"},{"taxonomy":"product_tag","embeddable":true,"href":"https:\/\/pericom.biz\/index.php?rest_route=%2Fwp%2Fv2%2Fproduct_tag&post=1759"}],"curies":[{"name":"wp","href":"https:\/\/api.w.org\/{rel}","templated":true}]}}