{"id":1764,"date":"2026-04-16T15:20:26","date_gmt":"2026-04-16T15:20:26","guid":{"rendered":"https:\/\/pericom.biz\/?post_type=product&#038;p=1764"},"modified":"2026-04-16T15:59:24","modified_gmt":"2026-04-16T15:59:24","slug":"rundstrahlantenne-cah","status":"publish","type":"product","link":"https:\/\/pericom.biz\/?product=rundstrahlantenne-cah","title":{"rendered":"Rundstrahlantenne CAH"},"content":{"rendered":"<p>Die Rundstrahlantenne CAH bietet eine kompakte und robuste L\u00f6sung f\u00fcr drahtlose Kommunikationssysteme im Frequenzbereich von 160 MHz bis 900 MHz. Mit einer Verst\u00e4rkung von 0 dB und ihrer Stummelantennenkonstruktion eignet sie sich ideal f\u00fcr Anwendungen, bei denen eine geringe Profilh\u00f6he erforderlich ist. Die Antenne ist nach IP67 zertifiziert, was bedeutet, dass sie gegen das Eindringen von Staub und Wasser gesch\u00fctzt ist und somit auch unter anspruchsvollen Umgebungsbedingungen zuverl\u00e4ssig arbeitet.<\/p>\n<h3><strong>Artikeldetails<\/strong>:<\/h3>\n<table>\n<thead>\n<tr>\n<th>Eigenschaft<\/th>\n<th>Spezifikation<\/th>\n<\/tr>\n<\/thead>\n<tbody>\n<tr>\n<td>Frequenzbereich<\/td>\n<td>160-900 MHz<\/td>\n<\/tr>\n<tr>\n<td>Verst\u00e4rkung<\/td>\n<td>0 dB<\/td>\n<\/tr>\n<tr>\n<td>Antennentyp<\/td>\n<td>Stummelantenne<\/td>\n<\/tr>\n<tr>\n<td>Schutzklasse<\/td>\n<td>IP67<\/td>\n<\/tr>\n<\/tbody>\n<\/table>\n<p>&nbsp;<\/p>\n","protected":false},"excerpt":{"rendered":"<div class=\"flex-1 overflow-hidden\">\n<div class=\"react-scroll-to-bottom--css-zeyfl-79elbk h-full\">\n<div class=\"react-scroll-to-bottom--css-zeyfl-1n7m0yu\">\n<div class=\"flex flex-col pb-9 text-sm\">\n<div class=\"w-full text-token-text-primary\" data-testid=\"conversation-turn-13\">\n<div class=\"px-4 py-2 justify-center text-base md:gap-6 m-auto\">\n<div class=\"flex flex-1 text-base mx-auto gap-3 md:px-5 lg:px-1 xl:px-5 md:max-w-3xl lg:max-w-[40rem] xl:max-w-[48rem] group final-completion\">\n<div class=\"relative flex w-full flex-col agent-turn\">\n<div class=\"flex-col gap-1 md:gap-3\">\n<div class=\"flex flex-grow flex-col max-w-full\">\n<div class=\"min-h-[20px] text-message flex flex-col items-start gap-3 whitespace-pre-wrap break-words [.text-message+&amp;]:mt-5 overflow-x-auto\" data-message-author-role=\"assistant\" data-message-id=\"ac62adeb-1111-4291-b120-5d3dda445bf8\">\n<div class=\"markdown prose w-full break-words dark:prose-invert dark\">\n<p>Die Rundstrahlantenne CAH ist eine kompakte und robuste Antenne, die speziell f\u00fcr drahtlose Kommunikationssysteme entwickelt wurde. Mit ihrem geringen Profil und der IP67-Zertifizierung bietet sie eine zuverl\u00e4ssige L\u00f6sung f\u00fcr verschiedenste Anwendungen in anspruchsvollen Umgebungen.<\/p>\n<\/div>\n<\/div>\n<\/div>\n<div class=\"mt-1 flex justify-start gap-3 empty:hidden\">\n<div class=\"text-gray-400 flex self-end lg:self-center justify-center lg:justify-start mt-0 -ml-1 visible\">\n<p>&nbsp;<\/p>\n<div class=\"flex items-center gap-1.5 text-xs\"><\/div>\n<div class=\"flex\"><\/div>\n<\/div>\n<\/div>\n<\/div>\n<div class=\"absolute\">\n<div class=\"flex w-full gap-2 items-center justify-center\"><\/div>\n<\/div>\n<\/div>\n<\/div>\n<\/div>\n<\/div>\n<\/div>\n<\/div>\n<\/div>\n<\/div>\n<div class=\"w-full pt-2 md:pt-0 dark:border-white\/20 md:border-transparent md:dark:border-transparent md:w-[calc(100%-.5rem)]\">\n<form class=\"stretch mx-2 flex flex-row gap-3 last:mb-2 md:mx-4 md:last:mb-6 lg:mx-auto lg:max-w-2xl xl:max-w-3xl\">\n<div class=\"relative flex h-full flex-1 items-stretch md:flex-col\">\n<div class=\"flex w-full items-center\"><\/div>\n<\/div>\n<\/form>\n<\/div>\n","protected":false},"featured_media":1827,"comment_status":"closed","ping_status":"closed","template":"","meta":[],"product_brand":[],"product_cat":[122,117],"product_tag":[],"class_list":{"0":"post-1764","1":"product","2":"type-product","3":"status-publish","4":"has-post-thumbnail","6":"product_cat-antennen","7":"product_cat-datenfunk","9":"first","10":"instock","11":"downloadable","12":"taxable","13":"shipping-taxable","14":"product-type-simple"},"_links":{"self":[{"href":"https:\/\/pericom.biz\/index.php?rest_route=\/wp\/v2\/product\/1764","targetHints":{"allow":["GET"]}}],"collection":[{"href":"https:\/\/pericom.biz\/index.php?rest_route=\/wp\/v2\/product"}],"about":[{"href":"https:\/\/pericom.biz\/index.php?rest_route=\/wp\/v2\/types\/product"}],"replies":[{"embeddable":true,"href":"https:\/\/pericom.biz\/index.php?rest_route=%2Fwp%2Fv2%2Fcomments&post=1764"}],"wp:featuredmedia":[{"embeddable":true,"href":"https:\/\/pericom.biz\/index.php?rest_route=\/wp\/v2\/media\/1827"}],"wp:attachment":[{"href":"https:\/\/pericom.biz\/index.php?rest_route=%2Fwp%2Fv2%2Fmedia&parent=1764"}],"wp:term":[{"taxonomy":"product_brand","embeddable":true,"href":"https:\/\/pericom.biz\/index.php?rest_route=%2Fwp%2Fv2%2Fproduct_brand&post=1764"},{"taxonomy":"product_cat","embeddable":true,"href":"https:\/\/pericom.biz\/index.php?rest_route=%2Fwp%2Fv2%2Fproduct_cat&post=1764"},{"taxonomy":"product_tag","embeddable":true,"href":"https:\/\/pericom.biz\/index.php?rest_route=%2Fwp%2Fv2%2Fproduct_tag&post=1764"}],"curies":[{"name":"wp","href":"https:\/\/api.w.org\/{rel}","templated":true}]}}