{"id":1775,"date":"2026-04-16T15:26:28","date_gmt":"2026-04-16T15:26:28","guid":{"rendered":"https:\/\/pericom.biz\/?post_type=product&#038;p=1775"},"modified":"2026-04-16T16:06:32","modified_gmt":"2026-04-16T16:06:32","slug":"konfigurationssoftware-c-config","status":"publish","type":"product","link":"https:\/\/pericom.biz\/?product=konfigurationssoftware-c-config","title":{"rendered":"Konfigurationssoftware C-Config"},"content":{"rendered":"<p>Die Konfigurationssoftware C-Config ist ein\u00a0 Tool, das speziell f\u00fcr die Einrichtung und Konfiguration von Elpro 415-xx Ger\u00e4ten der Condor Serie entwickelt wurde.<\/p>\n<h3>Artikeldetails:<\/h3>\n<table>\n<thead>\n<tr>\n<th>Eigenschaft<\/th>\n<th>Spezifikation<\/th>\n<\/tr>\n<\/thead>\n<tbody>\n<tr>\n<td>Kompatibilit\u00e4t<\/td>\n<td>Windows Betriebssysteme<\/td>\n<\/tr>\n<tr>\n<td>Version<\/td>\n<td>2.1.0.71<\/td>\n<\/tr>\n<\/tbody>\n<\/table>\n<h2>Downloads:<\/h2>\n<p><a href=\"https:\/\/pericom.biz\/wp-content\/uploads\/woocommerce_uploads\/2024\/02\/Inst_CFG_CConfig_2.1.0.71.exe_-dhmtuf.zip\">Konfigurationssoftware C-Config<\/a><\/p>\n<p><a href=\"https:\/\/pericom.biz\/wp-content\/uploads\/woocommerce_uploads\/2024\/02\/Inst_Elpro_USB_Driver_1.21.0.0-38tz8y.zip\"><span style=\"color: #0000ff;\">Elpro USB Treiber<\/span><\/a><\/p>\n","protected":false},"excerpt":{"rendered":"<p>Die Konfigurationssoftware C-Config ist ein effizientes Tool, das speziell f\u00fcr die Einrichtung von Elpro 415-xx Ger\u00e4ten entwickelt wurde. Mit einer benutzerfreundlichen Oberfl\u00e4che und umfassenden Funktionen erm\u00f6glicht sie eine einfache Konfiguration und \u00dcberwachung.<\/p>\n","protected":false},"featured_media":1838,"comment_status":"open","ping_status":"closed","template":"","meta":[],"product_brand":[],"product_cat":[117,123],"product_tag":[],"class_list":{"0":"post-1775","1":"product","2":"type-product","3":"status-publish","4":"has-post-thumbnail","6":"product_cat-datenfunk","7":"product_cat-software-datenfunk","9":"first","10":"instock","11":"downloadable","12":"taxable","13":"shipping-taxable","14":"product-type-simple"},"_links":{"self":[{"href":"https:\/\/pericom.biz\/index.php?rest_route=\/wp\/v2\/product\/1775","targetHints":{"allow":["GET"]}}],"collection":[{"href":"https:\/\/pericom.biz\/index.php?rest_route=\/wp\/v2\/product"}],"about":[{"href":"https:\/\/pericom.biz\/index.php?rest_route=\/wp\/v2\/types\/product"}],"replies":[{"embeddable":true,"href":"https:\/\/pericom.biz\/index.php?rest_route=%2Fwp%2Fv2%2Fcomments&post=1775"}],"wp:featuredmedia":[{"embeddable":true,"href":"https:\/\/pericom.biz\/index.php?rest_route=\/wp\/v2\/media\/1838"}],"wp:attachment":[{"href":"https:\/\/pericom.biz\/index.php?rest_route=%2Fwp%2Fv2%2Fmedia&parent=1775"}],"wp:term":[{"taxonomy":"product_brand","embeddable":true,"href":"https:\/\/pericom.biz\/index.php?rest_route=%2Fwp%2Fv2%2Fproduct_brand&post=1775"},{"taxonomy":"product_cat","embeddable":true,"href":"https:\/\/pericom.biz\/index.php?rest_route=%2Fwp%2Fv2%2Fproduct_cat&post=1775"},{"taxonomy":"product_tag","embeddable":true,"href":"https:\/\/pericom.biz\/index.php?rest_route=%2Fwp%2Fv2%2Fproduct_tag&post=1775"}],"curies":[{"name":"wp","href":"https:\/\/api.w.org\/{rel}","templated":true}]}}