{"id":1776,"date":"2026-04-16T15:26:28","date_gmt":"2026-04-16T15:26:28","guid":{"rendered":"https:\/\/pericom.biz\/?post_type=product&#038;p=1776"},"modified":"2026-04-16T16:07:33","modified_gmt":"2026-04-16T16:07:33","slug":"konfigurationssoftware-e-serie","status":"publish","type":"product","link":"https:\/\/pericom.biz\/?product=konfigurationssoftware-e-serie","title":{"rendered":"Konfigurationssoftware E-Serie"},"content":{"rendered":"<p>Die Konfigurationssoftware E-Serie ist ein Tool f\u00fcr die Konfiguration von\u00a0 Elpro-Ger\u00e4ten 105U-1\/2\/3\/4, 105U-G, 505U-K, 105U-L und 915U-2.<\/p>\n<h3>Artikeldetails:<\/h3>\n<table>\n<thead>\n<tr>\n<th>Eigenschaft<\/th>\n<th>Spezifikation<\/th>\n<\/tr>\n<\/thead>\n<tbody>\n<tr>\n<td>Kompatibilit\u00e4t<\/td>\n<td>Windows Betriebssysteme<\/td>\n<\/tr>\n<tr>\n<td>Version<\/td>\n<td>2.3.0.434-1<\/td>\n<\/tr>\n<\/tbody>\n<\/table>\n<h2>Downloads:<\/h2>\n<p><a href=\"https:\/\/pericom.biz\/wp-content\/uploads\/woocommerce_uploads\/2024\/02\/Inst_EConfig.2.3.0.434-1-aawea6.zip\">Konfigurationssoftware E-Serie<\/a><\/p>\n<p><a href=\"https:\/\/pericom.biz\/wp-content\/uploads\/woocommerce_uploads\/2024\/02\/Inst_Elpro_USB_Driver_1.21.0.0-38tz8y.zip\"><span style=\"color: #0000ff;\">Elpro USB Treiber<\/span><\/a><\/p>\n","protected":false},"excerpt":{"rendered":"<div class=\"flex-1 overflow-hidden\">\n<div class=\"react-scroll-to-bottom--css-zeyfl-79elbk h-full\">\n<div class=\"react-scroll-to-bottom--css-zeyfl-1n7m0yu\">\n<div class=\"flex flex-col pb-9 text-sm\">\n<div class=\"w-full text-token-text-primary\" data-testid=\"conversation-turn-25\">\n<div class=\"px-4 py-2 justify-center text-base md:gap-6 m-auto\">\n<div class=\"flex flex-1 text-base mx-auto gap-3 md:px-5 lg:px-1 xl:px-5 md:max-w-3xl lg:max-w-[40rem] xl:max-w-[48rem] group final-completion\">\n<div class=\"relative flex w-full flex-col agent-turn\">\n<div class=\"flex-col gap-1 md:gap-3\">\n<div class=\"flex flex-grow flex-col max-w-full\">\n<div class=\"min-h-[20px] text-message flex flex-col items-start gap-3 whitespace-pre-wrap break-words [.text-message+&amp;]:mt-5 overflow-x-auto\" data-message-author-role=\"assistant\" data-message-id=\"5c541e9d-a0f3-4d5e-9675-8801b4e6cf2f\">\n<div class=\"markdown prose w-full break-words dark:prose-invert dark\">\n<p>Die Konfigurationssoftware E-Serie ist ein effizientes Tool, das speziell f\u00fcr die Einrichtung einer Vielzahl von Elpro-Ger\u00e4ten entwickelt wurde. Mit einer benutzerfreundlichen Oberfl\u00e4che und umfassenden Funktionen erm\u00f6glicht sie eine einfache Konfiguration und \u00dcberwachung.<\/p>\n<\/div>\n<\/div>\n<\/div>\n<\/div>\n<\/div>\n<\/div>\n<\/div>\n<\/div>\n<\/div>\n<\/div>\n<\/div>\n<\/div>\n","protected":false},"featured_media":1840,"comment_status":"open","ping_status":"closed","template":"","meta":[],"product_brand":[],"product_cat":[117,123],"product_tag":[],"class_list":{"0":"post-1776","1":"product","2":"type-product","3":"status-publish","4":"has-post-thumbnail","6":"product_cat-datenfunk","7":"product_cat-software-datenfunk","9":"first","10":"instock","11":"downloadable","12":"taxable","13":"shipping-taxable","14":"product-type-simple"},"_links":{"self":[{"href":"https:\/\/pericom.biz\/index.php?rest_route=\/wp\/v2\/product\/1776","targetHints":{"allow":["GET"]}}],"collection":[{"href":"https:\/\/pericom.biz\/index.php?rest_route=\/wp\/v2\/product"}],"about":[{"href":"https:\/\/pericom.biz\/index.php?rest_route=\/wp\/v2\/types\/product"}],"replies":[{"embeddable":true,"href":"https:\/\/pericom.biz\/index.php?rest_route=%2Fwp%2Fv2%2Fcomments&post=1776"}],"wp:featuredmedia":[{"embeddable":true,"href":"https:\/\/pericom.biz\/index.php?rest_route=\/wp\/v2\/media\/1840"}],"wp:attachment":[{"href":"https:\/\/pericom.biz\/index.php?rest_route=%2Fwp%2Fv2%2Fmedia&parent=1776"}],"wp:term":[{"taxonomy":"product_brand","embeddable":true,"href":"https:\/\/pericom.biz\/index.php?rest_route=%2Fwp%2Fv2%2Fproduct_brand&post=1776"},{"taxonomy":"product_cat","embeddable":true,"href":"https:\/\/pericom.biz\/index.php?rest_route=%2Fwp%2Fv2%2Fproduct_cat&post=1776"},{"taxonomy":"product_tag","embeddable":true,"href":"https:\/\/pericom.biz\/index.php?rest_route=%2Fwp%2Fv2%2Fproduct_tag&post=1776"}],"curies":[{"name":"wp","href":"https:\/\/api.w.org\/{rel}","templated":true}]}}