{"id":1782,"date":"2026-04-16T15:30:09","date_gmt":"2026-04-16T15:30:09","guid":{"rendered":"https:\/\/pericom.biz\/?post_type=product&#038;p=1782"},"modified":"2026-04-16T16:11:35","modified_gmt":"2026-04-16T16:11:35","slug":"applikation-trimble","status":"publish","type":"product","link":"https:\/\/pericom.biz\/?product=applikation-trimble","title":{"rendered":"Applikation Trimble"},"content":{"rendered":"<p>Die Applikation Trimble beschreibt den Einsatz von den Funkmodems 415U-E-C in Trimble Radladern.<\/p>\n<table>\n<thead>\n<tr>\n<th>Eigenschaft<\/th>\n<th>Spezifikation<\/th>\n<\/tr>\n<\/thead>\n<tbody>\n<tr>\n<td>Verwendetes Produkt<\/td>\n<td>415U-E-C<\/td>\n<\/tr>\n<\/tbody>\n<\/table>\n<p>&nbsp;<\/p>\n","protected":false},"excerpt":{"rendered":"<div class=\"flex-1 overflow-hidden\">\n<div class=\"react-scroll-to-bottom--css-zeyfl-79elbk h-full\">\n<div class=\"react-scroll-to-bottom--css-zeyfl-1n7m0yu\">\n<div class=\"flex flex-col pb-9 text-sm\">\n<div class=\"w-full text-token-text-primary\" data-testid=\"conversation-turn-29\">\n<div class=\"px-4 py-2 justify-center text-base md:gap-6 m-auto\">\n<div class=\"flex flex-1 text-base mx-auto gap-3 md:px-5 lg:px-1 xl:px-5 md:max-w-3xl lg:max-w-[40rem] xl:max-w-[48rem] group final-completion\">\n<div class=\"relative flex w-full flex-col agent-turn\">\n<div class=\"flex-col gap-1 md:gap-3\">\n<div class=\"flex flex-grow flex-col max-w-full\">\n<div class=\"min-h-[20px] text-message flex flex-col items-start gap-3 whitespace-pre-wrap break-words [.text-message+&amp;]:mt-5 overflow-x-auto\" data-message-author-role=\"assistant\" data-message-id=\"4fbbbef4-0748-4ea3-abbb-a81960236cb7\">\n<div class=\"markdown prose w-full break-words dark:prose-invert dark\">\n<p>Die Applikation Trimble ist ein effizientes Tool, das speziell f\u00fcr die Nutzung und Verwaltung von Trimble-Ger\u00e4ten entwickelt wurde. Mit benutzerfreundlicher Oberfl\u00e4che und umfassenden Funktionen erm\u00f6glicht sie eine einfache Konfiguration und \u00dcberwachung verschiedener Trimble-Produkte.<\/p>\n<\/div>\n<\/div>\n<\/div>\n<\/div>\n<\/div>\n<\/div>\n<\/div>\n<\/div>\n<\/div>\n<\/div>\n<\/div>\n<\/div>\n","protected":false},"featured_media":1843,"comment_status":"closed","ping_status":"closed","template":"","meta":[],"product_brand":[],"product_cat":[124,117],"product_tag":[],"class_list":{"0":"post-1782","1":"product","2":"type-product","3":"status-publish","4":"has-post-thumbnail","6":"product_cat-applikationen-datenfunk","7":"product_cat-datenfunk","9":"first","10":"instock","11":"downloadable","12":"taxable","13":"shipping-taxable","14":"product-type-simple"},"_links":{"self":[{"href":"https:\/\/pericom.biz\/index.php?rest_route=\/wp\/v2\/product\/1782","targetHints":{"allow":["GET"]}}],"collection":[{"href":"https:\/\/pericom.biz\/index.php?rest_route=\/wp\/v2\/product"}],"about":[{"href":"https:\/\/pericom.biz\/index.php?rest_route=\/wp\/v2\/types\/product"}],"replies":[{"embeddable":true,"href":"https:\/\/pericom.biz\/index.php?rest_route=%2Fwp%2Fv2%2Fcomments&post=1782"}],"wp:featuredmedia":[{"embeddable":true,"href":"https:\/\/pericom.biz\/index.php?rest_route=\/wp\/v2\/media\/1843"}],"wp:attachment":[{"href":"https:\/\/pericom.biz\/index.php?rest_route=%2Fwp%2Fv2%2Fmedia&parent=1782"}],"wp:term":[{"taxonomy":"product_brand","embeddable":true,"href":"https:\/\/pericom.biz\/index.php?rest_route=%2Fwp%2Fv2%2Fproduct_brand&post=1782"},{"taxonomy":"product_cat","embeddable":true,"href":"https:\/\/pericom.biz\/index.php?rest_route=%2Fwp%2Fv2%2Fproduct_cat&post=1782"},{"taxonomy":"product_tag","embeddable":true,"href":"https:\/\/pericom.biz\/index.php?rest_route=%2Fwp%2Fv2%2Fproduct_tag&post=1782"}],"curies":[{"name":"wp","href":"https:\/\/api.w.org\/{rel}","templated":true}]}}