{"id":1791,"date":"2026-04-16T15:37:13","date_gmt":"2026-04-16T15:37:13","guid":{"rendered":"https:\/\/pericom.biz\/?post_type=product&#038;p=1791"},"modified":"2026-04-16T16:18:55","modified_gmt":"2026-04-16T16:18:55","slug":"unmanaged-switch-5-ports-eh3305","status":"publish","type":"product","link":"https:\/\/pericom.biz\/?product=unmanaged-switch-5-ports-eh3305","title":{"rendered":"Unmanaged Switch 5 Ports EH3305"},"content":{"rendered":"<p>Der Unmanaged Switch 5 Ports EH3305 bietet eine zuverl\u00e4ssige Netzwerkverbindung f\u00fcr industrielle Umgebungen mit hohen Anforderungen. Mit seinen 5 x 10\/100 BaseT(X) RJ45 Ports erm\u00f6glicht er die schnelle Einrichtung eines kleinen Netzwerks. Seine sehr kompakte Bauform und die Montagem\u00f6glichkeit auf einer DIN-Schiene machen ihn besonders platzsparend und einfach zu installieren. Der Switch unterst\u00fctzt IEEE802.3\/802.3u\/802.3x Standards sowie 802.1q\/p f\u00fcr VLAN Tagging und Class of Service, was eine flexible Konfiguration erm\u00f6glicht. Die Funktionen Auto MDI\/MDI-X und Broadcast Storm Protection gew\u00e4hrleisten eine stabile und zuverl\u00e4ssige Daten\u00fcbertragung. Zus\u00e4tzlich bietet der Switch eine redundante DC Stromversorgung f\u00fcr erh\u00f6hte Zuverl\u00e4ssigkeit und einen erweiterten Betriebstemperaturbereich von -40\u00b0C bis 70\u00b0C, was ihn auch f\u00fcr extremere Umgebungen geeignet macht. Sein schlankes, robustes Metallgeh\u00e4use sorgt f\u00fcr Langlebigkeit und Schutz vor \u00e4u\u00dferen Einfl\u00fcssen.<\/p>\n<h3>Artikeldetails:<\/h3>\n<table>\n<thead>\n<tr>\n<th>Eigenschaft<\/th>\n<th>Spezifikation<\/th>\n<\/tr>\n<\/thead>\n<tbody>\n<tr>\n<td>Anzahl Ports<\/td>\n<td>5 x 10\/100 BaseT(X) RJ45 Port<\/td>\n<\/tr>\n<tr>\n<td>Standards unterst\u00fctzt<\/td>\n<td>IEEE802.3\/802.3u\/802.3x, 802.1q\/p<\/td>\n<\/tr>\n<tr>\n<td>Besondere Funktionen<\/td>\n<td>Auto MDI\/MDI-X, Broadcast Storm Protection<\/td>\n<\/tr>\n<tr>\n<td>Redundante Stromversorgung<\/td>\n<td>Ja<\/td>\n<\/tr>\n<tr>\n<td>Betriebstemperaturbereich<\/td>\n<td>-40\u00b0C bis 70\u00b0C<\/td>\n<\/tr>\n<tr>\n<td>Montage<\/td>\n<td>DIN-Schiene<\/td>\n<\/tr>\n<tr>\n<td>Geh\u00e4use<\/td>\n<td>Slim type, Metallgeh\u00e4use<\/td>\n<\/tr>\n<\/tbody>\n<\/table>\n<h2>Downloads:<\/h2>\n<p><a href=\"https:\/\/pericom.biz\/wp-content\/uploads\/woocommerce_uploads\/2024\/02\/CA_EH3305-_v0.5_2_pericom-zmk5wf.pdf\">Datenblatt EH3305<\/a><\/p>\n<p><a href=\"https:\/\/pericom.biz\/wp-content\/uploads\/woocommerce_uploads\/2024\/02\/Atop_Product_Selection_Guide_SWITCH_v1.1_9_pericom-ctdomc.pdf\">Produkt\u00fcbersicht Switches<\/a><\/p>\n","protected":false},"excerpt":{"rendered":"<div class=\"flex-1 overflow-hidden\">\n<div class=\"react-scroll-to-bottom--css-zeyfl-79elbk h-full\">\n<div class=\"react-scroll-to-bottom--css-zeyfl-1n7m0yu\">\n<div class=\"flex flex-col pb-9 text-sm\">\n<div class=\"w-full text-token-text-primary\" data-testid=\"conversation-turn-35\">\n<div class=\"px-4 py-2 justify-center text-base md:gap-6 m-auto\">\n<div class=\"flex flex-1 text-base mx-auto gap-3 md:px-5 lg:px-1 xl:px-5 md:max-w-3xl lg:max-w-[40rem] xl:max-w-[48rem] group final-completion\">\n<div class=\"relative flex w-full flex-col agent-turn\">\n<div class=\"flex-col gap-1 md:gap-3\">\n<div class=\"flex flex-grow flex-col max-w-full\">\n<div class=\"min-h-[20px] text-message flex flex-col items-start gap-3 whitespace-pre-wrap break-words [.text-message+&amp;]:mt-5 overflow-x-auto\" data-message-author-role=\"assistant\" data-message-id=\"50c41703-ab8d-4cc5-87f4-e333d6a05519\">\n<div class=\"markdown prose w-full break-words dark:prose-invert dark\">\n<p>Der Unmanaged Switch 5 Ports EH3305 ist ein kompakter und robuster Netzwerkswitch, der sich ideal f\u00fcr anspruchsvolle industrielle Umgebungen eignet. Mit 5 RJ45 Ports, VLAN-Unterst\u00fctzung und einer robusten Bauweise bietet er eine zuverl\u00e4ssige L\u00f6sung f\u00fcr die Netzwerkverbindung in extremen Umgebungen.<\/p>\n<\/div>\n<\/div>\n<\/div>\n<\/div>\n<\/div>\n<\/div>\n<\/div>\n<\/div>\n<\/div>\n<\/div>\n<\/div>\n<\/div>\n","protected":false},"featured_media":1852,"comment_status":"open","ping_status":"closed","template":"","meta":[],"product_brand":[],"product_cat":[126,127],"product_tag":[],"class_list":{"0":"post-1791","1":"product","2":"type-product","3":"status-publish","4":"has-post-thumbnail","6":"product_cat-netzwerklosungen","7":"product_cat-unmanaged-switches","9":"first","10":"instock","11":"downloadable","12":"taxable","13":"shipping-taxable","14":"product-type-simple"},"_links":{"self":[{"href":"https:\/\/pericom.biz\/index.php?rest_route=\/wp\/v2\/product\/1791","targetHints":{"allow":["GET"]}}],"collection":[{"href":"https:\/\/pericom.biz\/index.php?rest_route=\/wp\/v2\/product"}],"about":[{"href":"https:\/\/pericom.biz\/index.php?rest_route=\/wp\/v2\/types\/product"}],"replies":[{"embeddable":true,"href":"https:\/\/pericom.biz\/index.php?rest_route=%2Fwp%2Fv2%2Fcomments&post=1791"}],"wp:featuredmedia":[{"embeddable":true,"href":"https:\/\/pericom.biz\/index.php?rest_route=\/wp\/v2\/media\/1852"}],"wp:attachment":[{"href":"https:\/\/pericom.biz\/index.php?rest_route=%2Fwp%2Fv2%2Fmedia&parent=1791"}],"wp:term":[{"taxonomy":"product_brand","embeddable":true,"href":"https:\/\/pericom.biz\/index.php?rest_route=%2Fwp%2Fv2%2Fproduct_brand&post=1791"},{"taxonomy":"product_cat","embeddable":true,"href":"https:\/\/pericom.biz\/index.php?rest_route=%2Fwp%2Fv2%2Fproduct_cat&post=1791"},{"taxonomy":"product_tag","embeddable":true,"href":"https:\/\/pericom.biz\/index.php?rest_route=%2Fwp%2Fv2%2Fproduct_tag&post=1791"}],"curies":[{"name":"wp","href":"https:\/\/api.w.org\/{rel}","templated":true}]}}