{"id":1802,"date":"2026-04-16T15:45:44","date_gmt":"2026-04-16T15:45:44","guid":{"rendered":"https:\/\/pericom.biz\/?post_type=product&#038;p=1802"},"modified":"2026-04-16T16:31:27","modified_gmt":"2026-04-16T16:31:27","slug":"unmanaged-poe-gigabit-switch-8-ports-ehg6408","status":"publish","type":"product","link":"https:\/\/pericom.biz\/?product=unmanaged-poe-gigabit-switch-8-ports-ehg6408","title":{"rendered":"Unmanaged PoE Gigabit Switch 8 Ports EHG6408"},"content":{"rendered":"<p>Der Unmanaged PoE Gigabit Switch 8 Ports EHG6408 bietet eine zuverl\u00e4ssige und leistungsstarke Netzwerkverbindung f\u00fcr anspruchsvolle industrielle Anwendungen. Mit seinen 8 x 10\/100\/1000 BASE-T(X) Ports oder optionalen Konfigurationen mit SFP Slots erm\u00f6glicht er die schnelle Einrichtung eines robusten Gigabit-Ethernet-Netzwerks. Seine sehr kompakte Bauform und die Montagem\u00f6glichkeit auf einer DIN-Schiene machen ihn besonders platzsparend und einfach zu installieren. Der Switch verf\u00fcgt \u00fcber PoE Ports mit Booster Funktion (12~57 VDC), die eine zuverl\u00e4ssige Stromversorgung von PoE-Ger\u00e4ten gew\u00e4hrleisten. Das IP30 Aluminiumgeh\u00e4use bietet Schutz vor \u00e4u\u00dferen Einfl\u00fcssen und erm\u00f6glicht eine zuverl\u00e4ssige Leistung in anspruchsvollen Umgebungen. Der Betriebstemperaturbereich von -40\u00b0C bis +75\u00b0C und die Zertifizierung nach CB\/IEC60950-1&amp;62368-1 und UL\/cUL62368-1 machen ihn auch f\u00fcr extremere Umgebungen geeignet.<\/p>\n<h3>Artikeldetails:<\/h3>\n<table>\n<thead>\n<tr>\n<th>Eigenschaft<\/th>\n<th>Spezifikation<\/th>\n<\/tr>\n<\/thead>\n<tbody>\n<tr>\n<td>Anzahl Ports<\/td>\n<td>8 x 10\/100\/1000 BASE-T(X) Ports<\/td>\n<\/tr>\n<tr>\n<td>Optional<\/td>\n<td>2 x 100\/1000 SFP Slots oder<\/td>\n<\/tr>\n<tr>\n<td><\/td>\n<td>2 x 1000 BASE-X SFP Slots<\/td>\n<\/tr>\n<tr>\n<td>PoE Ports<\/td>\n<td>Optional, mit Booster Funktion (12~57 VDC)<\/td>\n<\/tr>\n<tr>\n<td>Betriebstemperaturbereich<\/td>\n<td>-40\u00b0C bis +75\u00b0C<\/td>\n<\/tr>\n<tr>\n<td>Montage<\/td>\n<td>DIN-Schienen Montage<\/td>\n<\/tr>\n<tr>\n<td>Geh\u00e4use<\/td>\n<td>IP30 Aluminium Geh\u00e4use<\/td>\n<\/tr>\n<tr>\n<td>Zertifizierung<\/td>\n<td>CB\/IEC60950-1&amp;62368-1 und UL\/cUL62368-1<\/td>\n<\/tr>\n<\/tbody>\n<\/table>\n<h2>Downloads:<\/h2>\n<p><a href=\"https:\/\/pericom.biz\/wp-content\/uploads\/woocommerce_uploads\/2024\/02\/CA_EHG6408-EHG6410_v1.2_pericom-f6ixnv.pdf\">Datenblatt EHG6408<\/a><\/p>\n<p><a href=\"https:\/\/pericom.biz\/wp-content\/uploads\/woocommerce_uploads\/2024\/02\/Atop_Product_Selection_Guide_SWITCH_v1.1_9_pericom-ctdomc.pdf\">Produkt\u00fcbersicht Switches<\/a><\/p>\n","protected":false},"excerpt":{"rendered":"<div class=\"flex-1 overflow-hidden\">\n<div class=\"react-scroll-to-bottom--css-zeyfl-79elbk h-full\">\n<div class=\"react-scroll-to-bottom--css-zeyfl-1n7m0yu\">\n<div class=\"flex flex-col pb-9 text-sm\">\n<div class=\"w-full text-token-text-primary\" data-testid=\"conversation-turn-47\">\n<div class=\"px-4 py-2 justify-center text-base md:gap-6 m-auto\">\n<div class=\"flex flex-1 text-base mx-auto gap-3 md:px-5 lg:px-1 xl:px-5 md:max-w-3xl lg:max-w-[40rem] xl:max-w-[48rem] group final-completion\">\n<div class=\"relative flex w-full flex-col agent-turn\">\n<div class=\"flex-col gap-1 md:gap-3\">\n<div class=\"flex flex-grow flex-col max-w-full\">\n<div class=\"min-h-[20px] text-message flex flex-col items-start gap-3 whitespace-pre-wrap break-words [.text-message+&amp;]:mt-5 overflow-x-auto\" data-message-author-role=\"assistant\" data-message-id=\"b8f6adb4-eda7-4b2a-a71f-1df6166d19cd\">\n<div class=\"markdown prose w-full break-words dark:prose-invert dark\">\n<p>Der Unmanaged PoE Gigabit Switch 8 Ports EHG6408 ist ein kompakter und leistungsstarker Ethernet-Switch mit PoE-Funktion und 8 Gigabit-Ports. Mit seinem robusten Aluminiumgeh\u00e4use, dem erweiterten Betriebstemperaturbereich und der DIN-Schienen Montage bietet er eine zuverl\u00e4ssige Netzwerkverbindung auch in anspruchsvollen Umgebungen.<\/p>\n<\/div>\n<\/div>\n<\/div>\n<\/div>\n<\/div>\n<\/div>\n<\/div>\n<\/div>\n<\/div>\n<\/div>\n<\/div>\n<\/div>\n","protected":false},"featured_media":1870,"comment_status":"open","ping_status":"closed","template":"","meta":[],"product_brand":[],"product_cat":[126,127],"product_tag":[],"class_list":{"0":"post-1802","1":"product","2":"type-product","3":"status-publish","4":"has-post-thumbnail","6":"product_cat-netzwerklosungen","7":"product_cat-unmanaged-switches","9":"first","10":"instock","11":"downloadable","12":"taxable","13":"shipping-taxable","14":"product-type-simple"},"_links":{"self":[{"href":"https:\/\/pericom.biz\/index.php?rest_route=\/wp\/v2\/product\/1802","targetHints":{"allow":["GET"]}}],"collection":[{"href":"https:\/\/pericom.biz\/index.php?rest_route=\/wp\/v2\/product"}],"about":[{"href":"https:\/\/pericom.biz\/index.php?rest_route=\/wp\/v2\/types\/product"}],"replies":[{"embeddable":true,"href":"https:\/\/pericom.biz\/index.php?rest_route=%2Fwp%2Fv2%2Fcomments&post=1802"}],"wp:featuredmedia":[{"embeddable":true,"href":"https:\/\/pericom.biz\/index.php?rest_route=\/wp\/v2\/media\/1870"}],"wp:attachment":[{"href":"https:\/\/pericom.biz\/index.php?rest_route=%2Fwp%2Fv2%2Fmedia&parent=1802"}],"wp:term":[{"taxonomy":"product_brand","embeddable":true,"href":"https:\/\/pericom.biz\/index.php?rest_route=%2Fwp%2Fv2%2Fproduct_brand&post=1802"},{"taxonomy":"product_cat","embeddable":true,"href":"https:\/\/pericom.biz\/index.php?rest_route=%2Fwp%2Fv2%2Fproduct_cat&post=1802"},{"taxonomy":"product_tag","embeddable":true,"href":"https:\/\/pericom.biz\/index.php?rest_route=%2Fwp%2Fv2%2Fproduct_tag&post=1802"}],"curies":[{"name":"wp","href":"https:\/\/api.w.org\/{rel}","templated":true}]}}