{"id":1820,"date":"2026-04-16T15:55:22","date_gmt":"2026-04-16T15:55:22","guid":{"rendered":"https:\/\/pericom.biz\/?post_type=product&#038;p=1820"},"modified":"2026-04-16T16:41:57","modified_gmt":"2026-04-16T16:41:57","slug":"managed-layer-3-switch-12-ports-ehg9612","status":"publish","type":"product","link":"https:\/\/pericom.biz\/?product=managed-layer-3-switch-12-ports-ehg9612","title":{"rendered":"Managed Layer 3 Switch 12 Ports EHG9612"},"content":{"rendered":"<p>Der Managed Layer 3 Switch 12 Ports EHG9612 bietet eine leistungsf\u00e4hige L\u00f6sung f\u00fcr fortgeschrittenes Netzwerkmanagement in anspruchsvollen Umgebungen gem\u00e4\u00df IEC 61850-3. Mit seiner kompakten Bauform und der DIN-Schienenmontage ist er ideal f\u00fcr industrielle Anwendungen geeignet. Der Switch verf\u00fcgt \u00fcber bis zu 6 oder 8 x 10\/100\/1000 BASE-T(X) Ports und 2 oder 4 1000 BASE-X SFP Ports, die eine flexible Konnektivit\u00e4t erm\u00f6glichen. Mit seiner Unterst\u00fctzung f\u00fcr leistungsstarke Layer-3-Switching-Protokolle wie BGPv4, IPv4 Static, RIPv1\/v2 und OSPFv2 bietet er eine optimale Routing-Performance. Der Switch unterst\u00fctzt auch IEEE1588v2 Precision Time Protocol f\u00fcr pr\u00e4zise Zeitsynchronisation im Nanosekundenbereich und verf\u00fcgt \u00fcber Hardware-basierte E2E Transparent Clock und Software Boundary Clock Funktionen. Dar\u00fcber hinaus bietet er Funktionen wie ERPS und Compatible Ring f\u00fcr schnelle Wiederherstellungszeiten in redundanten Netzwerken sowie STP\/RSTP\/MSTP\/MRP f\u00fcr zus\u00e4tzliche Redundanz. Mit Remote-Management \u00fcber Webbrowser, Telnet und Serielle Konsole bietet der Switch eine benutzerfreundliche M\u00f6glichkeit zur Konfiguration und \u00dcberwachung des Netzwerks.<\/p>\n<h3>Artikeldetails:<\/h3>\n<table>\n<thead>\n<tr>\n<th>Eigenschaft<\/th>\n<th>Spezifikation<\/th>\n<\/tr>\n<\/thead>\n<tbody>\n<tr>\n<td>Anzahl Ports<\/td>\n<td>Bis zu 6 oder 8 x 10\/100\/1000 BASE-T(X) Ports, 2 oder 4 1000 BASE-X SFP Ports<\/td>\n<\/tr>\n<tr>\n<td>Routing-Protokolle<\/td>\n<td>BGPv4, IPv4 Static, RIPv1\/v2, OSPFv2<\/td>\n<\/tr>\n<tr>\n<td>Precision Time Protocol<\/td>\n<td>IEEE1588v2<\/td>\n<\/tr>\n<tr>\n<td>Redundanz<\/td>\n<td>ERPS, Compatible Ring, STP\/RSTP\/MSTP\/MRP<\/td>\n<\/tr>\n<tr>\n<td>Remote-Management<\/td>\n<td>Web browser, Telnet, Serial Konsole<\/td>\n<\/tr>\n<tr>\n<td>Betriebstemperaturbereich<\/td>\n<td>Nicht angegeben<\/td>\n<\/tr>\n<tr>\n<td>Zertifizierungen<\/td>\n<td>IEC61850-3<\/td>\n<\/tr>\n<\/tbody>\n<\/table>\n<p>&nbsp;<\/p>\n","protected":false},"excerpt":{"rendered":"<p>Der Managed Layer 3 Switch 12 Ports EHG9612 bietet fortschrittliches Netzwerkmanagement gem\u00e4\u00df IEC 61850-3. Mit leistungsstarken Routing-Protokollen, pr\u00e4ziser Zeitsynchronisation und umfangreichen Redundanzfunktionen ist er die ideale L\u00f6sung f\u00fcr industrielle Netzwerkanwendungen.<\/p>\n","protected":false},"featured_media":1888,"comment_status":"closed","ping_status":"closed","template":"","meta":[],"product_brand":[],"product_cat":[128,126],"product_tag":[129,130,131,132,133],"class_list":{"0":"post-1820","1":"product","2":"type-product","3":"status-publish","4":"has-post-thumbnail","6":"product_cat-managed-switches","7":"product_cat-netzwerklosungen","8":"product_tag-gigabit","9":"product_tag-layer3-switch","10":"product_tag-managed-switch","11":"product_tag-ptp-protokoll","12":"product_tag-sfp-ports","14":"first","15":"instock","16":"downloadable","17":"taxable","18":"shipping-taxable","19":"product-type-simple"},"_links":{"self":[{"href":"https:\/\/pericom.biz\/index.php?rest_route=\/wp\/v2\/product\/1820","targetHints":{"allow":["GET"]}}],"collection":[{"href":"https:\/\/pericom.biz\/index.php?rest_route=\/wp\/v2\/product"}],"about":[{"href":"https:\/\/pericom.biz\/index.php?rest_route=\/wp\/v2\/types\/product"}],"replies":[{"embeddable":true,"href":"https:\/\/pericom.biz\/index.php?rest_route=%2Fwp%2Fv2%2Fcomments&post=1820"}],"wp:featuredmedia":[{"embeddable":true,"href":"https:\/\/pericom.biz\/index.php?rest_route=\/wp\/v2\/media\/1888"}],"wp:attachment":[{"href":"https:\/\/pericom.biz\/index.php?rest_route=%2Fwp%2Fv2%2Fmedia&parent=1820"}],"wp:term":[{"taxonomy":"product_brand","embeddable":true,"href":"https:\/\/pericom.biz\/index.php?rest_route=%2Fwp%2Fv2%2Fproduct_brand&post=1820"},{"taxonomy":"product_cat","embeddable":true,"href":"https:\/\/pericom.biz\/index.php?rest_route=%2Fwp%2Fv2%2Fproduct_cat&post=1820"},{"taxonomy":"product_tag","embeddable":true,"href":"https:\/\/pericom.biz\/index.php?rest_route=%2Fwp%2Fv2%2Fproduct_tag&post=1820"}],"curies":[{"name":"wp","href":"https:\/\/api.w.org\/{rel}","templated":true}]}}