{"id":1826,"date":"2026-04-16T15:58:24","date_gmt":"2026-04-16T15:58:24","guid":{"rendered":"https:\/\/pericom.biz\/?post_type=product&#038;p=1826"},"modified":"2026-04-16T16:44:30","modified_gmt":"2026-04-16T16:44:30","slug":"managed-layer-3-rail-switch-10-ports-emg8610","status":"publish","type":"product","link":"https:\/\/pericom.biz\/?product=managed-layer-3-rail-switch-10-ports-emg8610","title":{"rendered":"Managed Layer 3 Rail Switch 10 Ports EMG8610"},"content":{"rendered":"<p>Der Managed 10-Port PoE Switch Layer 3 EMG8610 ist ein leistungsstarker Gigabit Rail Switch, der speziell f\u00fcr den Einsatz in anspruchsvollen Schienenanwendungen entwickelt wurde. Mit seiner robusten IP67 Aluminiumkonstruktion und der Unterst\u00fctzung von EN50155, EN50121-4, IEC60571, EN45545-2 und UL 61010-2-201 bietet er eine zuverl\u00e4ssige Leistung unter extremen Bedingungen. Der Switch verf\u00fcgt \u00fcber bis zu 10&#215;10\/100\/1000 BASE-T(X) Ports mit M12 Steckern und 2&#215;1000 Base-X SFP Slots f\u00fcr flexible Glasfaseranbindungen. Zudem bietet er bis zu 4&#215;8 802.3af oder 802.3at PoE Ports, um eine zuverl\u00e4ssige Stromversorgung f\u00fcr PoE-f\u00e4hige Ger\u00e4te bereitzustellen. Mit leistungsstarkem Layer-3-Switching und Unterst\u00fctzung f\u00fcr Routing-Protokolle wie BGPv4, IPv4 Static, RIPv1\/v2 und OSPFv2 gew\u00e4hrleistet er eine optimale Netzwerkperformance. Der EMG8610 bietet zudem redundante Spannungsversorgungsoptionen f\u00fcr DC oder High Voltage DC sowie 2x Relaisausg\u00e4nge f\u00fcr erweiterte Steuerungsm\u00f6glichkeiten.<\/p>\n<h3>Artikeldetails:<\/h3>\n<table>\n<thead>\n<tr>\n<th>Eigenschaft<\/th>\n<th>Spezifikation<\/th>\n<\/tr>\n<\/thead>\n<tbody>\n<tr>\n<td>Anzahl Ports<\/td>\n<td>Bis zu 10&#215;10\/100\/1000 BASE-T(X) Ports, M12 Stecker<\/td>\n<\/tr>\n<tr>\n<td>SFP Slots<\/td>\n<td>2&#215;1000 Base-X SFP Slots<\/td>\n<\/tr>\n<tr>\n<td>PoE Ports<\/td>\n<td>Bis zu 4&#215;8 802.3af oder 802.3at PoE Ports<\/td>\n<\/tr>\n<tr>\n<td>Routing-Protokolle<\/td>\n<td>BGPv4, IPv4 Static, RIPv1\/v2, OSPFv2<\/td>\n<\/tr>\n<tr>\n<td>Zertifizierungen<\/td>\n<td>EN50155, EN50121-4, IEC60571, EN45545-2, UL 61010-2-201<\/td>\n<\/tr>\n<tr>\n<td>Redundante Spannungsversorgung<\/td>\n<td>DC oder High Voltage DC<\/td>\n<\/tr>\n<tr>\n<td>IP-Schutzklasse<\/td>\n<td>IP67<\/td>\n<\/tr>\n<tr>\n<td>Betriebstemperaturbereich<\/td>\n<td>-40\u00b0C~75\u00b0C<\/td>\n<\/tr>\n<tr>\n<td>Relaisausg\u00e4nge<\/td>\n<td>2x Relaisausg\u00e4nge<\/td>\n<\/tr>\n<\/tbody>\n<\/table>\n<h2>Downloads:<\/h2>\n<p><a href=\"https:\/\/pericom.biz\/wp-content\/uploads\/woocommerce_uploads\/2024\/02\/CA_EMG8610_v0.4_pericom-dmrahe.pdf\">Datenblatt EMG8610<\/a><\/p>\n<p><a href=\"https:\/\/pericom.biz\/wp-content\/uploads\/woocommerce_uploads\/2024\/02\/Atop_Product_Selection_Guide_SWITCH_v1.1_9_pericom-ctdomc.pdf\">Produkt\u00fcbersicht Switches<\/a><\/p>\n","protected":false},"excerpt":{"rendered":"<div class=\"flex-1 overflow-hidden\">\n<div class=\"react-scroll-to-bottom--css-zeyfl-79elbk h-full\">\n<div class=\"react-scroll-to-bottom--css-zeyfl-1n7m0yu\">\n<div class=\"flex flex-col pb-9 text-sm\">\n<div class=\"w-full text-token-text-primary\" data-testid=\"conversation-turn-71\">\n<div class=\"px-4 py-2 justify-center text-base md:gap-6 m-auto\">\n<div class=\"flex flex-1 text-base mx-auto gap-3 md:px-5 lg:px-1 xl:px-5 md:max-w-3xl lg:max-w-[40rem] xl:max-w-[48rem] group final-completion\">\n<div class=\"relative flex w-full flex-col agent-turn\">\n<div class=\"flex-col gap-1 md:gap-3\">\n<div class=\"flex flex-grow flex-col max-w-full\">\n<div class=\"min-h-[20px] text-message flex flex-col items-start gap-3 whitespace-pre-wrap break-words [.text-message+&amp;]:mt-5 overflow-x-auto\" data-message-author-role=\"assistant\" data-message-id=\"f47c2bda-02f4-4051-847a-654c4dd14087\">\n<div class=\"markdown prose w-full break-words dark:prose-invert dark\">\n<p>Mit seiner robusten Konstruktion, umfangreichen Zertifizierungen und leistungsstarken Funktionen bietet er eine ideale L\u00f6sung f\u00fcr anspruchsvolle Umgebungen.<\/p>\n<\/div>\n<\/div>\n<\/div>\n<\/div>\n<\/div>\n<\/div>\n<\/div>\n<\/div>\n<\/div>\n<\/div>\n<\/div>\n<\/div>\n<div class=\"w-full pt-2 md:pt-0 dark:border-white\/20 md:border-transparent md:dark:border-transparent md:w-[calc(100%-.5rem)]\">\n<form class=\"stretch mx-2 flex flex-row gap-3 last:mb-2 md:mx-4 md:last:mb-6 lg:mx-auto lg:max-w-2xl xl:max-w-3xl\">\n<div class=\"relative flex h-full flex-1 items-stretch md:flex-col\">\n<div class=\"flex w-full items-center\"><\/div>\n<\/div>\n<\/form>\n<\/div>\n","protected":false},"featured_media":1894,"comment_status":"open","ping_status":"closed","template":"","meta":[],"product_brand":[],"product_cat":[128,126],"product_tag":[],"class_list":{"0":"post-1826","1":"product","2":"type-product","3":"status-publish","4":"has-post-thumbnail","6":"product_cat-managed-switches","7":"product_cat-netzwerklosungen","9":"first","10":"instock","11":"downloadable","12":"taxable","13":"shipping-taxable","14":"product-type-simple"},"_links":{"self":[{"href":"https:\/\/pericom.biz\/index.php?rest_route=\/wp\/v2\/product\/1826","targetHints":{"allow":["GET"]}}],"collection":[{"href":"https:\/\/pericom.biz\/index.php?rest_route=\/wp\/v2\/product"}],"about":[{"href":"https:\/\/pericom.biz\/index.php?rest_route=\/wp\/v2\/types\/product"}],"replies":[{"embeddable":true,"href":"https:\/\/pericom.biz\/index.php?rest_route=%2Fwp%2Fv2%2Fcomments&post=1826"}],"wp:featuredmedia":[{"embeddable":true,"href":"https:\/\/pericom.biz\/index.php?rest_route=\/wp\/v2\/media\/1894"}],"wp:attachment":[{"href":"https:\/\/pericom.biz\/index.php?rest_route=%2Fwp%2Fv2%2Fmedia&parent=1826"}],"wp:term":[{"taxonomy":"product_brand","embeddable":true,"href":"https:\/\/pericom.biz\/index.php?rest_route=%2Fwp%2Fv2%2Fproduct_brand&post=1826"},{"taxonomy":"product_cat","embeddable":true,"href":"https:\/\/pericom.biz\/index.php?rest_route=%2Fwp%2Fv2%2Fproduct_cat&post=1826"},{"taxonomy":"product_tag","embeddable":true,"href":"https:\/\/pericom.biz\/index.php?rest_route=%2Fwp%2Fv2%2Fproduct_tag&post=1826"}],"curies":[{"name":"wp","href":"https:\/\/api.w.org\/{rel}","templated":true}]}}