{"id":1842,"date":"2026-04-16T16:08:36","date_gmt":"2026-04-16T16:08:36","guid":{"rendered":"https:\/\/pericom.biz\/?post_type=product&#038;p=1842"},"modified":"2026-04-16T16:45:13","modified_gmt":"2026-04-16T16:45:13","slug":"industrieller-wireless-access-point-aw5500-zuverlassiges-wlan-mit-gigabit-ethernet","status":"publish","type":"product","link":"https:\/\/pericom.biz\/?product=industrieller-wireless-access-point-aw5500-zuverlassiges-wlan-mit-gigabit-ethernet","title":{"rendered":"Industrieller Wireless Access Point AW5500: Zuverl\u00e4ssiges WLAN mit Gigabit Ethernet"},"content":{"rendered":"<p>Der industrielle Wireless Access Point AW5500 bietet zuverl\u00e4ssige drahtlose Konnektivit\u00e4t mit Gigabit Ethernet f\u00fcr industrielle Umgebungen. Mit Unterst\u00fctzung f\u00fcr IEEE802.11 a\/b\/g\/n bietet dieser Access Point eine breite Abdeckung und hohe Leistungsf\u00e4higkeit.<\/p>\n<p>Der AW5500 erm\u00f6glicht eine einfache Konfiguration \u00fcber einen Webserver oder ein Dienstprogramm und kann problemlos \u00fcber die Management-Utility oder die Web-Benutzeroberfl\u00e4che aktualisiert werden, was eine einfache Verwaltung und Wartung erm\u00f6glicht.<\/p>\n<p>Mit Dualband-Unterst\u00fctzung f\u00fcr 5 GHz und 2,4 GHz bietet der Access Point Flexibilit\u00e4t bei der Frequenzwahl und optimale Leistung in verschiedenen Umgebungen. Die Client-Isolation-Funktion trennt die Kommunikation zwischen einzelnen Client-Ger\u00e4ten im Netzwerk f\u00fcr zus\u00e4tzliche Sicherheit.<\/p>\n<p>Der Access Point unterst\u00fctzt verschiedene Betriebsarten, darunter WDS Bridge und AP Client, um unterschiedliche Netzwerkanforderungen zu erf\u00fcllen und Flexibilit\u00e4t bei der Netzwerkkonfiguration zu bieten. Das robuste Metallgeh\u00e4use und die DIN-Schienenmontage machen den AW5500 ideal f\u00fcr den Einsatz in industriellen Umgebungen.<\/p>\n<h3>Artikeldetails:<\/h3>\n<table>\n<thead>\n<tr>\n<th>Eigenschaft<\/th>\n<th>Spezifikation<\/th>\n<\/tr>\n<\/thead>\n<tbody>\n<tr>\n<td>WLAN-Standard<\/td>\n<td>IEEE802.11 a\/b\/g\/n<\/td>\n<\/tr>\n<tr>\n<td>Ethernet<\/td>\n<td>Gigabit Ethernet<\/td>\n<\/tr>\n<tr>\n<td>Konfiguration<\/td>\n<td>Webserver\/Dienstprogramm<\/td>\n<\/tr>\n<tr>\n<td>Aktualisierung<\/td>\n<td>\u00dcber Management-Dienstprogramm oder Web-Benutzeroberfl\u00e4che<\/td>\n<\/tr>\n<tr>\n<td>Frequenzb\u00e4nder<\/td>\n<td>5 GHz und 2,4 GHz<\/td>\n<\/tr>\n<tr>\n<td>Client-Isolation<\/td>\n<td>Verf\u00fcgbar<\/td>\n<\/tr>\n<tr>\n<td>Betriebsarten<\/td>\n<td>WDS Bridge und AP Client<\/td>\n<\/tr>\n<tr>\n<td>Geh\u00e4use<\/td>\n<td>Robustes Metallgeh\u00e4use<\/td>\n<\/tr>\n<\/tbody>\n<\/table>\n<h2>Downloads:<\/h2>\n<p><a href=\"https:\/\/pericom.biz\/wp-content\/uploads\/woocommerce_uploads\/2024\/02\/AW5500_v4.2-2020.12.16_pericom-vrafwp.pdf\">Datenblatt AW5500<\/a><\/p>\n<p><a href=\"https:\/\/pericom.biz\/wp-content\/uploads\/woocommerce_uploads\/2024\/02\/Atop_Product_Selection_Guide_SERIAL_WIRELESS_v1.1-10_pericom-aormkv.pdf\">Produkt\u00fcbersicht Seriell\/Wireless<\/a><\/p>\n","protected":false},"excerpt":{"rendered":"<div class=\"flex-1 overflow-hidden\">\n<div class=\"react-scroll-to-bottom--css-zeyfl-79elbk h-full\">\n<div class=\"react-scroll-to-bottom--css-zeyfl-1n7m0yu\">\n<div class=\"flex flex-col pb-9 text-sm\">\n<div class=\"w-full text-token-text-primary\" data-testid=\"conversation-turn-81\">\n<div class=\"px-4 py-2 justify-center text-base md:gap-6 m-auto\">\n<div class=\"flex flex-1 text-base mx-auto gap-3 md:px-5 lg:px-1 xl:px-5 md:max-w-3xl lg:max-w-[40rem] xl:max-w-[48rem] group final-completion\">\n<div class=\"relative flex w-full flex-col agent-turn\">\n<div class=\"flex-col gap-1 md:gap-3\">\n<div class=\"flex flex-grow flex-col max-w-full\">\n<div class=\"min-h-[20px] text-message flex flex-col items-start gap-3 whitespace-pre-wrap break-words [.text-message+&amp;]:mt-5 overflow-x-auto\" data-message-author-role=\"assistant\" data-message-id=\"40551546-0147-4eaa-b686-d41d356f3d68\">\n<div class=\"markdown prose w-full break-words dark:prose-invert dark\">\n<p>Der industrielle Wireless Access Point AW5500 bietet zuverl\u00e4ssiges WLAN mit Gigabit Ethernet f\u00fcr industrielle Umgebungen. Mit IEEE802.11 a\/b\/g\/n Unterst\u00fctzung, Dualband-Betrieb und Client-Isolation bietet er hohe Leistungsf\u00e4higkeit und Sicherheit.<\/p>\n<\/div>\n<\/div>\n<\/div>\n<div class=\"mt-1 flex justify-start gap-3 empty:hidden\">\n<div class=\"text-gray-400 flex self-end lg:self-center justify-center lg:justify-start mt-0 -ml-1 visible\">\n<p>&nbsp;<\/p>\n<div class=\"flex items-center gap-1.5 text-xs\"><\/div>\n<div class=\"flex\"><\/div>\n<\/div>\n<\/div>\n<\/div>\n<div class=\"absolute\">\n<div class=\"flex w-full gap-2 items-center justify-center\"><\/div>\n<\/div>\n<\/div>\n<\/div>\n<\/div>\n<\/div>\n<\/div>\n<\/div>\n<\/div>\n<\/div>\n<div class=\"w-full pt-2 md:pt-0 dark:border-white\/20 md:border-transparent md:dark:border-transparent md:w-[calc(100%-.5rem)]\">\n<form class=\"stretch mx-2 flex flex-row gap-3 last:mb-2 md:mx-4 md:last:mb-6 lg:mx-auto lg:max-w-2xl xl:max-w-3xl\">\n<div class=\"relative flex h-full flex-1 items-stretch md:flex-col\">\n<div class=\"flex w-full items-center\"><\/div>\n<\/div>\n<\/form>\n<\/div>\n","protected":false},"featured_media":1914,"comment_status":"closed","ping_status":"closed","template":"","meta":[],"product_brand":[],"product_cat":[126,134,121],"product_tag":[],"class_list":{"0":"post-1842","1":"product","2":"type-product","3":"status-publish","4":"has-post-thumbnail","6":"product_cat-netzwerklosungen","7":"product_cat-wireless-switches","8":"product_cat-wlan","10":"first","11":"instock","12":"downloadable","13":"taxable","14":"shipping-taxable","15":"product-type-simple"},"_links":{"self":[{"href":"https:\/\/pericom.biz\/index.php?rest_route=\/wp\/v2\/product\/1842","targetHints":{"allow":["GET"]}}],"collection":[{"href":"https:\/\/pericom.biz\/index.php?rest_route=\/wp\/v2\/product"}],"about":[{"href":"https:\/\/pericom.biz\/index.php?rest_route=\/wp\/v2\/types\/product"}],"replies":[{"embeddable":true,"href":"https:\/\/pericom.biz\/index.php?rest_route=%2Fwp%2Fv2%2Fcomments&post=1842"}],"wp:featuredmedia":[{"embeddable":true,"href":"https:\/\/pericom.biz\/index.php?rest_route=\/wp\/v2\/media\/1914"}],"wp:attachment":[{"href":"https:\/\/pericom.biz\/index.php?rest_route=%2Fwp%2Fv2%2Fmedia&parent=1842"}],"wp:term":[{"taxonomy":"product_brand","embeddable":true,"href":"https:\/\/pericom.biz\/index.php?rest_route=%2Fwp%2Fv2%2Fproduct_brand&post=1842"},{"taxonomy":"product_cat","embeddable":true,"href":"https:\/\/pericom.biz\/index.php?rest_route=%2Fwp%2Fv2%2Fproduct_cat&post=1842"},{"taxonomy":"product_tag","embeddable":true,"href":"https:\/\/pericom.biz\/index.php?rest_route=%2Fwp%2Fv2%2Fproduct_tag&post=1842"}],"curies":[{"name":"wp","href":"https:\/\/api.w.org\/{rel}","templated":true}]}}