{"id":1865,"date":"2026-04-16T16:26:16","date_gmt":"2026-04-16T16:26:16","guid":{"rendered":"https:\/\/pericom.biz\/?post_type=product&#038;p=1865"},"modified":"2026-04-16T16:45:23","modified_gmt":"2026-04-16T16:45:23","slug":"profibus-compact-repeater","status":"publish","type":"product","link":"https:\/\/pericom.biz\/?product=profibus-compact-repeater","title":{"rendered":"Profibus Compact Repeater"},"content":{"rendered":"<p>Der Profibus Compact Repeater 700-972-0RB12 ist eine ideale L\u00f6sung f\u00fcr die Erweiterung von Profibus-Netzwerken in industriellen Umgebungen. Seine extrem kleine Bauform erm\u00f6glicht eine einfache Integration in Schaltschr\u00e4nke ohne zus\u00e4tzlichen Platzbedarf.<\/p>\n<p>Als Alternative zu herk\u00f6mmlichen Profibus-Repeatern bietet dieser Compact Repeater eine hohe Flexibilit\u00e4t bei der Busverl\u00e4ngerung oder der Einrichtung von Stichleitungen. Er erm\u00f6glicht die Erh\u00f6hung der Teilnehmerzahl und erleichtert die Anlagenerweiterung, ohne dass zus\u00e4tzliche Verdrahtung erforderlich ist.<\/p>\n<p>Der Compact Repeater kann auch in MPI-Netzwerken eingesetzt werden und bietet Status-LEDs f\u00fcr eine einfache Diagnose. Eine separate 24 V Versorgung ist nicht erforderlich, da der Repeater direkt vom Profibus-Anschluss mit 5 V Spannung versorgt wird. Dadurch kann er auf jedem Profibus-Ger\u00e4t eingesetzt werden, ohne zus\u00e4tzlichen Aufwand f\u00fcr die Stromversorgung.<\/p>\n<p>Zus\u00e4tzlich bietet der Compact Repeater galvanische Trennung, um eine sichere Daten\u00fcbertragung zu gew\u00e4hrleisten und potenzielle St\u00f6rungen zu minimieren.<\/p>\n<h3>Artikeldetails:<\/h3>\n<table>\n<thead>\n<tr>\n<th>Eigenschaft<\/th>\n<th>Spezifikation<\/th>\n<\/tr>\n<\/thead>\n<tbody>\n<tr>\n<td>Bauform<\/td>\n<td>Extrem klein<\/td>\n<\/tr>\n<tr>\n<td>Einsatzgebiet<\/td>\n<td>Profibus-Netzwerkerweiterung<\/td>\n<\/tr>\n<tr>\n<td>Kompatibilit\u00e4t<\/td>\n<td>MPI-Netzwerke<\/td>\n<\/tr>\n<tr>\n<td>Spannungsversorgung<\/td>\n<td>5 V direkt vom Profibus-Anschluss<\/td>\n<\/tr>\n<tr>\n<td>Galvanische Trennung<\/td>\n<td>Vorhanden<\/td>\n<\/tr>\n<tr>\n<td>Status LEDs<\/td>\n<td>Vorhanden<\/td>\n<\/tr>\n<tr>\n<td>Zus\u00e4tzliche Stromversorgung<\/td>\n<td>Nicht erforderlich<\/td>\n<\/tr>\n<\/tbody>\n<\/table>\n<h2>Downloads:<\/h2>\n<p><a href=\"https:\/\/pericom.biz\/wp-content\/uploads\/woocommerce_uploads\/2024\/02\/PROFIBUS_Compact_Repeater_700-972-0RB12_pericom-016etu.pdf\">Datenblatt 700-972-0RB12<\/a><\/p>\n","protected":false},"excerpt":{"rendered":"<div class=\"flex-1 overflow-hidden\">\n<div class=\"react-scroll-to-bottom--css-iiczm-79elbk h-full\">\n<div class=\"react-scroll-to-bottom--css-iiczm-1n7m0yu\">\n<div class=\"flex flex-col pb-9 text-sm\">\n<div class=\"w-full text-token-text-primary\" data-testid=\"conversation-turn-113\">\n<div class=\"px-4 py-2 justify-center text-base md:gap-6 m-auto\">\n<div class=\"flex flex-1 text-base mx-auto gap-3 md:px-5 lg:px-1 xl:px-5 md:max-w-3xl lg:max-w-[40rem] xl:max-w-[48rem] group final-completion\">\n<div class=\"relative flex w-full flex-col agent-turn\">\n<div class=\"flex-col gap-1 md:gap-3\">\n<div class=\"flex flex-grow flex-col max-w-full\">\n<div class=\"min-h-[20px] text-message flex flex-col items-start gap-3 whitespace-pre-wrap break-words [.text-message+&amp;]:mt-5 overflow-x-auto\" data-message-author-role=\"assistant\" data-message-id=\"17477eb5-873f-4b3d-98a3-af9cd8a8d841\">\n<div class=\"markdown prose w-full break-words dark:prose-invert dark\">\n<p>Der Profibus Compact Repeater 700-972-0RB12 ist eine extrem kleine und flexible L\u00f6sung zur Erweiterung von Profibus-Netzwerken. Er erlaubt eine einfache Integration ohne zus\u00e4tzlichen Platzbedarf und kann direkt vom Profibus-Anschluss mit 5 V Spannung versorgt werden, was eine universelle Verwendung erm\u00f6glicht.<\/p>\n<\/div>\n<\/div>\n<\/div>\n<\/div>\n<\/div>\n<\/div>\n<\/div>\n<\/div>\n<\/div>\n<\/div>\n<\/div>\n<\/div>\n","protected":false},"featured_media":1927,"comment_status":"open","ping_status":"closed","template":"","meta":[],"product_brand":[],"product_cat":[157,158],"product_tag":[],"class_list":{"0":"post-1865","1":"product","2":"type-product","3":"status-publish","4":"has-post-thumbnail","6":"product_cat-feldbusse","7":"product_cat-profibus","9":"first","10":"instock","11":"downloadable","12":"taxable","13":"shipping-taxable","14":"product-type-simple"},"_links":{"self":[{"href":"https:\/\/pericom.biz\/index.php?rest_route=\/wp\/v2\/product\/1865","targetHints":{"allow":["GET"]}}],"collection":[{"href":"https:\/\/pericom.biz\/index.php?rest_route=\/wp\/v2\/product"}],"about":[{"href":"https:\/\/pericom.biz\/index.php?rest_route=\/wp\/v2\/types\/product"}],"replies":[{"embeddable":true,"href":"https:\/\/pericom.biz\/index.php?rest_route=%2Fwp%2Fv2%2Fcomments&post=1865"}],"wp:featuredmedia":[{"embeddable":true,"href":"https:\/\/pericom.biz\/index.php?rest_route=\/wp\/v2\/media\/1927"}],"wp:attachment":[{"href":"https:\/\/pericom.biz\/index.php?rest_route=%2Fwp%2Fv2%2Fmedia&parent=1865"}],"wp:term":[{"taxonomy":"product_brand","embeddable":true,"href":"https:\/\/pericom.biz\/index.php?rest_route=%2Fwp%2Fv2%2Fproduct_brand&post=1865"},{"taxonomy":"product_cat","embeddable":true,"href":"https:\/\/pericom.biz\/index.php?rest_route=%2Fwp%2Fv2%2Fproduct_cat&post=1865"},{"taxonomy":"product_tag","embeddable":true,"href":"https:\/\/pericom.biz\/index.php?rest_route=%2Fwp%2Fv2%2Fproduct_tag&post=1865"}],"curies":[{"name":"wp","href":"https:\/\/api.w.org\/{rel}","templated":true}]}}