{"id":1875,"date":"2026-04-16T16:33:31","date_gmt":"2026-04-16T16:33:31","guid":{"rendered":"https:\/\/pericom.biz\/?post_type=product&#038;p=1875"},"modified":"2026-04-16T16:45:26","modified_gmt":"2026-04-16T16:45:26","slug":"flextra-twinrepeater","status":"publish","type":"product","link":"https:\/\/pericom.biz\/?product=flextra-twinrepeater","title":{"rendered":"FLEXtra\u00ae TwinRepeater"},"content":{"rendered":"<p>Der FLEXtra\u00ae TwinRepeater (Artikel-Nr.: 700-972-2AA02) ist ein vielseitiges Ger\u00e4t zur Erweiterung und Verl\u00e4ngerung von Profibus-Netzwerken. Er erm\u00f6glicht die einfache Integration zus\u00e4tzlicher Teilnehmer, die Erweiterung von Anlagen und die Schaffung von Stichleitungen. Mit seinen Status-LEDs pro Segment bietet der TwinRepeater eine schnelle und klare \u00dcberwachung des Netzwerkstatus. Die Repeatingfunktion ist abschaltbar, um eine flexible Konfiguration zu erm\u00f6glichen. Zudem ist das Ger\u00e4t mit galvanischer Trennung ausgestattet, um eine zuverl\u00e4ssige Signal\u00fcbertragung zu gew\u00e4hrleisten. Der TwinRepeater kann auch problemlos in MPI-Netzwerken eingesetzt werden, was seine Vielseitigkeit weiter erh\u00f6ht.<\/p>\n<h3>Artikeldetails:<\/h3>\n<table>\n<thead>\n<tr>\n<th>Eigenschaft<\/th>\n<th>Spezifikation<\/th>\n<\/tr>\n<\/thead>\n<tbody>\n<tr>\n<td>Anwendungen<\/td>\n<td>Busverl\u00e4ngerung, Stichleitung, Anlagenerweiterung<\/td>\n<\/tr>\n<tr>\n<td>Kompatibilit\u00e4t<\/td>\n<td>MPI-Netzwerke, Profibus-Netzwerke<\/td>\n<\/tr>\n<tr>\n<td>Status LEDs<\/td>\n<td>Pro Segment<\/td>\n<\/tr>\n<tr>\n<td>Repeatingfunktion<\/td>\n<td>Abschaltbar<\/td>\n<\/tr>\n<tr>\n<td>Trennung<\/td>\n<td>Galvanische Trennung<\/td>\n<\/tr>\n<\/tbody>\n<\/table>\n<h2>Downloads:<\/h2>\n<p><a href=\"https:\/\/pericom.biz\/wp-content\/uploads\/woocommerce_uploads\/2024\/02\/FLEXtra_twinRepeater_700-972-2AA02_pericom-p0vbik.pdf\">Datenblatt 700-972-2AA02 <\/a><\/p>\n","protected":false},"excerpt":{"rendered":"<div class=\"flex-1 overflow-hidden\">\n<div class=\"react-scroll-to-bottom--css-iiczm-79elbk h-full\">\n<div class=\"react-scroll-to-bottom--css-iiczm-1n7m0yu\">\n<div class=\"flex flex-col pb-9 text-sm\">\n<div class=\"w-full text-token-text-primary\" data-testid=\"conversation-turn-133\">\n<div class=\"px-4 py-2 justify-center text-base md:gap-6 m-auto\">\n<div class=\"flex flex-1 text-base mx-auto gap-3 md:px-5 lg:px-1 xl:px-5 md:max-w-3xl lg:max-w-[40rem] xl:max-w-[48rem] group final-completion\">\n<div class=\"relative flex w-full flex-col agent-turn\">\n<div class=\"flex-col gap-1 md:gap-3\">\n<div class=\"flex flex-grow flex-col max-w-full\">\n<div class=\"min-h-[20px] text-message flex flex-col items-start gap-3 whitespace-pre-wrap break-words [.text-message+&amp;]:mt-5 overflow-x-auto\" data-message-author-role=\"assistant\" data-message-id=\"70926e67-cfea-4510-936e-8d1f98fa3285\">\n<div class=\"markdown prose w-full break-words dark:prose-invert dark\">\n<p>Der FLEXtra\u00ae TwinRepeater ist ein vielseitiges Ger\u00e4t zur Erweiterung und Verl\u00e4ngerung von Profibus-Netzwerken. Mit seinen Status-LEDs, abschaltbarer Repeatingfunktion und galvanischer Trennung ist er die ideale L\u00f6sung f\u00fcr eine zuverl\u00e4ssige und flexible Netzwerkerweiterung.<\/p>\n<\/div>\n<\/div>\n<\/div>\n<div class=\"mt-1 flex justify-start gap-3 empty:hidden\">\n<div class=\"text-gray-400 flex self-end lg:self-center justify-center lg:justify-start mt-0 -ml-1 visible\">\n<p>&nbsp;<\/p>\n<div class=\"flex items-center gap-1.5 text-xs\"><\/div>\n<div class=\"flex\"><\/div>\n<\/div>\n<\/div>\n<\/div>\n<div class=\"absolute\">\n<div class=\"flex w-full gap-2 items-center justify-center\"><\/div>\n<\/div>\n<\/div>\n<\/div>\n<\/div>\n<\/div>\n<\/div>\n<\/div>\n<\/div>\n<\/div>\n<div class=\"w-full pt-2 md:pt-0 dark:border-white\/20 md:border-transparent md:dark:border-transparent md:w-[calc(100%-.5rem)]\">\n<form class=\"stretch mx-2 flex flex-row gap-3 last:mb-2 md:mx-4 md:last:mb-6 lg:mx-auto lg:max-w-2xl xl:max-w-3xl\">\n<div class=\"relative flex h-full flex-1 items-stretch md:flex-col\">\n<div class=\"flex w-full items-center\"><\/div>\n<\/div>\n<\/form>\n<\/div>\n","protected":false},"featured_media":1931,"comment_status":"open","ping_status":"closed","template":"","meta":[],"product_brand":[],"product_cat":[157,158],"product_tag":[],"class_list":{"0":"post-1875","1":"product","2":"type-product","3":"status-publish","4":"has-post-thumbnail","6":"product_cat-feldbusse","7":"product_cat-profibus","9":"first","10":"instock","11":"downloadable","12":"taxable","13":"shipping-taxable","14":"product-type-simple"},"_links":{"self":[{"href":"https:\/\/pericom.biz\/index.php?rest_route=\/wp\/v2\/product\/1875","targetHints":{"allow":["GET"]}}],"collection":[{"href":"https:\/\/pericom.biz\/index.php?rest_route=\/wp\/v2\/product"}],"about":[{"href":"https:\/\/pericom.biz\/index.php?rest_route=\/wp\/v2\/types\/product"}],"replies":[{"embeddable":true,"href":"https:\/\/pericom.biz\/index.php?rest_route=%2Fwp%2Fv2%2Fcomments&post=1875"}],"wp:featuredmedia":[{"embeddable":true,"href":"https:\/\/pericom.biz\/index.php?rest_route=\/wp\/v2\/media\/1931"}],"wp:attachment":[{"href":"https:\/\/pericom.biz\/index.php?rest_route=%2Fwp%2Fv2%2Fmedia&parent=1875"}],"wp:term":[{"taxonomy":"product_brand","embeddable":true,"href":"https:\/\/pericom.biz\/index.php?rest_route=%2Fwp%2Fv2%2Fproduct_brand&post=1875"},{"taxonomy":"product_cat","embeddable":true,"href":"https:\/\/pericom.biz\/index.php?rest_route=%2Fwp%2Fv2%2Fproduct_cat&post=1875"},{"taxonomy":"product_tag","embeddable":true,"href":"https:\/\/pericom.biz\/index.php?rest_route=%2Fwp%2Fv2%2Fproduct_tag&post=1875"}],"curies":[{"name":"wp","href":"https:\/\/api.w.org\/{rel}","templated":true}]}}