{"id":1876,"date":"2026-04-16T16:34:37","date_gmt":"2026-04-16T16:34:37","guid":{"rendered":"https:\/\/pericom.biz\/?post_type=product&#038;p=1876"},"modified":"2026-04-16T16:45:27","modified_gmt":"2026-04-16T16:45:27","slug":"profibus-stecker-35-schraubtechnik-mit-pg","status":"publish","type":"product","link":"https:\/\/pericom.biz\/?product=profibus-stecker-35-schraubtechnik-mit-pg","title":{"rendered":"Profibus-Stecker, 35\u00b0, Schraubtechnik, Mit PG"},"content":{"rendered":"<p>Der Profibus-Stecker (Artikel-Nr.: 700-972-0BB41) mit 35\u00b0-Kabelabgang und Schraubtechnik bietet eine zuverl\u00e4ssige L\u00f6sung f\u00fcr Profibus-Verbindungen. Dank der integrierten PG-Schnittstelle erm\u00f6glicht er eine einfache Montage und Konfiguration. Das metallisierte Geh\u00e4use und der integrierte schaltbare Abschlusswiderstand gew\u00e4hrleisten eine stabile Signal\u00fcbertragung und eine hohe Robustheit in anspruchsvollen Umgebungen. Die bew\u00e4hrte Schraubtechnik erm\u00f6glicht eine schnelle und sichere Montage ohne verlierbare Teile. Erh\u00e4ltlich in Verpackungseinheiten von 10 oder 50 St\u00fcck bietet dieser Profibus-Stecker eine flexible L\u00f6sung f\u00fcr verschiedene Anwendungen. Die maximale Umgebungstemperatur gem\u00e4\u00df UL betr\u00e4gt +60\u00b0C, was eine zuverl\u00e4ssige Leistung in unterschiedlichen Umgebungen garantiert.<\/p>\n<h3>Artikeldetails:<\/h3>\n<table>\n<thead>\n<tr>\n<th>Eigenschaft<\/th>\n<th>Spezifikation<\/th>\n<\/tr>\n<\/thead>\n<tbody>\n<tr>\n<td>Kabelabgang<\/td>\n<td>35\u00b0<\/td>\n<\/tr>\n<tr>\n<td>Anschlusstechnik<\/td>\n<td>Schraubtechnik<\/td>\n<\/tr>\n<tr>\n<td>Integrierter Abschlusswiderstand<\/td>\n<td>Ja<\/td>\n<\/tr>\n<tr>\n<td>PG-Schnittstelle<\/td>\n<td>Integriert<\/td>\n<\/tr>\n<tr>\n<td>Geh\u00e4usematerial<\/td>\n<td>Metallisiertes Geh\u00e4use<\/td>\n<\/tr>\n<tr>\n<td>Temperaturbereich<\/td>\n<td>Bis zu +60\u00b0C gem\u00e4\u00df UL<\/td>\n<\/tr>\n<tr>\n<td>Verpackungseinheiten<\/td>\n<td>10 bzw. 50 St\u00fcck erh\u00e4ltlich<\/td>\n<\/tr>\n<\/tbody>\n<\/table>\n<h2>Downloads:<\/h2>\n<p><a href=\"https:\/\/pericom.biz\/wp-content\/uploads\/woocommerce_uploads\/2024\/02\/mit_PG_700-972-0BB41_pericom-v343jg.pdf\">Datenblatt 700-972-0BB41 <\/a><\/p>\n","protected":false},"excerpt":{"rendered":"<div class=\"flex-1 overflow-hidden\">\n<div class=\"react-scroll-to-bottom--css-iiczm-79elbk h-full\">\n<div class=\"react-scroll-to-bottom--css-iiczm-1n7m0yu\">\n<div class=\"flex flex-col pb-9 text-sm\">\n<div class=\"w-full text-token-text-primary\" data-testid=\"conversation-turn-135\">\n<div class=\"px-4 py-2 justify-center text-base md:gap-6 m-auto\">\n<div class=\"flex flex-1 text-base mx-auto gap-3 md:px-5 lg:px-1 xl:px-5 md:max-w-3xl lg:max-w-[40rem] xl:max-w-[48rem] group final-completion\">\n<div class=\"relative flex w-full flex-col agent-turn\">\n<div class=\"flex-col gap-1 md:gap-3\">\n<div class=\"flex flex-grow flex-col max-w-full\">\n<div class=\"min-h-[20px] text-message flex flex-col items-start gap-3 whitespace-pre-wrap break-words [.text-message+&amp;]:mt-5 overflow-x-auto\" data-message-author-role=\"assistant\" data-message-id=\"4561e726-6998-4a06-b6af-45fae4366936\">\n<div class=\"markdown prose w-full break-words dark:prose-invert dark\">\n<p>Der Profibus-Stecker\u00a0 mit 35\u00b0-Kabelabgang und Schraubtechnik bietet eine zuverl\u00e4ssige L\u00f6sung f\u00fcr Profibus-Verbindungen. Mit integriertem schaltbarem Abschlusswiderstand und PG-Schnittstelle erm\u00f6glicht er eine einfache Montage und eine stabile Signal\u00fcbertragung in anspruchsvollen Umgebungen.<\/p>\n<\/div>\n<\/div>\n<\/div>\n<\/div>\n<\/div>\n<\/div>\n<\/div>\n<\/div>\n<\/div>\n<\/div>\n<\/div>\n<\/div>\n","protected":false},"featured_media":1932,"comment_status":"open","ping_status":"closed","template":"","meta":[],"product_brand":[],"product_cat":[157,158],"product_tag":[],"class_list":{"0":"post-1876","1":"product","2":"type-product","3":"status-publish","4":"has-post-thumbnail","6":"product_cat-feldbusse","7":"product_cat-profibus","9":"first","10":"instock","11":"downloadable","12":"taxable","13":"shipping-taxable","14":"product-type-simple"},"_links":{"self":[{"href":"https:\/\/pericom.biz\/index.php?rest_route=\/wp\/v2\/product\/1876","targetHints":{"allow":["GET"]}}],"collection":[{"href":"https:\/\/pericom.biz\/index.php?rest_route=\/wp\/v2\/product"}],"about":[{"href":"https:\/\/pericom.biz\/index.php?rest_route=\/wp\/v2\/types\/product"}],"replies":[{"embeddable":true,"href":"https:\/\/pericom.biz\/index.php?rest_route=%2Fwp%2Fv2%2Fcomments&post=1876"}],"wp:featuredmedia":[{"embeddable":true,"href":"https:\/\/pericom.biz\/index.php?rest_route=\/wp\/v2\/media\/1932"}],"wp:attachment":[{"href":"https:\/\/pericom.biz\/index.php?rest_route=%2Fwp%2Fv2%2Fmedia&parent=1876"}],"wp:term":[{"taxonomy":"product_brand","embeddable":true,"href":"https:\/\/pericom.biz\/index.php?rest_route=%2Fwp%2Fv2%2Fproduct_brand&post=1876"},{"taxonomy":"product_cat","embeddable":true,"href":"https:\/\/pericom.biz\/index.php?rest_route=%2Fwp%2Fv2%2Fproduct_cat&post=1876"},{"taxonomy":"product_tag","embeddable":true,"href":"https:\/\/pericom.biz\/index.php?rest_route=%2Fwp%2Fv2%2Fproduct_tag&post=1876"}],"curies":[{"name":"wp","href":"https:\/\/api.w.org\/{rel}","templated":true}]}}