{"id":1877,"date":"2026-04-16T16:35:39","date_gmt":"2026-04-16T16:35:39","guid":{"rendered":"https:\/\/pericom.biz\/?post_type=product&#038;p=1877"},"modified":"2026-04-16T16:45:28","modified_gmt":"2026-04-16T16:45:28","slug":"dp-dp-koppler","status":"publish","type":"product","link":"https:\/\/pericom.biz\/?product=dp-dp-koppler","title":{"rendered":"DP &#8211; DP Koppler"},"content":{"rendered":"<p>Der DP &#8211; DP Koppler (Artikel-Nr.: 700-158-0AD02) erm\u00f6glicht die Verbindung von zwei Profibus-DP Netzwerken und den Datenaustausch zwischen den Mastern. Mit der F\u00e4higkeit, bis zu 244 Byte Eingangs- und 244 Byte Ausgangsdaten zwischen den PROFIBUS-Netzen auszutauschen, bietet dieser Koppler eine effiziente L\u00f6sung f\u00fcr die Integration von Profibus-Systemen. Die doppelt ausgef\u00fchrte, redundante Stromversorgung und die galvanische Trennung zwischen den Netzwerken gew\u00e4hrleisten eine zuverl\u00e4ssige und sichere Daten\u00fcbertragung. Die PROFIBUS-Adressen k\u00f6nnen entweder mittels DIL-Schalter oder Software eingestellt werden, um eine flexible Konfiguration zu erm\u00f6glichen. Mit Unterst\u00fctzung von PROFIBUS-DP bis zu 12 Mbit\/s bietet dieser Koppler eine hohe Leistungsf\u00e4higkeit f\u00fcr verschiedene Anwendungen.<\/p>\n<h3>Artikeldetails:<\/h3>\n<table>\n<thead>\n<tr>\n<th>Eigenschaft<\/th>\n<th>Spezifikation<\/th>\n<\/tr>\n<\/thead>\n<tbody>\n<tr>\n<td>Daten\u00fcbertragung<\/td>\n<td>Bis zu 244 Byte Eingangs- und Ausgangsdaten<\/td>\n<\/tr>\n<tr>\n<td>Stromversorgung<\/td>\n<td>Doppelt ausgef\u00fchrt, redundant<\/td>\n<\/tr>\n<tr>\n<td>Galvanische Trennung<\/td>\n<td>Zwischen den PROFIBUS-Netzen<\/td>\n<\/tr>\n<tr>\n<td>Adresseneinstellung<\/td>\n<td>DIL-Schalter oder Software<\/td>\n<\/tr>\n<tr>\n<td>Unterst\u00fctzte Geschwindigkeit<\/td>\n<td>Bis zu 12 Mbit\/s PROFIBUS-DP<\/td>\n<\/tr>\n<\/tbody>\n<\/table>\n<h2>Downloads:<\/h2>\n<p><a href=\"https:\/\/pericom.biz\/wp-content\/uploads\/woocommerce_uploads\/2024\/02\/DPDP-Koppler_700-158-0AD02_pericom-zwcbbt.pdf\">Datenblatt 700-158-0AD02<\/a><\/p>\n","protected":false},"excerpt":{"rendered":"<p>Der DP &#8211; DP Koppler\u00a0 erm\u00f6glicht die Verbindung und den Datenaustausch zwischen zwei Profibus-DP Netzwerken. Mit Unterst\u00fctzung von bis zu 244 Byte Eingangs- und Ausgangsdaten sowie einer redundanten Stromversorgung bietet dieser Koppler eine zuverl\u00e4ssige L\u00f6sung f\u00fcr die Integration von PROFIBUS-Systemen.<\/p>\n","protected":false},"featured_media":1933,"comment_status":"open","ping_status":"closed","template":"","meta":[],"product_brand":[],"product_cat":[157,158],"product_tag":[],"class_list":{"0":"post-1877","1":"product","2":"type-product","3":"status-publish","4":"has-post-thumbnail","6":"product_cat-feldbusse","7":"product_cat-profibus","9":"first","10":"instock","11":"downloadable","12":"taxable","13":"shipping-taxable","14":"product-type-simple"},"_links":{"self":[{"href":"https:\/\/pericom.biz\/index.php?rest_route=\/wp\/v2\/product\/1877","targetHints":{"allow":["GET"]}}],"collection":[{"href":"https:\/\/pericom.biz\/index.php?rest_route=\/wp\/v2\/product"}],"about":[{"href":"https:\/\/pericom.biz\/index.php?rest_route=\/wp\/v2\/types\/product"}],"replies":[{"embeddable":true,"href":"https:\/\/pericom.biz\/index.php?rest_route=%2Fwp%2Fv2%2Fcomments&post=1877"}],"wp:featuredmedia":[{"embeddable":true,"href":"https:\/\/pericom.biz\/index.php?rest_route=\/wp\/v2\/media\/1933"}],"wp:attachment":[{"href":"https:\/\/pericom.biz\/index.php?rest_route=%2Fwp%2Fv2%2Fmedia&parent=1877"}],"wp:term":[{"taxonomy":"product_brand","embeddable":true,"href":"https:\/\/pericom.biz\/index.php?rest_route=%2Fwp%2Fv2%2Fproduct_brand&post=1877"},{"taxonomy":"product_cat","embeddable":true,"href":"https:\/\/pericom.biz\/index.php?rest_route=%2Fwp%2Fv2%2Fproduct_cat&post=1877"},{"taxonomy":"product_tag","embeddable":true,"href":"https:\/\/pericom.biz\/index.php?rest_route=%2Fwp%2Fv2%2Fproduct_tag&post=1877"}],"curies":[{"name":"wp","href":"https:\/\/api.w.org\/{rel}","templated":true}]}}