{"id":1879,"date":"2026-04-16T16:36:40","date_gmt":"2026-04-16T16:36:40","guid":{"rendered":"https:\/\/pericom.biz\/?post_type=product&#038;p=1879"},"modified":"2026-04-16T16:45:29","modified_gmt":"2026-04-16T16:45:29","slug":"profibus-stecker-90-schraubtechnik-mit-pg","status":"publish","type":"product","link":"https:\/\/pericom.biz\/?product=profibus-stecker-90-schraubtechnik-mit-pg","title":{"rendered":"Profibus-Stecker, 90\u00b0, Schraubtechnik, Mit PG"},"content":{"rendered":"<p>Der Profibus-Stecker mit 90\u00b0-Winkel und Schraubtechnik (Artikel-Nr.: 700-972-0BB12) bietet eine schnelle Montage und ist mit einer integrierten PG-Schnittstelle ausgestattet. Dieser Stecker verf\u00fcgt \u00fcber ein metallisiertes Geh\u00e4use und bietet eine zuverl\u00e4ssige Verbindung ohne verlierbare Teile. Durch den integrierten schaltbaren Abschlusswiderstand und den 90\u00b0-Kabelabgang ist er flexibel einsetzbar und gew\u00e4hrleistet eine optimale Signal\u00fcbertragung. Die bew\u00e4hrte Schraubtechnik erm\u00f6glicht eine einfache Installation und sorgt f\u00fcr eine stabile Verbindung. Erh\u00e4ltlich sowohl einzeln als auch in Verpackungseinheiten von 10 oder 50 St\u00fcck bietet dieser Profibus-Stecker vielseitige Anwendungsm\u00f6glichkeiten. Die maximale Umgebungstemperatur gem\u00e4\u00df UL liegt bei +60\u00b0C.<\/p>\n<h3>Artikeldetails:<\/h3>\n<table>\n<thead>\n<tr>\n<th>Eigenschaft<\/th>\n<th>Spezifikation<\/th>\n<\/tr>\n<\/thead>\n<tbody>\n<tr>\n<td>Kabelabgang<\/td>\n<td>90\u00b0<\/td>\n<\/tr>\n<tr>\n<td>Anschlusstechnik<\/td>\n<td>Schraubtechnik<\/td>\n<\/tr>\n<tr>\n<td>Integrierter Abschlusswiderstand<\/td>\n<td>Ja<\/td>\n<\/tr>\n<tr>\n<td>PG-Schnittstelle<\/td>\n<td>Integriert<\/td>\n<\/tr>\n<tr>\n<td>Geh\u00e4usematerial<\/td>\n<td>Metallisiert<\/td>\n<\/tr>\n<tr>\n<td>Verpackungseinheiten<\/td>\n<td>Einzeln, 10 oder 50 St\u00fcck erh\u00e4ltlich<\/td>\n<\/tr>\n<tr>\n<td>Maximale Umgebungstemperatur<\/td>\n<td>+60\u00b0C gem\u00e4\u00df UL<\/td>\n<\/tr>\n<\/tbody>\n<\/table>\n<h2>Downloads:<\/h2>\n<p><a href=\"https:\/\/pericom.biz\/wp-content\/uploads\/woocommerce_uploads\/2024\/02\/mit_PG_700-972-0BB12_pericom-ogpc7d.pdf\">Datenblatt 700-972-0BB12<\/a><\/p>\n","protected":false},"excerpt":{"rendered":"<div class=\"flex-1 overflow-hidden\">\n<div class=\"react-scroll-to-bottom--css-iiczm-79elbk h-full\">\n<div class=\"react-scroll-to-bottom--css-iiczm-1n7m0yu\">\n<div class=\"flex flex-col pb-9 text-sm\">\n<div class=\"w-full text-token-text-primary\" data-testid=\"conversation-turn-139\">\n<div class=\"px-4 py-2 justify-center text-base md:gap-6 m-auto\">\n<div class=\"flex flex-1 text-base mx-auto gap-3 md:px-5 lg:px-1 xl:px-5 md:max-w-3xl lg:max-w-[40rem] xl:max-w-[48rem] group final-completion\">\n<div class=\"relative flex w-full flex-col agent-turn\">\n<div class=\"flex-col gap-1 md:gap-3\">\n<div class=\"flex flex-grow flex-col max-w-full\">\n<div class=\"min-h-[20px] text-message flex flex-col items-start gap-3 whitespace-pre-wrap break-words [.text-message+&amp;]:mt-5 overflow-x-auto\" data-message-author-role=\"assistant\" data-message-id=\"0f707987-c519-4909-9cbd-f825daddbc7a\">\n<div class=\"markdown prose w-full break-words dark:prose-invert dark\">\n<p>Der Profibus-Stecker mit 90\u00b0-Winkel und Schraubtechnik bietet eine schnelle Montage und eine integrierte PG-Schnittstelle. Mit einem metallisierten Geh\u00e4use, schaltbarem Abschlusswiderstand und bew\u00e4hrter Schraubtechnik gew\u00e4hrleistet er eine zuverl\u00e4ssige Verbindung und optimale Signal\u00fcbertragung.<\/p>\n<\/div>\n<\/div>\n<\/div>\n<\/div>\n<\/div>\n<\/div>\n<\/div>\n<\/div>\n<\/div>\n<\/div>\n<\/div>\n<\/div>\n","protected":false},"featured_media":1934,"comment_status":"open","ping_status":"closed","template":"","meta":[],"product_brand":[],"product_cat":[157,158],"product_tag":[],"class_list":{"0":"post-1879","1":"product","2":"type-product","3":"status-publish","4":"has-post-thumbnail","6":"product_cat-feldbusse","7":"product_cat-profibus","9":"first","10":"instock","11":"downloadable","12":"taxable","13":"shipping-taxable","14":"product-type-simple"},"_links":{"self":[{"href":"https:\/\/pericom.biz\/index.php?rest_route=\/wp\/v2\/product\/1879","targetHints":{"allow":["GET"]}}],"collection":[{"href":"https:\/\/pericom.biz\/index.php?rest_route=\/wp\/v2\/product"}],"about":[{"href":"https:\/\/pericom.biz\/index.php?rest_route=\/wp\/v2\/types\/product"}],"replies":[{"embeddable":true,"href":"https:\/\/pericom.biz\/index.php?rest_route=%2Fwp%2Fv2%2Fcomments&post=1879"}],"wp:featuredmedia":[{"embeddable":true,"href":"https:\/\/pericom.biz\/index.php?rest_route=\/wp\/v2\/media\/1934"}],"wp:attachment":[{"href":"https:\/\/pericom.biz\/index.php?rest_route=%2Fwp%2Fv2%2Fmedia&parent=1879"}],"wp:term":[{"taxonomy":"product_brand","embeddable":true,"href":"https:\/\/pericom.biz\/index.php?rest_route=%2Fwp%2Fv2%2Fproduct_brand&post=1879"},{"taxonomy":"product_cat","embeddable":true,"href":"https:\/\/pericom.biz\/index.php?rest_route=%2Fwp%2Fv2%2Fproduct_cat&post=1879"},{"taxonomy":"product_tag","embeddable":true,"href":"https:\/\/pericom.biz\/index.php?rest_route=%2Fwp%2Fv2%2Fproduct_tag&post=1879"}],"curies":[{"name":"wp","href":"https:\/\/api.w.org\/{rel}","templated":true}]}}