{"id":1880,"date":"2026-04-16T16:36:40","date_gmt":"2026-04-16T16:36:40","guid":{"rendered":"https:\/\/pericom.biz\/?post_type=product&#038;p=1880"},"modified":"2026-04-16T16:45:30","modified_gmt":"2026-04-16T16:45:30","slug":"profinet-switch-8-port","status":"publish","type":"product","link":"https:\/\/pericom.biz\/?product=profinet-switch-8-port","title":{"rendered":"Profinet Switch 8 Port"},"content":{"rendered":"<p>Der Profinet Switch mit 8 Ports (Artikel-Nr.: 700-850-8PS01) ist speziell f\u00fcr den Einsatz in Profinet Netzwerken optimiert. Dieser Switch verf\u00fcgt \u00fcber 8 Ports und bietet eine PROFINET Conformance Class B. Mit einer einfachen Integration in das Automatisierungsnetzwerk durch die GSDML-Datei erm\u00f6glicht er eine schnelle und einfache Konfiguration sowie Diagnose \u00fcber PROFINET und Webinterface. Unterst\u00fctzte Protokolle wie LLDP, DCP und SNMP sorgen f\u00fcr eine effiziente Netzwerkverwaltung und Diagnosealarme. Die Medienredundanz mit MRP-Client gew\u00e4hrleistet eine hohe Verf\u00fcgbarkeit des Netzwerks. Weitere Funktionen wie Port-Mirroring und Netzwerkstatistiken (Frames, Fehler) bieten zus\u00e4tzliche Flexibilit\u00e4t und \u00dcberwachungsm\u00f6glichkeiten. Dieser verwaltete Switch bietet 8 x 100 Mbit\/s RJ45 Ports f\u00fcr eine zuverl\u00e4ssige Netzwerkverbindung.<\/p>\n<h3>Artikeldetails:<\/h3>\n<table>\n<thead>\n<tr>\n<th>Eigenschaft<\/th>\n<th>Spezifikation<\/th>\n<\/tr>\n<\/thead>\n<tbody>\n<tr>\n<td>Anzahl Ports<\/td>\n<td>8 (RJ45)<\/td>\n<\/tr>\n<tr>\n<td>PROFINET Conformance Class<\/td>\n<td>B<\/td>\n<\/tr>\n<tr>\n<td>Integration<\/td>\n<td>GSDML-Datei<\/td>\n<\/tr>\n<tr>\n<td>Konfiguration\/Diagnose<\/td>\n<td>PROFINET, Webinterface<\/td>\n<\/tr>\n<tr>\n<td>Unterst\u00fctzte Protokolle<\/td>\n<td>LLDP, DCP, SNMP<\/td>\n<\/tr>\n<tr>\n<td>Medienredundanz<\/td>\n<td>MRP-Client<\/td>\n<\/tr>\n<tr>\n<td>Weitere Funktionen<\/td>\n<td>Port-Mirroring, Netzwerkstatistiken (Frames, Fehler)<\/td>\n<\/tr>\n<tr>\n<td>Geschwindigkeit<\/td>\n<td>8 x 100 Mbit\/s<\/td>\n<\/tr>\n<\/tbody>\n<\/table>\n<h2>Downloads:<\/h2>\n<p><a href=\"https:\/\/pericom.biz\/wp-content\/uploads\/woocommerce_uploads\/2024\/02\/8-Port_managed_700-850-8PS01-7564w8.pdf\">Datenblatt 700-850-8PS01<\/a><\/p>\n","protected":false},"excerpt":{"rendered":"<div class=\"flex-1 overflow-hidden\">\n<div class=\"react-scroll-to-bottom--css-iiczm-79elbk h-full\">\n<div class=\"react-scroll-to-bottom--css-iiczm-1n7m0yu\">\n<div class=\"flex flex-col pb-9 text-sm\">\n<div class=\"w-full text-token-text-primary\" data-testid=\"conversation-turn-141\">\n<div class=\"px-4 py-2 justify-center text-base md:gap-6 m-auto\">\n<div class=\"flex flex-1 text-base mx-auto gap-3 md:px-5 lg:px-1 xl:px-5 md:max-w-3xl lg:max-w-[40rem] xl:max-w-[48rem] group final-completion\">\n<div class=\"relative flex w-full flex-col agent-turn\">\n<div class=\"flex-col gap-1 md:gap-3\">\n<div class=\"flex flex-grow flex-col max-w-full\">\n<div class=\"min-h-[20px] text-message flex flex-col items-start gap-3 whitespace-pre-wrap break-words [.text-message+&amp;]:mt-5 overflow-x-auto\" data-message-author-role=\"assistant\" data-message-id=\"02f9d136-4748-4cb2-b0bd-fd86737b2e86\">\n<div class=\"markdown prose w-full break-words dark:prose-invert dark\">\n<p>Der Profinet Switch mit 8 Ports ist speziell f\u00fcr Profinet Netzwerke optimiert. Mit 8 x 100 Mbit\/s RJ45 Ports, PROFINET Conformance Class B und Funktionen wie Medienredundanz und Port-Mirroring bietet er eine zuverl\u00e4ssige und effiziente Netzwerkverbindung f\u00fcr industrielle Anwendungen.<\/p>\n<\/div>\n<\/div>\n<\/div>\n<\/div>\n<\/div>\n<\/div>\n<\/div>\n<\/div>\n<\/div>\n<\/div>\n<\/div>\n<\/div>\n","protected":false},"featured_media":1935,"comment_status":"open","ping_status":"closed","template":"","meta":[],"product_brand":[],"product_cat":[157,159],"product_tag":[],"class_list":{"0":"post-1880","1":"product","2":"type-product","3":"status-publish","4":"has-post-thumbnail","6":"product_cat-feldbusse","7":"product_cat-profinet","9":"first","10":"instock","11":"downloadable","12":"taxable","13":"shipping-taxable","14":"product-type-simple"},"_links":{"self":[{"href":"https:\/\/pericom.biz\/index.php?rest_route=\/wp\/v2\/product\/1880","targetHints":{"allow":["GET"]}}],"collection":[{"href":"https:\/\/pericom.biz\/index.php?rest_route=\/wp\/v2\/product"}],"about":[{"href":"https:\/\/pericom.biz\/index.php?rest_route=\/wp\/v2\/types\/product"}],"replies":[{"embeddable":true,"href":"https:\/\/pericom.biz\/index.php?rest_route=%2Fwp%2Fv2%2Fcomments&post=1880"}],"wp:featuredmedia":[{"embeddable":true,"href":"https:\/\/pericom.biz\/index.php?rest_route=\/wp\/v2\/media\/1935"}],"wp:attachment":[{"href":"https:\/\/pericom.biz\/index.php?rest_route=%2Fwp%2Fv2%2Fmedia&parent=1880"}],"wp:term":[{"taxonomy":"product_brand","embeddable":true,"href":"https:\/\/pericom.biz\/index.php?rest_route=%2Fwp%2Fv2%2Fproduct_brand&post=1880"},{"taxonomy":"product_cat","embeddable":true,"href":"https:\/\/pericom.biz\/index.php?rest_route=%2Fwp%2Fv2%2Fproduct_cat&post=1880"},{"taxonomy":"product_tag","embeddable":true,"href":"https:\/\/pericom.biz\/index.php?rest_route=%2Fwp%2Fv2%2Fproduct_tag&post=1880"}],"curies":[{"name":"wp","href":"https:\/\/api.w.org\/{rel}","templated":true}]}}