{"id":1884,"date":"2026-04-16T16:38:33","date_gmt":"2026-04-16T16:38:33","guid":{"rendered":"https:\/\/pericom.biz\/?post_type=product&#038;p=1884"},"modified":"2026-04-16T16:45:36","modified_gmt":"2026-04-16T16:45:36","slug":"profinet-switch-16-port","status":"publish","type":"product","link":"https:\/\/pericom.biz\/?product=profinet-switch-16-port","title":{"rendered":"Profinet Switch 16 Port"},"content":{"rendered":"<p>Der Profinet Switch mit 16 Ports (Artikel-Nr.: 700-850-16P01) ist speziell auf den Einsatz in Profinet Netzwerken optimiert. Mit einer PROFINET Conformance Class B bietet er eine zuverl\u00e4ssige Leistung und nahtlose Integration in das Automatisierungsnetzwerk \u00fcber eine GSDML-Datei. Die schnelle und einfache Konfiguration sowie Diagnose \u00fcber PROFINET und das Webinterface erm\u00f6glichen eine effiziente Netzwerkverwaltung. Unterst\u00fctzte Protokolle wie LLDP, DCP, SNMP und Diagnose-Alarme sorgen f\u00fcr eine zuverl\u00e4ssige Diagnose und \u00dcberwachung des Netzwerks. Die Medienredundanz mit MRP-Client und Funktionen wie Port-Mirroring bieten zus\u00e4tzliche Flexibilit\u00e4t und Leistungsoptimierung. Mit Netzwerkstatistiken (Frames, Fehler) bietet dieser Switch umfassende \u00dcberwachungs- und Diagnosefunktionen. Als Managed Switch verf\u00fcgt er \u00fcber 16 x 100 Mbit\/s RJ45 Ports, die eine robuste und zuverl\u00e4ssige Netzwerkverbindung gew\u00e4hrleisten.<\/p>\n<h3>Artikeldetails:<\/h3>\n<table>\n<thead>\n<tr>\n<th>Eigenschaft<\/th>\n<th>Spezifikation<\/th>\n<\/tr>\n<\/thead>\n<tbody>\n<tr>\n<td>Anzahl Ports<\/td>\n<td>16 (RJ45)<\/td>\n<\/tr>\n<tr>\n<td>PROFINET Conformance<\/td>\n<td>Class B<\/td>\n<\/tr>\n<tr>\n<td>Integration<\/td>\n<td>GSDML-Datei<\/td>\n<\/tr>\n<tr>\n<td>Konfiguration\/Diagnose<\/td>\n<td>PROFINET, Webinterface<\/td>\n<\/tr>\n<tr>\n<td>Unterst\u00fctzte Protokolle<\/td>\n<td>LLDP, DCP, SNMP, Diagnose-Alarme<\/td>\n<\/tr>\n<tr>\n<td>Medienredundanz<\/td>\n<td>MRP-Client<\/td>\n<\/tr>\n<tr>\n<td>Weitere Funktionen<\/td>\n<td>Port-Mirroring<\/td>\n<\/tr>\n<tr>\n<td>Netzwerkstatistiken<\/td>\n<td>Frames, Fehler<\/td>\n<\/tr>\n<tr>\n<td>Typ<\/td>\n<td>Managed Switch<\/td>\n<\/tr>\n<tr>\n<td>Ethernet-Geschwindigkeit<\/td>\n<td>16 x 100 Mbit\/s (RJ45)<\/td>\n<\/tr>\n<\/tbody>\n<\/table>\n<h2>Downloads:<\/h2>\n<p><a href=\"http:\/\/Datenblatt 700-850-16P01\">Datenblatt 700-850-16P01 <\/a><\/p>\n","protected":false},"excerpt":{"rendered":"<div class=\"flex-1 overflow-hidden\">\n<div class=\"react-scroll-to-bottom--css-iiczm-79elbk h-full\">\n<div class=\"react-scroll-to-bottom--css-iiczm-1n7m0yu\">\n<div class=\"flex flex-col pb-9 text-sm\">\n<div class=\"w-full text-token-text-primary\" data-testid=\"conversation-turn-145\">\n<div class=\"px-4 py-2 justify-center text-base md:gap-6 m-auto\">\n<div class=\"flex flex-1 text-base mx-auto gap-3 md:px-5 lg:px-1 xl:px-5 md:max-w-3xl lg:max-w-[40rem] xl:max-w-[48rem] group final-completion\">\n<div class=\"relative flex w-full flex-col agent-turn\">\n<div class=\"flex-col gap-1 md:gap-3\">\n<div class=\"flex flex-grow flex-col max-w-full\">\n<div class=\"min-h-[20px] text-message flex flex-col items-start gap-3 whitespace-pre-wrap break-words [.text-message+&amp;]:mt-5 overflow-x-auto\" data-message-author-role=\"assistant\" data-message-id=\"84d3321d-eb4c-4e97-b5e9-e4afbec81711\">\n<div class=\"markdown prose w-full break-words dark:prose-invert dark\">\n<p>Der Profinet Switch 16 Port bietet eine zuverl\u00e4ssige und leistungsstarke L\u00f6sung f\u00fcr Profinet Netzwerke. Mit 16 RJ45-Ports, PROFINET Conformance Class B und umfassenden Funktionen wie Medienredundanz und Port-Mirroring gew\u00e4hrleistet er eine stabile und effiziente Netzwerkverbindung.<\/p>\n<\/div>\n<\/div>\n<\/div>\n<div class=\"mt-1 flex justify-start gap-3 empty:hidden\">\n<div class=\"text-gray-400 flex self-end lg:self-center justify-center lg:justify-start mt-0 -ml-1 visible\">\n<p>&nbsp;<\/p>\n<div class=\"flex items-center gap-1.5 text-xs\"><\/div>\n<div class=\"flex\"><\/div>\n<\/div>\n<\/div>\n<\/div>\n<div class=\"absolute\">\n<div class=\"flex w-full gap-2 items-center justify-center\"><\/div>\n<\/div>\n<\/div>\n<\/div>\n<\/div>\n<\/div>\n<\/div>\n<\/div>\n<\/div>\n<\/div>\n<div class=\"w-full pt-2 md:pt-0 dark:border-white\/20 md:border-transparent md:dark:border-transparent md:w-[calc(100%-.5rem)]\">\n<form class=\"stretch mx-2 flex flex-row gap-3 last:mb-2 md:mx-4 md:last:mb-6 lg:mx-auto lg:max-w-2xl xl:max-w-3xl\">\n<div class=\"relative flex h-full flex-1 items-stretch md:flex-col\">\n<div class=\"flex w-full items-center\"><\/div>\n<\/div>\n<\/form>\n<\/div>\n","protected":false},"featured_media":1957,"comment_status":"open","ping_status":"closed","template":"","meta":[],"product_brand":[],"product_cat":[157,159],"product_tag":[],"class_list":{"0":"post-1884","1":"product","2":"type-product","3":"status-publish","4":"has-post-thumbnail","6":"product_cat-feldbusse","7":"product_cat-profinet","9":"first","10":"instock","11":"downloadable","12":"taxable","13":"shipping-taxable","14":"product-type-simple"},"_links":{"self":[{"href":"https:\/\/pericom.biz\/index.php?rest_route=\/wp\/v2\/product\/1884","targetHints":{"allow":["GET"]}}],"collection":[{"href":"https:\/\/pericom.biz\/index.php?rest_route=\/wp\/v2\/product"}],"about":[{"href":"https:\/\/pericom.biz\/index.php?rest_route=\/wp\/v2\/types\/product"}],"replies":[{"embeddable":true,"href":"https:\/\/pericom.biz\/index.php?rest_route=%2Fwp%2Fv2%2Fcomments&post=1884"}],"wp:featuredmedia":[{"embeddable":true,"href":"https:\/\/pericom.biz\/index.php?rest_route=\/wp\/v2\/media\/1957"}],"wp:attachment":[{"href":"https:\/\/pericom.biz\/index.php?rest_route=%2Fwp%2Fv2%2Fmedia&parent=1884"}],"wp:term":[{"taxonomy":"product_brand","embeddable":true,"href":"https:\/\/pericom.biz\/index.php?rest_route=%2Fwp%2Fv2%2Fproduct_brand&post=1884"},{"taxonomy":"product_cat","embeddable":true,"href":"https:\/\/pericom.biz\/index.php?rest_route=%2Fwp%2Fv2%2Fproduct_cat&post=1884"},{"taxonomy":"product_tag","embeddable":true,"href":"https:\/\/pericom.biz\/index.php?rest_route=%2Fwp%2Fv2%2Fproduct_tag&post=1884"}],"curies":[{"name":"wp","href":"https:\/\/api.w.org\/{rel}","templated":true}]}}