{"id":1890,"date":"2026-04-16T16:41:57","date_gmt":"2026-04-16T16:41:57","guid":{"rendered":"https:\/\/pericom.biz\/?post_type=product&#038;p=1890"},"modified":"2026-04-16T16:45:38","modified_gmt":"2026-04-16T16:45:38","slug":"gateway-profibus-dp-profinet","status":"publish","type":"product","link":"https:\/\/pericom.biz\/?product=gateway-profibus-dp-profinet","title":{"rendered":"Gateway Profibus DP &#8211; Profinet"},"content":{"rendered":"<p>Das Gateway Profibus DP Auf Profinet (Artikel-Nr.: 700-158-3DP01) erm\u00f6glicht eine einfache und unkomplizierte Anbindung von Profibus-DP und Profinet Netzwerken. Mit seiner kompakten Bauform zur Hutschienenmontage bietet es eine platzsparende L\u00f6sung f\u00fcr die Integration in verschiedene Anwendungen. Das Gateway erm\u00f6glicht den Austausch von bis zu 244 Byte E\/A-Daten zwischen den Netzwerken und bietet eine redundante Stromversorgung f\u00fcr erh\u00f6hte Zuverl\u00e4ssigkeit. Die galvanische Trennung der Netzwerke gew\u00e4hrleistet eine sichere Daten\u00fcbertragung und sch\u00fctzt vor St\u00f6rungen. Selbst bei einem Ausfall des Bussystems wird die Gegenseite nicht beeinflusst, was die Betriebssicherheit erh\u00f6ht. Die PROFIBUS-Adressen lassen sich einfach \u00fcber DIL-Schalter oder Software einstellen. Die Konfiguration erfolgt ausschlie\u00dflich mit einer GSD\/GSDML-Datei, wodurch keine zus\u00e4tzliche Software erforderlich ist. Mit einer PROFIBUS-\u00dcbertragungsrate von bis zu 12 Mbit\/s und einer PROFINET-\u00dcbertragungsrate von 100 Mbit\/s bietet dieses Gateway eine leistungsstarke und zuverl\u00e4ssige Netzwerkanbindung.<\/p>\n<h3>Artikeldetails:<\/h3>\n<table>\n<thead>\n<tr>\n<th>Eigenschaft<\/th>\n<th>Spezifikation<\/th>\n<\/tr>\n<\/thead>\n<tbody>\n<tr>\n<td>Bauform<\/td>\n<td>Kompakt, zur Hutschienenmontage<\/td>\n<\/tr>\n<tr>\n<td>Datenaustausch<\/td>\n<td>Bis zu 244 Byte E\/A-Daten<\/td>\n<\/tr>\n<tr>\n<td>Stromversorgung<\/td>\n<td>Redundant<\/td>\n<\/tr>\n<tr>\n<td>Galvanische Trennung<\/td>\n<td>Vorhanden<\/td>\n<\/tr>\n<tr>\n<td>PROFIBUS-Adresseneinstellung<\/td>\n<td>DIL-Schalter, Software<\/td>\n<\/tr>\n<tr>\n<td>Konfiguration<\/td>\n<td>GSD\/GSDML-Datei<\/td>\n<\/tr>\n<tr>\n<td>PROFIBUS-\u00dcbertragungsrate<\/td>\n<td>Bis zu 12 Mbit\/s<\/td>\n<\/tr>\n<tr>\n<td>PROFINET-\u00dcbertragungsrate<\/td>\n<td>100 Mbit\/s<\/td>\n<\/tr>\n<\/tbody>\n<\/table>\n<h2>Downloads:<\/h2>\n<p><a href=\"https:\/\/pericom.biz\/wp-content\/uploads\/woocommerce_uploads\/2024\/02\/DPPN_Coupler_V2_700-158-3DP02_pericom-ti9fdu.pdf\">Datenblatt DP-PN<\/a><\/p>\n","protected":false},"excerpt":{"rendered":"<p>Das Gateway Profibus DP Auf Profinet bietet eine einfache und kompakte L\u00f6sung zur Integration von Profibus-DP und Profinet Netzwerken. Mit einer Vielzahl von Funktionen wie redundanter Stromversorgung, galvanischer Trennung und einfacher Konfiguration ist es ideal f\u00fcr Anwendungen, die eine zuverl\u00e4ssige und sichere Netzwerkanbindung erfordern.<\/p>\n","protected":false},"featured_media":1960,"comment_status":"open","ping_status":"closed","template":"","meta":[],"product_brand":[],"product_cat":[157,27,158,160],"product_tag":[155,151,161,162],"class_list":{"0":"post-1890","1":"product","2":"type-product","3":"status-publish","4":"has-post-thumbnail","6":"product_cat-feldbusse","7":"product_cat-gateways","8":"product_cat-profibus","9":"product_cat-serie-helmholz","10":"product_tag-gateway","11":"product_tag-koppler","12":"product_tag-profibus-dp","13":"product_tag-profinet","15":"first","16":"instock","17":"downloadable","18":"taxable","19":"shipping-taxable","20":"product-type-simple"},"_links":{"self":[{"href":"https:\/\/pericom.biz\/index.php?rest_route=\/wp\/v2\/product\/1890","targetHints":{"allow":["GET"]}}],"collection":[{"href":"https:\/\/pericom.biz\/index.php?rest_route=\/wp\/v2\/product"}],"about":[{"href":"https:\/\/pericom.biz\/index.php?rest_route=\/wp\/v2\/types\/product"}],"replies":[{"embeddable":true,"href":"https:\/\/pericom.biz\/index.php?rest_route=%2Fwp%2Fv2%2Fcomments&post=1890"}],"wp:featuredmedia":[{"embeddable":true,"href":"https:\/\/pericom.biz\/index.php?rest_route=\/wp\/v2\/media\/1960"}],"wp:attachment":[{"href":"https:\/\/pericom.biz\/index.php?rest_route=%2Fwp%2Fv2%2Fmedia&parent=1890"}],"wp:term":[{"taxonomy":"product_brand","embeddable":true,"href":"https:\/\/pericom.biz\/index.php?rest_route=%2Fwp%2Fv2%2Fproduct_brand&post=1890"},{"taxonomy":"product_cat","embeddable":true,"href":"https:\/\/pericom.biz\/index.php?rest_route=%2Fwp%2Fv2%2Fproduct_cat&post=1890"},{"taxonomy":"product_tag","embeddable":true,"href":"https:\/\/pericom.biz\/index.php?rest_route=%2Fwp%2Fv2%2Fproduct_tag&post=1890"}],"curies":[{"name":"wp","href":"https:\/\/api.w.org\/{rel}","templated":true}]}}