{"id":1899,"date":"2026-04-16T16:44:51","date_gmt":"2026-04-16T16:44:51","guid":{"rendered":"https:\/\/pericom.biz\/?post_type=product&#038;p=1899"},"modified":"2026-04-16T16:45:41","modified_gmt":"2026-04-16T16:45:41","slug":"profibus-stecker-mit-axialem-kabelabgang-und-schraubtechnik","status":"publish","type":"product","link":"https:\/\/pericom.biz\/?product=profibus-stecker-mit-axialem-kabelabgang-und-schraubtechnik","title":{"rendered":"Profibus-Stecker mit axialem Kabelabgang und Schraubtechnik"},"content":{"rendered":"<p>Der Profibus-Stecker mit axialem Kabelabgang und Schraubtechnik bietet eine zuverl\u00e4ssige L\u00f6sung f\u00fcr die einfache Montage und Verbindung in Profibus-Netzwerken. Mit seinem metallisierten Geh\u00e4use und der bew\u00e4hrten Schraubtechnik gew\u00e4hrleistet er eine stabile und sichere Verbindung. Der integrierte schaltbare Abschlusswiderstand erm\u00f6glicht eine flexible Anpassung an die Anforderungen des Netzwerks. Durch den axialen Kabelabgang ist eine platzsparende Installation m\u00f6glich. Dieser Stecker ist in Verpackungseinheiten von 10 oder 50 St\u00fcck erh\u00e4ltlich und eignet sich ideal f\u00fcr Anwendungen, bei denen eine maximale Umgebungstemperatur von +60\u00b0C erforderlich ist.<\/p>\n<h3>Artikeldetails:<\/h3>\n<table>\n<thead>\n<tr>\n<th>Eigenschaft<\/th>\n<th>Spezifikation<\/th>\n<\/tr>\n<\/thead>\n<tbody>\n<tr>\n<td>Kabelabgang<\/td>\n<td>Axial<\/td>\n<\/tr>\n<tr>\n<td>Montage<\/td>\n<td>Schraubtechnik<\/td>\n<\/tr>\n<tr>\n<td>Geh\u00e4use<\/td>\n<td>Metallisiert<\/td>\n<\/tr>\n<tr>\n<td>Abschlusswiderstand<\/td>\n<td>Integriert, schaltbar<\/td>\n<\/tr>\n<tr>\n<td>Verpackungseinheiten<\/td>\n<td>10 oder 50 St\u00fcck<\/td>\n<\/tr>\n<tr>\n<td>Umgebungstemperatur (UL)<\/td>\n<td>Max. +60\u00b0C<\/td>\n<\/tr>\n<\/tbody>\n<\/table>\n<h2>Downloads:<\/h2>\n<p><a href=\"https:\/\/pericom.biz\/wp-content\/uploads\/woocommerce_uploads\/2024\/02\/PROFIBUS-Stecker_axial_Schraubtechnik_700-972-0CA12_pericom-zbhqzj.pdf\">Datenblatt 700-972-0CA12<\/a><\/p>\n","protected":false},"excerpt":{"rendered":"<div class=\"flex-1 overflow-hidden\">\n<div class=\"react-scroll-to-bottom--css-iiczm-79elbk h-full\">\n<div class=\"react-scroll-to-bottom--css-iiczm-1n7m0yu\">\n<div class=\"flex flex-col pb-9 text-sm\">\n<div class=\"w-full text-token-text-primary\" data-testid=\"conversation-turn-157\">\n<div class=\"px-4 py-2 justify-center text-base md:gap-6 m-auto\">\n<div class=\"flex flex-1 text-base mx-auto gap-3 md:px-5 lg:px-1 xl:px-5 md:max-w-3xl lg:max-w-[40rem] xl:max-w-[48rem] group final-completion\">\n<div class=\"relative flex w-full flex-col agent-turn\">\n<div class=\"flex-col gap-1 md:gap-3\">\n<div class=\"flex flex-grow flex-col max-w-full\">\n<div class=\"min-h-[20px] text-message flex flex-col items-start gap-3 whitespace-pre-wrap break-words [.text-message+&amp;]:mt-5 overflow-x-auto\" data-message-author-role=\"assistant\" data-message-id=\"d209f383-5988-41f5-a9c9-6f0df9384daf\">\n<div class=\"markdown prose w-full break-words dark:prose-invert dark\">\n<p>Der Profibus-Stecker mit axialem Kabelabgang und Schraubtechnik bietet eine einfache und zuverl\u00e4ssige L\u00f6sung f\u00fcr die Montage und Verbindung in Profibus-Netzwerken. Mit integriertem schaltbarem Abschlusswiderstand und metallisiertem Geh\u00e4use ist er ideal f\u00fcr Anwendungen mit einer maximalen Umgebungstemperatur von +60\u00b0C geeignet.<\/p>\n<\/div>\n<\/div>\n<\/div>\n<\/div>\n<\/div>\n<\/div>\n<\/div>\n<\/div>\n<\/div>\n<\/div>\n<\/div>\n<\/div>\n<div class=\"w-full pt-2 md:pt-0 dark:border-white\/20 md:border-transparent md:dark:border-transparent md:w-[calc(100%-.5rem)]\">\n<form class=\"stretch mx-2 flex flex-row gap-3 last:mb-2 md:mx-4 md:last:mb-6 lg:mx-auto lg:max-w-2xl xl:max-w-3xl\">\n<div class=\"relative flex h-full flex-1 items-stretch md:flex-col\">\n<div class=\"flex w-full items-center\"><\/div>\n<\/div>\n<\/form>\n<\/div>\n","protected":false},"featured_media":1964,"comment_status":"open","ping_status":"closed","template":"","meta":[],"product_brand":[],"product_cat":[157,158],"product_tag":[],"class_list":{"0":"post-1899","1":"product","2":"type-product","3":"status-publish","4":"has-post-thumbnail","6":"product_cat-feldbusse","7":"product_cat-profibus","9":"first","10":"instock","11":"downloadable","12":"taxable","13":"shipping-taxable","14":"product-type-simple"},"_links":{"self":[{"href":"https:\/\/pericom.biz\/index.php?rest_route=\/wp\/v2\/product\/1899","targetHints":{"allow":["GET"]}}],"collection":[{"href":"https:\/\/pericom.biz\/index.php?rest_route=\/wp\/v2\/product"}],"about":[{"href":"https:\/\/pericom.biz\/index.php?rest_route=\/wp\/v2\/types\/product"}],"replies":[{"embeddable":true,"href":"https:\/\/pericom.biz\/index.php?rest_route=%2Fwp%2Fv2%2Fcomments&post=1899"}],"wp:featuredmedia":[{"embeddable":true,"href":"https:\/\/pericom.biz\/index.php?rest_route=\/wp\/v2\/media\/1964"}],"wp:attachment":[{"href":"https:\/\/pericom.biz\/index.php?rest_route=%2Fwp%2Fv2%2Fmedia&parent=1899"}],"wp:term":[{"taxonomy":"product_brand","embeddable":true,"href":"https:\/\/pericom.biz\/index.php?rest_route=%2Fwp%2Fv2%2Fproduct_brand&post=1899"},{"taxonomy":"product_cat","embeddable":true,"href":"https:\/\/pericom.biz\/index.php?rest_route=%2Fwp%2Fv2%2Fproduct_cat&post=1899"},{"taxonomy":"product_tag","embeddable":true,"href":"https:\/\/pericom.biz\/index.php?rest_route=%2Fwp%2Fv2%2Fproduct_tag&post=1899"}],"curies":[{"name":"wp","href":"https:\/\/api.w.org\/{rel}","templated":true}]}}