{"id":1908,"date":"2026-04-16T16:45:12","date_gmt":"2026-04-16T16:45:12","guid":{"rendered":"https:\/\/pericom.biz\/?post_type=product&#038;p=1908"},"modified":"2026-04-16T16:45:42","modified_gmt":"2026-04-16T16:45:42","slug":"profibus-stecker-mit-90-kabelabgang-und-easyconnect-technologie-mit-pg","status":"publish","type":"product","link":"https:\/\/pericom.biz\/?product=profibus-stecker-mit-90-kabelabgang-und-easyconnect-technologie-mit-pg","title":{"rendered":"Profibus-Stecker mit 90\u00b0-Kabelabgang und EasyConnect\u00ae-Technologie, mit PG"},"content":{"rendered":"<p>Der Profibus-Stecker mit 90\u00b0-Kabelabgang und EasyConnect\u00ae-Technologie bietet eine einfache und zeitsparende L\u00f6sung f\u00fcr die Verbindung in Profibus-Netzwerken. Dank der EasyConnect\u00ae-Schnellanschlusstechnik ist kein Abisolieren der Busadern erforderlich, was die Installationszeit verk\u00fcrzt und die Effizienz erh\u00f6ht. Das metallisierte Geh\u00e4use und der integrierte schaltbare Abschlusswiderstand gew\u00e4hrleisten eine zuverl\u00e4ssige und sichere Verbindung. Mit der visuellen Anschlusskontrolle k\u00f6nnen Fehler schnell identifiziert und behoben werden. Der 90\u00b0-Kabelabgang erm\u00f6glicht eine platzsparende Installation, w\u00e4hrend die integrierte PG-Schnittstelle eine einfache Konfiguration und Diagnose erm\u00f6glicht. Dieser Stecker ist in Verpackungseinheiten von 10 oder 50 St\u00fcck erh\u00e4ltlich und eignet sich ideal f\u00fcr Anwendungen mit einer maximalen Umgebungstemperatur von +60\u00b0C.<\/p>\n<h3>Artikeldetails:<\/h3>\n<table>\n<thead>\n<tr>\n<th>Eigenschaft<\/th>\n<th>Spezifikation<\/th>\n<\/tr>\n<\/thead>\n<tbody>\n<tr>\n<td>Kabelabgang<\/td>\n<td>90\u00b0<\/td>\n<\/tr>\n<tr>\n<td>Montage<\/td>\n<td>EasyConnect\u00ae-Technologie<\/td>\n<\/tr>\n<tr>\n<td>Geh\u00e4use<\/td>\n<td>Metallisiert<\/td>\n<\/tr>\n<tr>\n<td>Abschlusswiderstand<\/td>\n<td>Integriert, schaltbar<\/td>\n<\/tr>\n<tr>\n<td>Verpackungseinheiten<\/td>\n<td>10 oder 50 St\u00fcck<\/td>\n<\/tr>\n<tr>\n<td>Umgebungstemperatur (UL)<\/td>\n<td>Max. +60\u00b0C<\/td>\n<\/tr>\n<\/tbody>\n<\/table>\n<h2>Downloads<\/h2>\n<p><a href=\"https:\/\/pericom.biz\/wp-content\/uploads\/woocommerce_uploads\/2024\/02\/mit_PG_700-972-0BB50_pericom-wl1cyo.pdf\">Datenblatt 700-972-0BB50<\/a><\/p>\n","protected":false},"excerpt":{"rendered":"<div class=\"flex-1 overflow-hidden\">\n<div class=\"react-scroll-to-bottom--css-iiczm-79elbk h-full\">\n<div class=\"react-scroll-to-bottom--css-iiczm-1n7m0yu\">\n<div class=\"flex flex-col pb-9 text-sm\">\n<div class=\"w-full text-token-text-primary\" data-testid=\"conversation-turn-159\">\n<div class=\"px-4 py-2 justify-center text-base md:gap-6 m-auto\">\n<div class=\"flex flex-1 text-base mx-auto gap-3 md:px-5 lg:px-1 xl:px-5 md:max-w-3xl lg:max-w-[40rem] xl:max-w-[48rem] group final-completion\">\n<div class=\"relative flex w-full flex-col agent-turn\">\n<div class=\"flex-col gap-1 md:gap-3\">\n<div class=\"flex flex-grow flex-col max-w-full\">\n<div class=\"min-h-[20px] text-message flex flex-col items-start gap-3 whitespace-pre-wrap break-words [.text-message+&amp;]:mt-5 overflow-x-auto\" data-message-author-role=\"assistant\" data-message-id=\"f0074ffe-2030-45c8-a328-82dc640a1f80\">\n<div class=\"markdown prose w-full break-words dark:prose-invert dark\">\n<p>Der Profibus-Stecker mit 90\u00b0-Kabelabgang und EasyConnect\u00ae-Technologie bietet eine zeitsparende und effiziente L\u00f6sung f\u00fcr die Verbindung in Profibus-Netzwerken. Mit integriertem schaltbarem Abschlusswiderstand, visueller Anschlusskontrolle und PG-Schnittstelle ist er ideal f\u00fcr Anwendungen mit einer maximalen Umgebungstemperatur von +60\u00b0C geeignet.<\/p>\n<\/div>\n<\/div>\n<\/div>\n<\/div>\n<\/div>\n<\/div>\n<\/div>\n<\/div>\n<\/div>\n<\/div>\n<\/div>\n<\/div>\n","protected":false},"featured_media":1965,"comment_status":"open","ping_status":"closed","template":"","meta":[],"product_brand":[],"product_cat":[157,158],"product_tag":[],"class_list":{"0":"post-1908","1":"product","2":"type-product","3":"status-publish","4":"has-post-thumbnail","6":"product_cat-feldbusse","7":"product_cat-profibus","9":"first","10":"instock","11":"downloadable","12":"taxable","13":"shipping-taxable","14":"product-type-simple"},"_links":{"self":[{"href":"https:\/\/pericom.biz\/index.php?rest_route=\/wp\/v2\/product\/1908","targetHints":{"allow":["GET"]}}],"collection":[{"href":"https:\/\/pericom.biz\/index.php?rest_route=\/wp\/v2\/product"}],"about":[{"href":"https:\/\/pericom.biz\/index.php?rest_route=\/wp\/v2\/types\/product"}],"replies":[{"embeddable":true,"href":"https:\/\/pericom.biz\/index.php?rest_route=%2Fwp%2Fv2%2Fcomments&post=1908"}],"wp:featuredmedia":[{"embeddable":true,"href":"https:\/\/pericom.biz\/index.php?rest_route=\/wp\/v2\/media\/1965"}],"wp:attachment":[{"href":"https:\/\/pericom.biz\/index.php?rest_route=%2Fwp%2Fv2%2Fmedia&parent=1908"}],"wp:term":[{"taxonomy":"product_brand","embeddable":true,"href":"https:\/\/pericom.biz\/index.php?rest_route=%2Fwp%2Fv2%2Fproduct_brand&post=1908"},{"taxonomy":"product_cat","embeddable":true,"href":"https:\/\/pericom.biz\/index.php?rest_route=%2Fwp%2Fv2%2Fproduct_cat&post=1908"},{"taxonomy":"product_tag","embeddable":true,"href":"https:\/\/pericom.biz\/index.php?rest_route=%2Fwp%2Fv2%2Fproduct_tag&post=1908"}],"curies":[{"name":"wp","href":"https:\/\/api.w.org\/{rel}","templated":true}]}}