{"id":1941,"date":"2026-04-16T16:45:34","date_gmt":"2026-04-16T16:45:34","guid":{"rendered":"https:\/\/pericom.biz\/?post_type=product&#038;p=1941"},"modified":"2026-04-16T16:45:46","modified_gmt":"2026-04-16T16:45:46","slug":"profinet-stecker-90","status":"publish","type":"product","link":"https:\/\/pericom.biz\/?product=profinet-stecker-90","title":{"rendered":"Profinet Stecker 90\u00b0"},"content":{"rendered":"<p>Der Profinet-Stecker mit 90\u00b0 gewinkelter Kabelabgang ist ein feldkonfektionierbarer RJ45-Steckverbinder, der eine einfache und schnelle Montage in Profinet-, Modbus- und Ethercat-Netzwerken erm\u00f6glicht. Farblich markierte Kontaktelemente helfen, Anschlussfehler zu vermeiden, w\u00e4hrend die werkzeuglose Montage und der EasyConnect\u00ae-RJ45-Anschluss (IDC) eine unkomplizierte Installation gew\u00e4hrleisten. Mit \u00dcbertragungsraten von bis zu 100 Mbit\/s bietet dieser Stecker zuverl\u00e4ssige Leistung. Er enth\u00e4lt keine verlierbaren Einzelteile und ist ideal f\u00fcr Industrieanwendungen geeignet.<\/p>\n<h3>Artikeldetails:<\/h3>\n<table>\n<thead>\n<tr>\n<th>Eigenschaft<\/th>\n<th>Spezifikation<\/th>\n<\/tr>\n<\/thead>\n<tbody>\n<tr>\n<td>Kabelabgang<\/td>\n<td>90\u00b0 gewinkelt<\/td>\n<\/tr>\n<tr>\n<td>Montage<\/td>\n<td>Werkzeuglos, EasyConnect\u00ae-RJ45-Anschluss (IDC)<\/td>\n<\/tr>\n<tr>\n<td>\u00dcbertragungsraten<\/td>\n<td>Bis zu 100 Mbit\/s<\/td>\n<\/tr>\n<tr>\n<td>Netzwerkunterst\u00fctzung<\/td>\n<td>PROFINET, Modbus, EtherCAT<\/td>\n<\/tr>\n<tr>\n<td>Verlierbare Teile<\/td>\n<td>Keine<\/td>\n<\/tr>\n<\/tbody>\n<\/table>\n<h2>Downloads:<\/h2>\n<p><a href=\"https:\/\/pericom.biz\/wp-content\/uploads\/woocommerce_uploads\/2024\/02\/90_700-901-1BB20_pericom-8tnjcd.pdf\">Datenblatt 700-901-1BB20<\/a><\/p>\n","protected":false},"excerpt":{"rendered":"<p>Der Profinet-Stecker mit 90\u00b0 gewinkelter Kabelabgang erm\u00f6glicht eine einfache und schnelle Montage in Profinet-, Modbus- und Ethercat-Netzwerken. Mit farblich markierten Kontaktelementen zur Fehlervermeidung und werkzeugloser Montage ist er ideal f\u00fcr Industrieanwendungen geeignet.<\/p>\n","protected":false},"featured_media":1971,"comment_status":"open","ping_status":"closed","template":"","meta":[],"product_brand":[],"product_cat":[157,159],"product_tag":[],"class_list":{"0":"post-1941","1":"product","2":"type-product","3":"status-publish","4":"has-post-thumbnail","6":"product_cat-feldbusse","7":"product_cat-profinet","9":"first","10":"instock","11":"downloadable","12":"taxable","13":"shipping-taxable","14":"product-type-simple"},"_links":{"self":[{"href":"https:\/\/pericom.biz\/index.php?rest_route=\/wp\/v2\/product\/1941","targetHints":{"allow":["GET"]}}],"collection":[{"href":"https:\/\/pericom.biz\/index.php?rest_route=\/wp\/v2\/product"}],"about":[{"href":"https:\/\/pericom.biz\/index.php?rest_route=\/wp\/v2\/types\/product"}],"replies":[{"embeddable":true,"href":"https:\/\/pericom.biz\/index.php?rest_route=%2Fwp%2Fv2%2Fcomments&post=1941"}],"wp:featuredmedia":[{"embeddable":true,"href":"https:\/\/pericom.biz\/index.php?rest_route=\/wp\/v2\/media\/1971"}],"wp:attachment":[{"href":"https:\/\/pericom.biz\/index.php?rest_route=%2Fwp%2Fv2%2Fmedia&parent=1941"}],"wp:term":[{"taxonomy":"product_brand","embeddable":true,"href":"https:\/\/pericom.biz\/index.php?rest_route=%2Fwp%2Fv2%2Fproduct_brand&post=1941"},{"taxonomy":"product_cat","embeddable":true,"href":"https:\/\/pericom.biz\/index.php?rest_route=%2Fwp%2Fv2%2Fproduct_cat&post=1941"},{"taxonomy":"product_tag","embeddable":true,"href":"https:\/\/pericom.biz\/index.php?rest_route=%2Fwp%2Fv2%2Fproduct_tag&post=1941"}],"curies":[{"name":"wp","href":"https:\/\/api.w.org\/{rel}","templated":true}]}}