{"id":1943,"date":"2026-04-16T16:45:34","date_gmt":"2026-04-16T16:45:34","guid":{"rendered":"https:\/\/pericom.biz\/?post_type=product&#038;p=1943"},"modified":"2026-04-16T16:45:48","modified_gmt":"2026-04-16T16:45:48","slug":"gateway-profinet-profinet","status":"publish","type":"product","link":"https:\/\/pericom.biz\/?product=gateway-profinet-profinet","title":{"rendered":"Gateway Profinet &#8211; Profinet"},"content":{"rendered":"<p>Der PN\/PN Coupler erm\u00f6glicht eine einfache und unkomplizierte Verbindung von zwei separaten PROFINET-Netzwerken. Dieser Coupler erlaubt die Daten\u00fcbertragung zwischen zwei PROFINET-Controllern und fungiert auf beiden Seiten als PROFINET IO-Device. Mit seiner kompakten Bauform zur Hutschienenmontage bietet er eine platzsparende L\u00f6sung f\u00fcr die Integration in industrielle Umgebungen. Der PN\/PN Coupler unterst\u00fctzt den Austausch von bis zu 1024 Byte E\/A-Daten und verf\u00fcgt \u00fcber eine redundante Stromversorgung sowie eine galvanische Trennung der Netzwerke. Die Konfiguration erfolgt nur mit einer GSDML-Datei, es ist keine weitere Software erforderlich. Zudem wird die Gegenseite bei einem Ausfall des Bussystems nicht beeintr\u00e4chtigt. Die PROFINET-\u00dcbertragungsrate betr\u00e4gt 100 Mbit\/s.<\/p>\n<p>Artikeldetails:<\/p>\n<table>\n<thead>\n<tr>\n<th>Eigenschaft<\/th>\n<th>Spezifikation<\/th>\n<\/tr>\n<\/thead>\n<tbody>\n<tr>\n<td>Daten\u00fcbertragung<\/td>\n<td>Austausch von bis zu 1024 Byte E\/A-Daten<\/td>\n<\/tr>\n<tr>\n<td>Stromversorgung<\/td>\n<td>Redundant<\/td>\n<\/tr>\n<tr>\n<td>Galvanische Trennung<\/td>\n<td>Ja<\/td>\n<\/tr>\n<tr>\n<td>Konfiguration<\/td>\n<td>Nur mit GSDML-Datei, keine weitere Software erforderlich<\/td>\n<\/tr>\n<tr>\n<td>PROFINET-\u00dcbertragungsrate<\/td>\n<td>100 Mbit\/s<\/td>\n<\/tr>\n<\/tbody>\n<\/table>\n<h2>Downloads:<\/h2>\n<p><a href=\"https:\/\/pericom.biz\/wp-content\/uploads\/woocommerce_uploads\/2024\/02\/PNPN_Coupler_V2_700-158-3PN02_pericom-hleub1.pdf\">Datenblatt PN &#8211; PN<\/a><\/p>\n<p><a href=\"https:\/\/pericom.biz\/wp-content\/uploads\/woocommerce_uploads\/2024\/02\/Flyer_PROFINET_Gateways_Feldbus_Netze_einfach_verbinden_DE_11-2021_pericom-dctnnr.pdf\">\u00dcbersicht Profinet Gateways<\/a><\/p>\n","protected":false},"excerpt":{"rendered":"<p>Der PN\/PN Coupler erm\u00f6glicht die einfache und unkomplizierte Verbindung von zwei separaten PROFINET-Netzwerken. Er bietet eine kompakte Bauform zur Hutschienenmontage, unterst\u00fctzt den Austausch von bis zu 1024 Byte E\/A-Daten und gew\u00e4hrleistet eine redundante Stromversorgung sowie eine galvanische Trennung der Netzwerke. Die Konfiguration erfolgt mit einer GSDML-Datei, und die PROFINET-\u00dcbertragungsrate betr\u00e4gt 100 Mbit\/s.<\/p>\n","protected":false},"featured_media":1973,"comment_status":"open","ping_status":"closed","template":"","meta":[],"product_brand":[],"product_cat":[157,27,159,160],"product_tag":[163,155,148,151,162],"class_list":{"0":"post-1943","1":"product","2":"type-product","3":"status-publish","4":"has-post-thumbnail","6":"product_cat-feldbusse","7":"product_cat-gateways","8":"product_cat-profinet","9":"product_cat-serie-helmholz","10":"product_tag-ethernet","11":"product_tag-gateway","12":"product_tag-industrial-ethernet","13":"product_tag-koppler","14":"product_tag-profinet","16":"first","17":"instock","18":"downloadable","19":"taxable","20":"shipping-taxable","21":"product-type-simple"},"_links":{"self":[{"href":"https:\/\/pericom.biz\/index.php?rest_route=\/wp\/v2\/product\/1943","targetHints":{"allow":["GET"]}}],"collection":[{"href":"https:\/\/pericom.biz\/index.php?rest_route=\/wp\/v2\/product"}],"about":[{"href":"https:\/\/pericom.biz\/index.php?rest_route=\/wp\/v2\/types\/product"}],"replies":[{"embeddable":true,"href":"https:\/\/pericom.biz\/index.php?rest_route=%2Fwp%2Fv2%2Fcomments&post=1943"}],"wp:featuredmedia":[{"embeddable":true,"href":"https:\/\/pericom.biz\/index.php?rest_route=\/wp\/v2\/media\/1973"}],"wp:attachment":[{"href":"https:\/\/pericom.biz\/index.php?rest_route=%2Fwp%2Fv2%2Fmedia&parent=1943"}],"wp:term":[{"taxonomy":"product_brand","embeddable":true,"href":"https:\/\/pericom.biz\/index.php?rest_route=%2Fwp%2Fv2%2Fproduct_brand&post=1943"},{"taxonomy":"product_cat","embeddable":true,"href":"https:\/\/pericom.biz\/index.php?rest_route=%2Fwp%2Fv2%2Fproduct_cat&post=1943"},{"taxonomy":"product_tag","embeddable":true,"href":"https:\/\/pericom.biz\/index.php?rest_route=%2Fwp%2Fv2%2Fproduct_tag&post=1943"}],"curies":[{"name":"wp","href":"https:\/\/api.w.org\/{rel}","templated":true}]}}