{"id":1945,"date":"2026-04-16T16:45:34","date_gmt":"2026-04-16T16:45:34","guid":{"rendered":"https:\/\/pericom.biz\/?post_type=product&#038;p=1945"},"modified":"2026-04-16T16:45:49","modified_gmt":"2026-04-16T16:45:49","slug":"gateway-profibus-dp-profinet-2","status":"publish","type":"product","link":"https:\/\/pericom.biz\/?product=gateway-profibus-dp-profinet-2","title":{"rendered":"Gateway Profibus-DP &#8211; Profinet"},"content":{"rendered":"<p>Das Gateway Profibus DP auf Profinet erm\u00f6glicht eine einfache und unkomplizierte Verbindung zwischen Profibus-DP und Profinet. Mit seiner kompakten Bauform zur Hutschienenmontage bietet es eine platzsparende L\u00f6sung f\u00fcr die Integration in verschiedene Umgebungen. Das Gateway erm\u00f6glicht den Austausch von bis zu 244 Byte E\/A-Daten und bietet eine redundante Stromversorgung f\u00fcr erh\u00f6hte Zuverl\u00e4ssigkeit. Eine galvanische Trennung der Netzwerke verhindert unerw\u00fcnschte St\u00f6rungen und garantiert eine sichere Daten\u00fcbertragung. Selbst bei Ausfall eines Bussystems wird die Gegenseite nicht beeinflusst. Die Konfiguration erfolgt einfach \u00fcber DIL-Schalter oder Software, wobei keine zus\u00e4tzliche Software erforderlich ist. Mit Unterst\u00fctzung von PROFIBUS bis zu 12 Mbit\/s und PROFINET mit einer \u00dcbertragungsrate von 100 Mbit\/s bietet das Gateway eine leistungsstarke Verbindung zwischen den beiden Netzwerken.<\/p>\n<h3>Artikeldetails:<\/h3>\n<table>\n<thead>\n<tr>\n<th>Eigenschaft<\/th>\n<th>Spezifikation<\/th>\n<\/tr>\n<\/thead>\n<tbody>\n<tr>\n<td>Max. E\/A-Daten<\/td>\n<td>Bis zu 244 Byte<\/td>\n<\/tr>\n<tr>\n<td>Stromversorgung<\/td>\n<td>Redundant<\/td>\n<\/tr>\n<tr>\n<td>Netzwerktrennung<\/td>\n<td>Galvanisch<\/td>\n<\/tr>\n<tr>\n<td>Konfiguration<\/td>\n<td>DIL-Schalter oder Software, keine zus\u00e4tzliche Software erforderlich<\/td>\n<\/tr>\n<tr>\n<td>Unterst\u00fctzte Protokolle<\/td>\n<td>PROFIBUS bis 12 Mbit\/s, PROFINET bis 100 Mbit\/s<\/td>\n<\/tr>\n<\/tbody>\n<\/table>\n<h2>Downloads:<\/h2>\n<p><a href=\"https:\/\/pericom.biz\/wp-content\/uploads\/woocommerce_uploads\/2024\/02\/DPPN_Coupler_V2_700-158-3DP02_pericom-ti9fdu.pdf\">Datenblatt PN &#8211; DP<\/a><\/p>\n<p><a href=\"https:\/\/pericom.biz\/wp-content\/uploads\/woocommerce_uploads\/2024\/02\/Flyer_PROFINET_Gateways_Feldbus_Netze_einfach_verbinden_DE_11-2021_pericom-dctnnr.pdf\">\u00dcbersicht Profinet Gateways<\/a><\/p>\n","protected":false},"excerpt":{"rendered":"<p>Das Gateway Profibus DP auf Profinet bietet eine einfache und zuverl\u00e4ssige L\u00f6sung f\u00fcr die Verbindung zwischen Profibus-DP und Profinet. Mit kompakter Bauform und einfacher Konfiguration erm\u00f6glicht es einen effizienten Datenaustausch zwischen den Netzwerken, ohne zus\u00e4tzliche Software. Mit Unterst\u00fctzung von PROFIBUS bis zu 12 Mbit\/s und PROFINET mit 100 Mbit\/s \u00dcbertragungsrate gew\u00e4hrleistet es eine schnelle und stabile Kommunikation.<\/p>\n","protected":false},"featured_media":1975,"comment_status":"open","ping_status":"closed","template":"","meta":[],"product_brand":[],"product_cat":[157,27,159,160],"product_tag":[155,148,151,161,162],"class_list":{"0":"post-1945","1":"product","2":"type-product","3":"status-publish","4":"has-post-thumbnail","6":"product_cat-feldbusse","7":"product_cat-gateways","8":"product_cat-profinet","9":"product_cat-serie-helmholz","10":"product_tag-gateway","11":"product_tag-industrial-ethernet","12":"product_tag-koppler","13":"product_tag-profibus-dp","14":"product_tag-profinet","16":"first","17":"instock","18":"downloadable","19":"taxable","20":"shipping-taxable","21":"product-type-simple"},"_links":{"self":[{"href":"https:\/\/pericom.biz\/index.php?rest_route=\/wp\/v2\/product\/1945","targetHints":{"allow":["GET"]}}],"collection":[{"href":"https:\/\/pericom.biz\/index.php?rest_route=\/wp\/v2\/product"}],"about":[{"href":"https:\/\/pericom.biz\/index.php?rest_route=\/wp\/v2\/types\/product"}],"replies":[{"embeddable":true,"href":"https:\/\/pericom.biz\/index.php?rest_route=%2Fwp%2Fv2%2Fcomments&post=1945"}],"wp:featuredmedia":[{"embeddable":true,"href":"https:\/\/pericom.biz\/index.php?rest_route=\/wp\/v2\/media\/1975"}],"wp:attachment":[{"href":"https:\/\/pericom.biz\/index.php?rest_route=%2Fwp%2Fv2%2Fmedia&parent=1945"}],"wp:term":[{"taxonomy":"product_brand","embeddable":true,"href":"https:\/\/pericom.biz\/index.php?rest_route=%2Fwp%2Fv2%2Fproduct_brand&post=1945"},{"taxonomy":"product_cat","embeddable":true,"href":"https:\/\/pericom.biz\/index.php?rest_route=%2Fwp%2Fv2%2Fproduct_cat&post=1945"},{"taxonomy":"product_tag","embeddable":true,"href":"https:\/\/pericom.biz\/index.php?rest_route=%2Fwp%2Fv2%2Fproduct_tag&post=1945"}],"curies":[{"name":"wp","href":"https:\/\/api.w.org\/{rel}","templated":true}]}}