{"id":1947,"date":"2026-04-16T16:45:34","date_gmt":"2026-04-16T16:45:34","guid":{"rendered":"https:\/\/pericom.biz\/?post_type=product&#038;p=1947"},"modified":"2026-04-16T16:45:51","modified_gmt":"2026-04-16T16:45:51","slug":"gateway-profinet-sae-j1939","status":"publish","type":"product","link":"https:\/\/pericom.biz\/?product=gateway-profinet-sae-j1939","title":{"rendered":"Gateway Profinet &#8211;  SAE J1939"},"content":{"rendered":"<p>Das PN\/CAN-Gateway f\u00fcr SAE J1939 erm\u00f6glicht die nahtlose Integration von SAE J1939-Ger\u00e4ten in ein Automatisierungsnetzwerk. Es kann entweder als vollst\u00e4ndiges SAE J1939-Ger\u00e4t verwendet oder f\u00fcr die Simulation und Diagnose eines SAE J1939-Netzwerks eingesetzt werden. Die Daten der Parametergruppen (PGNs) k\u00f6nnen direkt im E\/A-Datenbereich der SPS ausgetauscht werden. Das Gateway unterst\u00fctzt sowohl Broadcast- als auch TP-Protokolle und erm\u00f6glicht eine flexible Konfiguration verschiedener Parameter.<\/p>\n<h3>Artikeldetails:<\/h3>\n<table>\n<thead>\n<tr>\n<th>Eigenschaft<\/th>\n<th>Spezifikation<\/th>\n<\/tr>\n<\/thead>\n<tbody>\n<tr>\n<td>SAE J1939 Support<\/td>\n<td>Vollst\u00e4ndiges SAE J1939 Device<\/td>\n<\/tr>\n<tr>\n<td>Protokolle<\/td>\n<td>Broadcast und TP<\/td>\n<\/tr>\n<tr>\n<td>Unterst\u00fctzte Formate<\/td>\n<td>PDU1 (dynamische DA) und PDU2 (Group Extensions)<\/td>\n<\/tr>\n<tr>\n<td>Lesbarkeit von Abort Reasons<\/td>\n<td>Direkt im Input Bereich lesbar<\/td>\n<\/tr>\n<tr>\n<td>Parametrierbare Funktionen<\/td>\n<td>Priorit\u00e4t, EDP, Ger\u00e4te-Name, SA\/DA, Antworten auf PGN Requests<\/td>\n<\/tr>\n<tr>\n<td>Daten\u00fcbertragung<\/td>\n<td>Bis zu 1420 Bytes Eingangs- und Ausgangsdaten auf PROFINET<\/td>\n<\/tr>\n<tr>\n<td>Medienredundanz<\/td>\n<td>PROFINET Medienredundanz (MRP-Client)<\/td>\n<\/tr>\n<tr>\n<td>Konfiguration<\/td>\n<td>\u00dcber GSDML-Datei<\/td>\n<\/tr>\n<tr>\n<td>Diagnose und Firmware-Update<\/td>\n<td>USB-Device Schnittstelle<\/td>\n<\/tr>\n<\/tbody>\n<\/table>\n<h2>Downloads:<\/h2>\n<p><a href=\"https:\/\/pericom.biz\/wp-content\/uploads\/woocommerce_uploads\/2024\/02\/PROFINETSAE_J1939_700-673-PNC01_pericom-tjcoo4.pdf\">Datenblatt PN-SAEJ1939<\/a><\/p>\n<p><a href=\"https:\/\/pericom.biz\/wp-content\/uploads\/woocommerce_uploads\/2024\/02\/Flyer_PROFINET_Gateways_Feldbus_Netze_einfach_verbinden_DE_11-2021_pericom-dctnnr.pdf\">\u00dcbersicht Profinet Gateways<\/a><\/p>\n","protected":false},"excerpt":{"rendered":"<p>Das PN\/CAN-Gateway f\u00fcr SAE J1939 bietet eine vielseitige L\u00f6sung f\u00fcr die Integration von SAE J1939-Ger\u00e4ten in Automatisierungsnetzwerke. Mit Unterst\u00fctzung von Broadcast- und TP-Protokollen sowie flexiblen Konfigurationsoptionen erm\u00f6glicht es eine einfache und effiziente Daten\u00fcbertragung und Diagnose.<\/p>\n","protected":false},"featured_media":1978,"comment_status":"open","ping_status":"closed","template":"","meta":[],"product_brand":[],"product_cat":[157,27,159,160],"product_tag":[163,155,151,162,165],"class_list":{"0":"post-1947","1":"product","2":"type-product","3":"status-publish","4":"has-post-thumbnail","6":"product_cat-feldbusse","7":"product_cat-gateways","8":"product_cat-profinet","9":"product_cat-serie-helmholz","10":"product_tag-ethernet","11":"product_tag-gateway","12":"product_tag-koppler","13":"product_tag-profinet","14":"product_tag-sae-j1939","16":"first","17":"instock","18":"downloadable","19":"taxable","20":"shipping-taxable","21":"product-type-simple"},"_links":{"self":[{"href":"https:\/\/pericom.biz\/index.php?rest_route=\/wp\/v2\/product\/1947","targetHints":{"allow":["GET"]}}],"collection":[{"href":"https:\/\/pericom.biz\/index.php?rest_route=\/wp\/v2\/product"}],"about":[{"href":"https:\/\/pericom.biz\/index.php?rest_route=\/wp\/v2\/types\/product"}],"replies":[{"embeddable":true,"href":"https:\/\/pericom.biz\/index.php?rest_route=%2Fwp%2Fv2%2Fcomments&post=1947"}],"wp:featuredmedia":[{"embeddable":true,"href":"https:\/\/pericom.biz\/index.php?rest_route=\/wp\/v2\/media\/1978"}],"wp:attachment":[{"href":"https:\/\/pericom.biz\/index.php?rest_route=%2Fwp%2Fv2%2Fmedia&parent=1947"}],"wp:term":[{"taxonomy":"product_brand","embeddable":true,"href":"https:\/\/pericom.biz\/index.php?rest_route=%2Fwp%2Fv2%2Fproduct_brand&post=1947"},{"taxonomy":"product_cat","embeddable":true,"href":"https:\/\/pericom.biz\/index.php?rest_route=%2Fwp%2Fv2%2Fproduct_cat&post=1947"},{"taxonomy":"product_tag","embeddable":true,"href":"https:\/\/pericom.biz\/index.php?rest_route=%2Fwp%2Fv2%2Fproduct_tag&post=1947"}],"curies":[{"name":"wp","href":"https:\/\/api.w.org\/{rel}","templated":true}]}}