{"id":1948,"date":"2026-04-16T16:45:34","date_gmt":"2026-04-16T16:45:34","guid":{"rendered":"https:\/\/pericom.biz\/?post_type=product&#038;p=1948"},"modified":"2026-04-16T16:45:54","modified_gmt":"2026-04-16T16:45:54","slug":"gateway-profinet-mqtt","status":"publish","type":"product","link":"https:\/\/pericom.biz\/?product=gateway-profinet-mqtt","title":{"rendered":"Gateway Profinet &#8211;  MQTT"},"content":{"rendered":"<p>Das MQTT-Protokoll hat sich als zentraler Standard f\u00fcr die Nachrichten\u00fcbertragung im Internet der Dinge (IoT) etabliert. Es erm\u00f6glicht die effiziente Kommunikation zwischen vernetzten Ger\u00e4ten \u00fcber einen zentralen Broker, der Nachrichten empf\u00e4ngt und an interessierte Empf\u00e4nger weiterleitet. Das Gateway f\u00fcr MQTT erm\u00f6glicht die Integration von PROFINET-Ger\u00e4ten in MQTT-Netzwerke und unterst\u00fctzt die OASIS MQTT-Standards V3.1.1 und V5. Es bietet eine benutzerfreundliche Konfiguration \u00fcber Webbrowser und erm\u00f6glicht die Anbindung an lokale Netzwerkbroker oder Cloud-Dienste wie AWS IoT und Microsoft Azure. Mit Funktionen zur Authentifizierung und Verschl\u00fcsselung gew\u00e4hrleistet das Gateway die Sicherheit der Daten\u00fcbertragung.<\/p>\n<h3>Artikeldetails:<\/h3>\n<table>\n<thead>\n<tr>\n<th>Eigenschaft<\/th>\n<th>Spezifikation<\/th>\n<\/tr>\n<\/thead>\n<tbody>\n<tr>\n<td>Unterst\u00fctzte MQTT-Standards<\/td>\n<td>OASIS MQTT-Standards V3.1.1 und V5<\/td>\n<\/tr>\n<tr>\n<td>Konfiguration<\/td>\n<td>Einfache Zuordnung der IO-Daten mittels GSDML-Datei<\/td>\n<\/tr>\n<tr>\n<td>Maximale Anzahl von Werten<\/td>\n<td>Bis zu 100 Werte gleichzeitig zur \u00dcbertragung konfiguriert<\/td>\n<\/tr>\n<tr>\n<td>Konfigurationstyp<\/td>\n<td>Flexible Konfiguration \u00fcber Webbrowser<\/td>\n<\/tr>\n<tr>\n<td>Netzwerktrennung<\/td>\n<td>Getrennte Netzwerke f\u00fcr PROFINET und MQTT-Verbindung<\/td>\n<\/tr>\n<tr>\n<td>Anbindungsoptionen<\/td>\n<td>Anbindung an Broker im lokalen Netzwerk oder direkt mit der &#171;Cloud&#187;<\/td>\n<\/tr>\n<tr>\n<td>Sicherheitsfunktionen<\/td>\n<td>Authentifizierung (Passwort, Zertifikat) und Verschl\u00fcsselung (TLS)<\/td>\n<\/tr>\n<tr>\n<td>Unterst\u00fctzte Plattformen<\/td>\n<td>AWS IoT, Microsoft Azure, HiveMQ, Siemens Mindsphere (in Vorbereitung)<\/td>\n<\/tr>\n<tr>\n<td>Bauform<\/td>\n<td>Sehr kompakte Bauform zur Hutschienenmontage<\/td>\n<\/tr>\n<tr>\n<td>Redundante Stromversorgung<\/td>\n<td>Vorhanden<\/td>\n<\/tr>\n<tr>\n<td>Galvanische Trennung<\/td>\n<td>Der Netzwerke<\/td>\n<\/tr>\n<\/tbody>\n<\/table>\n<h2>Downloads:<\/h2>\n<p><a href=\"https:\/\/pericom.biz\/wp-content\/uploads\/woocommerce_uploads\/2024\/02\/PNMQTT_Coupler_700-162-3MQ02_pericom-wfoc1u.pdf\">Datenblatt PN-MQTT<\/a><\/p>\n<p><a href=\"https:\/\/pericom.biz\/wp-content\/uploads\/woocommerce_uploads\/2024\/02\/Flyer_PROFINET_Gateways_Feldbus_Netze_einfach_verbinden_DE_11-2021_pericom-dctnnr.pdf\">\u00dcbersicht Profinet Gateways<\/a><\/p>\n","protected":false},"excerpt":{"rendered":"<p>Das Gateway f\u00fcr MQTT erm\u00f6glicht eine nahtlose Integration von PROFINET-Ger\u00e4ten in MQTT-Netzwerke. Mit Unterst\u00fctzung der OASIS MQTT-Standards V3.1.1 und V5, einer benutzerfreundlichen Konfiguration \u00fcber Webbrowser und Sicherheitsfunktionen wie Authentifizierung und Verschl\u00fcsselung bietet es eine zuverl\u00e4ssige und sichere Kommunikationsl\u00f6sung f\u00fcr das Internet der Dinge.<\/p>\n","protected":false},"featured_media":1979,"comment_status":"open","ping_status":"closed","template":"","meta":[],"product_brand":[],"product_cat":[157,27,159,160],"product_tag":[163,155,148,151,152,162],"class_list":{"0":"post-1948","1":"product","2":"type-product","3":"status-publish","4":"has-post-thumbnail","6":"product_cat-feldbusse","7":"product_cat-gateways","8":"product_cat-profinet","9":"product_cat-serie-helmholz","10":"product_tag-ethernet","11":"product_tag-gateway","12":"product_tag-industrial-ethernet","13":"product_tag-koppler","14":"product_tag-mqtt","15":"product_tag-profinet","17":"first","18":"instock","19":"downloadable","20":"taxable","21":"shipping-taxable","22":"product-type-simple"},"_links":{"self":[{"href":"https:\/\/pericom.biz\/index.php?rest_route=\/wp\/v2\/product\/1948","targetHints":{"allow":["GET"]}}],"collection":[{"href":"https:\/\/pericom.biz\/index.php?rest_route=\/wp\/v2\/product"}],"about":[{"href":"https:\/\/pericom.biz\/index.php?rest_route=\/wp\/v2\/types\/product"}],"replies":[{"embeddable":true,"href":"https:\/\/pericom.biz\/index.php?rest_route=%2Fwp%2Fv2%2Fcomments&post=1948"}],"wp:featuredmedia":[{"embeddable":true,"href":"https:\/\/pericom.biz\/index.php?rest_route=\/wp\/v2\/media\/1979"}],"wp:attachment":[{"href":"https:\/\/pericom.biz\/index.php?rest_route=%2Fwp%2Fv2%2Fmedia&parent=1948"}],"wp:term":[{"taxonomy":"product_brand","embeddable":true,"href":"https:\/\/pericom.biz\/index.php?rest_route=%2Fwp%2Fv2%2Fproduct_brand&post=1948"},{"taxonomy":"product_cat","embeddable":true,"href":"https:\/\/pericom.biz\/index.php?rest_route=%2Fwp%2Fv2%2Fproduct_cat&post=1948"},{"taxonomy":"product_tag","embeddable":true,"href":"https:\/\/pericom.biz\/index.php?rest_route=%2Fwp%2Fv2%2Fproduct_tag&post=1948"}],"curies":[{"name":"wp","href":"https:\/\/api.w.org\/{rel}","templated":true}]}}