{"id":1949,"date":"2026-04-16T16:45:34","date_gmt":"2026-04-16T16:45:34","guid":{"rendered":"https:\/\/pericom.biz\/?post_type=product&#038;p=1949"},"modified":"2026-04-16T16:45:55","modified_gmt":"2026-04-16T16:45:55","slug":"gateway-profinet-ethernet-ip","status":"publish","type":"product","link":"https:\/\/pericom.biz\/?product=gateway-profinet-ethernet-ip","title":{"rendered":"Gateway Profinet &#8211; Ethernet\/IP"},"content":{"rendered":"<p>Der PN\/EtherNetIP Coupler erm\u00f6glicht eine einfache und unkomplizierte Verbindung zwischen einer PROFINET-Maschine und einer EtherNet\/IP-Maschine. Mit diesem Gateway ist die Daten\u00fcbertragung zwischen einem PROFINET-Controller und einer EtherNet\/IP-SPS problemlos m\u00f6glich. Die kompakte Bauform des Gateways erm\u00f6glicht die Hutschienenmontage und bietet eine redundante Stromversorgung sowie eine galvanische Trennung der Netzwerke. Das Gateway unterst\u00fctzt bis zu 1024 Byte Ein-\/Ausgangsdaten und verf\u00fcgt \u00fcber 300 konfigurierbare Slots f\u00fcr PROFINET-IO-Daten. Die Konfiguration erfolgt einfach \u00fcber eine GSDML-Datei, es ist keine zus\u00e4tzliche Software erforderlich. Eine EDS-Datei ist ebenfalls verf\u00fcgbar, und zur Diagnose steht eine Webseite zur Verf\u00fcgung. Dar\u00fcber hinaus fungiert das Gateway als MQTT-Publisher auf beiden Netzwerkseiten, sowohl auf der PROFINET- als auch auf der Ethernet\/IP-Seite.<\/p>\n<h3>Artikeldetails:<\/h3>\n<table>\n<thead>\n<tr>\n<th>Eigenschaft<\/th>\n<th>Spezifikation<\/th>\n<\/tr>\n<\/thead>\n<tbody>\n<tr>\n<td>Bauform<\/td>\n<td>Sehr kompakte Bauform zur Hutschienenmontage<\/td>\n<\/tr>\n<tr>\n<td>Redundante Stromversorgung<\/td>\n<td>Vorhanden<\/td>\n<\/tr>\n<tr>\n<td>Galvanische Trennung<\/td>\n<td>Der Netzwerke<\/td>\n<\/tr>\n<tr>\n<td>Ein-\/Ausgangsdaten<\/td>\n<td>Bis zu 1024 Byte<\/td>\n<\/tr>\n<tr>\n<td>Konfigurierbare Slots<\/td>\n<td>300 f\u00fcr PROFINET IO-Daten<\/td>\n<\/tr>\n<tr>\n<td>Input- und Output-Assemblies<\/td>\n<td>3 Input- und 3 Output-Assemblies<\/td>\n<\/tr>\n<tr>\n<td>Konfiguration<\/td>\n<td>Konfiguration nur mit GSDML-Datei, keine weitere Software n\u00f6tig<\/td>\n<\/tr>\n<tr>\n<td>EDS-Datei<\/td>\n<td>Herunterladbar<\/td>\n<\/tr>\n<tr>\n<td>Diagnose<\/td>\n<td>Webseite zur Diagnose<\/td>\n<\/tr>\n<tr>\n<td>MQTT-Publisher<\/td>\n<td>Auf beiden Netzwerkseiten (PROFINET &amp; Ethernet\/IP)<\/td>\n<\/tr>\n<\/tbody>\n<\/table>\n<h2>Downloads:<\/h2>\n<p><a href=\"https:\/\/pericom.biz\/wp-content\/uploads\/woocommerce_uploads\/2024\/02\/PNEtherNetIP_Coupler_700-160-3EN02_pericom-gjnoof.pdf\">Datenblatt PN-EthernetIP<\/a><\/p>\n<p><a href=\"https:\/\/pericom.biz\/wp-content\/uploads\/woocommerce_uploads\/2024\/02\/Flyer_PROFINET_Gateways_Feldbus_Netze_einfach_verbinden_DE_11-2021_pericom-dctnnr.pdf\">\u00dcbersicht Profinet Gateways<\/a><\/p>\n","protected":false},"excerpt":{"rendered":"<p>Das Gateway f\u00fcr Ethernet\/IP, auch bekannt als PN\/EtherNetIP Coupler, erm\u00f6glicht eine m\u00fchelose Verbindung zwischen PROFINET- und EtherNet\/IP-Ger\u00e4ten. Mit seinen kompakten Abmessungen, der redundanten Stromversorgung und der galvanischen Trennung bietet es eine zuverl\u00e4ssige und sichere L\u00f6sung f\u00fcr die Daten\u00fcbertragung zwischen den beiden Netzwerken. Die Konfiguration erfolgt einfach \u00fcber eine GSDML-Datei, und eine EDS-Datei sowie eine Diagnose-Webseite stehen zur Verf\u00fcgung. Das Gateway fungiert auch als MQTT-Publisher auf beiden Netzwerkseiten, was seine Vielseitigkeit in verschiedenen Anwendungen unterstreicht.<\/p>\n","protected":false},"featured_media":1982,"comment_status":"open","ping_status":"closed","template":"","meta":[],"product_brand":[],"product_cat":[157,27,159,160],"product_tag":[163,166,155,151,162],"class_list":{"0":"post-1949","1":"product","2":"type-product","3":"status-publish","4":"has-post-thumbnail","6":"product_cat-feldbusse","7":"product_cat-gateways","8":"product_cat-profinet","9":"product_cat-serie-helmholz","10":"product_tag-ethernet","11":"product_tag-ethernet-ip","12":"product_tag-gateway","13":"product_tag-koppler","14":"product_tag-profinet","16":"first","17":"instock","18":"downloadable","19":"taxable","20":"shipping-taxable","21":"product-type-simple"},"_links":{"self":[{"href":"https:\/\/pericom.biz\/index.php?rest_route=\/wp\/v2\/product\/1949","targetHints":{"allow":["GET"]}}],"collection":[{"href":"https:\/\/pericom.biz\/index.php?rest_route=\/wp\/v2\/product"}],"about":[{"href":"https:\/\/pericom.biz\/index.php?rest_route=\/wp\/v2\/types\/product"}],"replies":[{"embeddable":true,"href":"https:\/\/pericom.biz\/index.php?rest_route=%2Fwp%2Fv2%2Fcomments&post=1949"}],"wp:featuredmedia":[{"embeddable":true,"href":"https:\/\/pericom.biz\/index.php?rest_route=\/wp\/v2\/media\/1982"}],"wp:attachment":[{"href":"https:\/\/pericom.biz\/index.php?rest_route=%2Fwp%2Fv2%2Fmedia&parent=1949"}],"wp:term":[{"taxonomy":"product_brand","embeddable":true,"href":"https:\/\/pericom.biz\/index.php?rest_route=%2Fwp%2Fv2%2Fproduct_brand&post=1949"},{"taxonomy":"product_cat","embeddable":true,"href":"https:\/\/pericom.biz\/index.php?rest_route=%2Fwp%2Fv2%2Fproduct_cat&post=1949"},{"taxonomy":"product_tag","embeddable":true,"href":"https:\/\/pericom.biz\/index.php?rest_route=%2Fwp%2Fv2%2Fproduct_tag&post=1949"}],"curies":[{"name":"wp","href":"https:\/\/api.w.org\/{rel}","templated":true}]}}