{"id":1954,"date":"2026-04-16T16:45:35","date_gmt":"2026-04-16T16:45:35","guid":{"rendered":"https:\/\/pericom.biz\/?post_type=product&#038;p=1954"},"modified":"2026-04-16T16:46:02","modified_gmt":"2026-04-16T16:46:02","slug":"profinet-switch-4-port-2","status":"publish","type":"product","link":"https:\/\/pericom.biz\/?product=profinet-switch-4-port-2","title":{"rendered":"Profinet Switch 4 Port"},"content":{"rendered":"<p>Der Profinet Switch mit 4 Ports ist optimiert f\u00fcr den Einsatz in Profinet-Netzwerken. Er bietet eine nahtlose Integration in Automatisierungsnetzwerke mit seiner PROFINET Conformance Class B-Zertifizierung. Die Konfiguration und Diagnose erfolgt schnell und einfach \u00fcber PROFINET und ein Webinterface. Funktionen wie Link Layer Discovery Protocol (LLDP), Device Configuration Protocol (DCP), Simple Network Management Protocol (SNMP) und Diagnose-Alarme verbessern die Netzwerkmanagementf\u00e4higkeiten. Der Switch unterst\u00fctzt das Media Redundancy Protocol (MRP) f\u00fcr Netzwerkredundanz und bietet Funktionen wie Port-Mirroring f\u00fcr erweiterte Fehlersuche. Detaillierte Netzwerkstatistiken, einschlie\u00dflich Frame- und Fehlerz\u00e4hlungen, liefern wertvolle Einblicke zur Optimierung des Netzwerks. Dieser verwaltete Switch verf\u00fcgt \u00fcber 4 Ports mit RJ45-Anschl\u00fcssen, die jeweils Geschwindigkeiten von bis zu 100 Mbit\/s unterst\u00fctzen.<\/p>\n<h3>Artikeldetails:<\/h3>\n<table>\n<thead>\n<tr>\n<th>Eigenschaft<\/th>\n<th>Spezifikation<\/th>\n<\/tr>\n<\/thead>\n<tbody>\n<tr>\n<td>PROFINET Conformance Class<\/td>\n<td>B<\/td>\n<\/tr>\n<tr>\n<td>Integration<\/td>\n<td>GSDML-Datei<\/td>\n<\/tr>\n<tr>\n<td>Konfiguration und Diagnose<\/td>\n<td>PROFINET, Webinterface<\/td>\n<\/tr>\n<tr>\n<td>Managementprotokolle<\/td>\n<td>LLDP, DCP, SNMP<\/td>\n<\/tr>\n<tr>\n<td>Diagnose-Alarme<\/td>\n<td>Ja<\/td>\n<\/tr>\n<tr>\n<td>Medienredundanz<\/td>\n<td>MRP-Client<\/td>\n<\/tr>\n<tr>\n<td>Port-Mirroring<\/td>\n<td>Ja<\/td>\n<\/tr>\n<tr>\n<td>Netzwerkstatistiken<\/td>\n<td>Frames, Fehler<\/td>\n<\/tr>\n<tr>\n<td>Anzahl der Ports<\/td>\n<td>4<\/td>\n<\/tr>\n<tr>\n<td>Anschlusstyp<\/td>\n<td>RJ45<\/td>\n<\/tr>\n<tr>\n<td>Portgeschwindigkeit<\/td>\n<td>100 Mbit\/s<\/td>\n<\/tr>\n<\/tbody>\n<\/table>\n","protected":false},"excerpt":{"rendered":"<div class=\"flex-1 overflow-hidden\">\n<div class=\"react-scroll-to-bottom--css-iiczm-79elbk h-full\">\n<div class=\"react-scroll-to-bottom--css-iiczm-1n7m0yu\">\n<div class=\"flex flex-col pb-9 text-sm\">\n<div class=\"w-full text-token-text-primary\" data-testid=\"conversation-turn-205\">\n<div class=\"px-4 py-2 justify-center text-base md:gap-6 m-auto\">\n<div class=\"flex flex-1 text-base mx-auto gap-3 md:px-5 lg:px-1 xl:px-5 md:max-w-3xl lg:max-w-[40rem] xl:max-w-[48rem] group final-completion\">\n<div class=\"relative flex w-full flex-col agent-turn\">\n<div class=\"flex-col gap-1 md:gap-3\">\n<div class=\"flex flex-grow flex-col max-w-full\">\n<div class=\"min-h-[20px] text-message flex flex-col items-start gap-3 whitespace-pre-wrap break-words [.text-message+&amp;]:mt-5 overflow-x-auto\" data-message-author-role=\"assistant\" data-message-id=\"8a6401c1-d3f9-402b-987b-27cf0b980343\">\n<div class=\"markdown prose w-full break-words dark:prose-invert dark\">\n<p>4 Ports. Optimiert auf den Einsatz in Profinet Netzwerken.<\/p>\n<\/div>\n<\/div>\n<\/div>\n<\/div>\n<\/div>\n<\/div>\n<\/div>\n<\/div>\n<\/div>\n<\/div>\n<\/div>\n<\/div>\n","protected":false},"featured_media":2012,"comment_status":"closed","ping_status":"closed","template":"","meta":[],"product_brand":[],"product_cat":[24,173,35],"product_tag":[],"class_list":{"0":"post-1954","1":"product","2":"type-product","3":"status-publish","4":"has-post-thumbnail","6":"product_cat-industrial-ethernet","7":"product_cat-profinet-switches","8":"product_cat-switches","10":"first","11":"instock","12":"downloadable","13":"taxable","14":"shipping-taxable","15":"product-type-simple"},"_links":{"self":[{"href":"https:\/\/pericom.biz\/index.php?rest_route=\/wp\/v2\/product\/1954","targetHints":{"allow":["GET"]}}],"collection":[{"href":"https:\/\/pericom.biz\/index.php?rest_route=\/wp\/v2\/product"}],"about":[{"href":"https:\/\/pericom.biz\/index.php?rest_route=\/wp\/v2\/types\/product"}],"replies":[{"embeddable":true,"href":"https:\/\/pericom.biz\/index.php?rest_route=%2Fwp%2Fv2%2Fcomments&post=1954"}],"wp:featuredmedia":[{"embeddable":true,"href":"https:\/\/pericom.biz\/index.php?rest_route=\/wp\/v2\/media\/2012"}],"wp:attachment":[{"href":"https:\/\/pericom.biz\/index.php?rest_route=%2Fwp%2Fv2%2Fmedia&parent=1954"}],"wp:term":[{"taxonomy":"product_brand","embeddable":true,"href":"https:\/\/pericom.biz\/index.php?rest_route=%2Fwp%2Fv2%2Fproduct_brand&post=1954"},{"taxonomy":"product_cat","embeddable":true,"href":"https:\/\/pericom.biz\/index.php?rest_route=%2Fwp%2Fv2%2Fproduct_cat&post=1954"},{"taxonomy":"product_tag","embeddable":true,"href":"https:\/\/pericom.biz\/index.php?rest_route=%2Fwp%2Fv2%2Fproduct_tag&post=1954"}],"curies":[{"name":"wp","href":"https:\/\/api.w.org\/{rel}","templated":true}]}}