{"id":1956,"date":"2026-04-16T16:45:35","date_gmt":"2026-04-16T16:45:35","guid":{"rendered":"https:\/\/pericom.biz\/?post_type=product&#038;p=1956"},"modified":"2026-04-16T16:46:04","modified_gmt":"2026-04-16T16:46:04","slug":"unmanaged-switch-5-ports","status":"publish","type":"product","link":"https:\/\/pericom.biz\/?product=unmanaged-switch-5-ports","title":{"rendered":"Unmanaged Switch 5 Ports"},"content":{"rendered":"<p>Der Unmanaged Switch mit 5 Ports bietet eine einfache L\u00f6sung f\u00fcr die Netzwerkkonnektivit\u00e4t in kleineren Umgebungen. Mit seinen 5 Ports erm\u00f6glicht er den Anschluss mehrerer Ger\u00e4te an ein Netzwerk. Die kompakte Bauform und die M\u00f6glichkeit zur Montage auf einer DIN-Schiene machen ihn ideal f\u00fcr den Einsatz in platzkritischen Umgebungen. Der Switch unterst\u00fctzt eine automatische Verhandlung der Geschwindigkeit und des Duplexmodus f\u00fcr eine optimale Leistung. Er verf\u00fcgt \u00fcber eine Store-and-Forward-Architektur, die eine zuverl\u00e4ssige Daten\u00fcbertragung gew\u00e4hrleistet. Zus\u00e4tzlich bietet der Switch Funktionen wie Auto MDI\/MDI-X und IEEE 802.3u Auto Crossover Support f\u00fcr eine einfache Installation. Mit einer MAC-Adresslookup-Tabelle von 1K und einem Frame-Puffer von 64 KByte ist der Switch in der Lage, Daten effizient zu verarbeiten. Die IEEE 802.3x Full Duplex Flow Control sorgt f\u00fcr eine reibungslose Daten\u00fcbertragung. Mit einer hohen Leistungsbereitstellung von 1.4 Gbps ist der Switch in der Lage, den Netzwerkverkehr effizient zu verarbeiten.<\/p>\n<h3>Artikeldetails:<\/h3>\n<table>\n<thead>\n<tr>\n<th>Eigenschaft<\/th>\n<th>Spezifikation<\/th>\n<\/tr>\n<\/thead>\n<tbody>\n<tr>\n<td>Anzahl der Ports<\/td>\n<td>5<\/td>\n<\/tr>\n<tr>\n<td>Geschwindigkeit<\/td>\n<td>10\/100 Mbit\/s<\/td>\n<\/tr>\n<tr>\n<td>Duplexmodus<\/td>\n<td>Full-\/Half-Duplex (Autonegotiation)<\/td>\n<\/tr>\n<tr>\n<td>Auto MDI\/MDI-X<\/td>\n<td>Ja (HP Auto MDI\/MDI-X &amp; IEEE 802.3u Auto crossover support)<\/td>\n<\/tr>\n<tr>\n<td>MAC-Adresslookup-Tabelle<\/td>\n<td>1K<\/td>\n<\/tr>\n<tr>\n<td>Frame-Puffergr\u00f6\u00dfe<\/td>\n<td>64 KByte<\/td>\n<\/tr>\n<tr>\n<td>IEEE 802.3x Full Duplex Flow Control<\/td>\n<td>Ja<\/td>\n<\/tr>\n<tr>\n<td>Memory Bandbreite<\/td>\n<td>1.4 Gbps<\/td>\n<\/tr>\n<\/tbody>\n<\/table>\n","protected":false},"excerpt":{"rendered":"<div class=\"flex-1 overflow-hidden\">\n<div class=\"react-scroll-to-bottom--css-iiczm-79elbk h-full\">\n<div class=\"react-scroll-to-bottom--css-iiczm-1n7m0yu\">\n<div class=\"flex flex-col pb-9 text-sm\">\n<div class=\"w-full text-token-text-primary\" data-testid=\"conversation-turn-209\">\n<div class=\"px-4 py-2 justify-center text-base md:gap-6 m-auto\">\n<div class=\"flex flex-1 text-base mx-auto gap-3 md:px-5 lg:px-1 xl:px-5 md:max-w-3xl lg:max-w-[40rem] xl:max-w-[48rem] group final-completion\">\n<div class=\"relative flex w-full flex-col agent-turn\">\n<div class=\"flex-col gap-1 md:gap-3\">\n<div class=\"flex flex-grow flex-col max-w-full\">\n<div class=\"min-h-[20px] text-message flex flex-col items-start gap-3 whitespace-pre-wrap break-words [.text-message+&amp;]:mt-5 overflow-x-auto\" data-message-author-role=\"assistant\" data-message-id=\"caf7b758-4027-49a9-93a6-e3c9fbdabaff\">\n<div class=\"markdown prose w-full break-words dark:prose-invert dark\">\n<p>Einfacher 5-Port Switch. Sehr kompakte Bauform. Montage auf DIN &#8211; Schiene.<\/p>\n<\/div>\n<\/div>\n<\/div>\n<\/div>\n<\/div>\n<\/div>\n<\/div>\n<\/div>\n<\/div>\n<\/div>\n<\/div>\n<\/div>\n","protected":false},"featured_media":2015,"comment_status":"closed","ping_status":"closed","template":"","meta":[],"product_brand":[],"product_cat":[24,35,168],"product_tag":[169,148,172,170],"class_list":{"0":"post-1956","1":"product","2":"type-product","3":"status-publish","4":"has-post-thumbnail","6":"product_cat-industrial-ethernet","7":"product_cat-switches","8":"product_cat-unmanaged","9":"product_tag-5-ports","10":"product_tag-industrial-ethernet","11":"product_tag-switch","12":"product_tag-unmanaged","14":"first","15":"instock","16":"downloadable","17":"taxable","18":"shipping-taxable","19":"product-type-simple"},"_links":{"self":[{"href":"https:\/\/pericom.biz\/index.php?rest_route=\/wp\/v2\/product\/1956","targetHints":{"allow":["GET"]}}],"collection":[{"href":"https:\/\/pericom.biz\/index.php?rest_route=\/wp\/v2\/product"}],"about":[{"href":"https:\/\/pericom.biz\/index.php?rest_route=\/wp\/v2\/types\/product"}],"replies":[{"embeddable":true,"href":"https:\/\/pericom.biz\/index.php?rest_route=%2Fwp%2Fv2%2Fcomments&post=1956"}],"wp:featuredmedia":[{"embeddable":true,"href":"https:\/\/pericom.biz\/index.php?rest_route=\/wp\/v2\/media\/2015"}],"wp:attachment":[{"href":"https:\/\/pericom.biz\/index.php?rest_route=%2Fwp%2Fv2%2Fmedia&parent=1956"}],"wp:term":[{"taxonomy":"product_brand","embeddable":true,"href":"https:\/\/pericom.biz\/index.php?rest_route=%2Fwp%2Fv2%2Fproduct_brand&post=1956"},{"taxonomy":"product_cat","embeddable":true,"href":"https:\/\/pericom.biz\/index.php?rest_route=%2Fwp%2Fv2%2Fproduct_cat&post=1956"},{"taxonomy":"product_tag","embeddable":true,"href":"https:\/\/pericom.biz\/index.php?rest_route=%2Fwp%2Fv2%2Fproduct_tag&post=1956"}],"curies":[{"name":"wp","href":"https:\/\/api.w.org\/{rel}","templated":true}]}}