{"id":1984,"date":"2026-04-16T16:45:56","date_gmt":"2026-04-16T16:45:56","guid":{"rendered":"https:\/\/pericom.biz\/?post_type=product&#038;p=1984"},"modified":"2026-04-16T16:46:06","modified_gmt":"2026-04-16T16:46:06","slug":"profinet-switch-8-port-2","status":"publish","type":"product","link":"https:\/\/pericom.biz\/?product=profinet-switch-8-port-2","title":{"rendered":"Profinet Switch 8 Port"},"content":{"rendered":"<p>Der Profinet Switch mit 8 Ports bietet eine optimierte L\u00f6sung f\u00fcr den Einsatz in Profinet Netzwerken. Mit seinen 8 Ports erm\u00f6glicht er den Anschluss mehrerer Ger\u00e4te in einem Profinet-Netzwerk. Der Switch entspricht der PROFINET Conformance Class B und ist einfach in das Automatisierungsnetzwerk integrierbar, indem eine GSDML-Datei verwendet wird. Die Konfiguration und Diagnose erfolgt schnell und einfach \u00fcber PROFINET und ein Webinterface. Der Switch unterst\u00fctzt Funktionen wie LLDP, DCP, SNMP und Diagnose-Alarme f\u00fcr eine effiziente Netzwerkverwaltung. Mit der Medienredundanzfunktion MRP-Client sowie Port-Mirroring und Netzwerkstatistiken f\u00fcr Frames und Fehler bietet der Switch zus\u00e4tzliche Flexibilit\u00e4t und \u00dcberwachungsm\u00f6glichkeiten. Er ist ein Managed Switch mit 8 x 100 Mbit\/s RJ45 Ports.<\/p>\n<h3>Artikeldetails:<\/h3>\n<table>\n<thead>\n<tr>\n<th>Eigenschaft<\/th>\n<th>Spezifikation<\/th>\n<\/tr>\n<\/thead>\n<tbody>\n<tr>\n<td>Anzahl der Ports<\/td>\n<td>8<\/td>\n<\/tr>\n<tr>\n<td>PROFINET Conformance Class<\/td>\n<td>B<\/td>\n<\/tr>\n<tr>\n<td>Integration<\/td>\n<td>GSDML-Datei<\/td>\n<\/tr>\n<tr>\n<td>Konfiguration und Diagnose<\/td>\n<td>PROFINET, Webinterface<\/td>\n<\/tr>\n<tr>\n<td>Unterst\u00fctzte Funktionen<\/td>\n<td>LLDP, DCP, SNMP, Diagnose-Alarme<\/td>\n<\/tr>\n<tr>\n<td>Medienredundanz<\/td>\n<td>MRP-Client<\/td>\n<\/tr>\n<tr>\n<td>Port-Mirroring<\/td>\n<td>Ja<\/td>\n<\/tr>\n<tr>\n<td>Netzwerkstatistiken<\/td>\n<td>Frames, Fehler<\/td>\n<\/tr>\n<tr>\n<td>Managed Switch<\/td>\n<td>Ja<\/td>\n<\/tr>\n<tr>\n<td>Port-Geschwindigkeit<\/td>\n<td>100 Mbit\/s<\/td>\n<\/tr>\n<\/tbody>\n<\/table>\n","protected":false},"excerpt":{"rendered":"<p>8 Ports. Optimiert auf den Einsatz in Profinet Netzwerken.<\/p>\n","protected":false},"featured_media":2016,"comment_status":"closed","ping_status":"closed","template":"","meta":[],"product_brand":[],"product_cat":[24,173,35],"product_tag":[],"class_list":{"0":"post-1984","1":"product","2":"type-product","3":"status-publish","4":"has-post-thumbnail","6":"product_cat-industrial-ethernet","7":"product_cat-profinet-switches","8":"product_cat-switches","10":"first","11":"instock","12":"downloadable","13":"taxable","14":"shipping-taxable","15":"product-type-simple"},"_links":{"self":[{"href":"https:\/\/pericom.biz\/index.php?rest_route=\/wp\/v2\/product\/1984","targetHints":{"allow":["GET"]}}],"collection":[{"href":"https:\/\/pericom.biz\/index.php?rest_route=\/wp\/v2\/product"}],"about":[{"href":"https:\/\/pericom.biz\/index.php?rest_route=\/wp\/v2\/types\/product"}],"replies":[{"embeddable":true,"href":"https:\/\/pericom.biz\/index.php?rest_route=%2Fwp%2Fv2%2Fcomments&post=1984"}],"wp:featuredmedia":[{"embeddable":true,"href":"https:\/\/pericom.biz\/index.php?rest_route=\/wp\/v2\/media\/2016"}],"wp:attachment":[{"href":"https:\/\/pericom.biz\/index.php?rest_route=%2Fwp%2Fv2%2Fmedia&parent=1984"}],"wp:term":[{"taxonomy":"product_brand","embeddable":true,"href":"https:\/\/pericom.biz\/index.php?rest_route=%2Fwp%2Fv2%2Fproduct_brand&post=1984"},{"taxonomy":"product_cat","embeddable":true,"href":"https:\/\/pericom.biz\/index.php?rest_route=%2Fwp%2Fv2%2Fproduct_cat&post=1984"},{"taxonomy":"product_tag","embeddable":true,"href":"https:\/\/pericom.biz\/index.php?rest_route=%2Fwp%2Fv2%2Fproduct_tag&post=1984"}],"curies":[{"name":"wp","href":"https:\/\/api.w.org\/{rel}","templated":true}]}}