{"id":1985,"date":"2026-04-16T16:45:56","date_gmt":"2026-04-16T16:45:56","guid":{"rendered":"https:\/\/pericom.biz\/?post_type=product&#038;p=1985"},"modified":"2026-04-16T16:46:06","modified_gmt":"2026-04-16T16:46:06","slug":"unmanaged-switch-16-ports","status":"publish","type":"product","link":"https:\/\/pericom.biz\/?product=unmanaged-switch-16-ports","title":{"rendered":"Unmanaged Switch 16 Ports"},"content":{"rendered":"<p>Der Unmanaged Switch mit 16 Ports bietet eine einfache L\u00f6sung f\u00fcr die Netzwerkverbindung von bis zu 16 Ger\u00e4ten. Mit seiner kompakten Bauform ist er ideal f\u00fcr Umgebungen, in denen Platz eine begrenzte Ressource ist. Der Switch verf\u00fcgt \u00fcber eine Store-and-Forward-Architektur und unterst\u00fctzt 10\/100Base-T\/TX, Full-\/Half-Duplex mit Autonegotiation. Er bietet auch HP Auto MDI\/MDI-X und IEEE 802.3u Auto-Crossover-Unterst\u00fctzung f\u00fcr eine bequeme Verkabelung. Mit CoS gem\u00e4\u00df IEEE 802.1Q und 8 QoS-Priorit\u00e4tsqueues erm\u00f6glicht der Switch eine effiziente Datenpriorisierung. Zus\u00e4tzliche Funktionen wie LLDP &amp; PTCP Delay-Traffic Blocking (f\u00fcr PROFINET-Netzwerke) und IEEE 802.3x Vollduplex-Flusskontrolle tragen zur Netzwerksicherheit und -stabilit\u00e4t bei. Der Switch entspricht der PROFINET Conformance Class A und bietet zwei 16K MAC-Adress-Lookup-Tabellen sowie zwei 256 KByte Speicher f\u00fcr Frame-Pufferung. Mit einer hohen Leistung von bis zu 51 Gbps f\u00fcr den Speicher-Bandbreite unterst\u00fctzt er Frame-Gr\u00f6\u00dfen von bis zu 10KByte.<\/p>\n<h3>Artikeldetails:<\/h3>\n<table>\n<thead>\n<tr>\n<th>Eigenschaft<\/th>\n<th>Spezifikation<\/th>\n<\/tr>\n<\/thead>\n<tbody>\n<tr>\n<td>Anzahl der Ports<\/td>\n<td>16<\/td>\n<\/tr>\n<tr>\n<td>Architektur<\/td>\n<td>Store-and-Forward<\/td>\n<\/tr>\n<tr>\n<td>Unterst\u00fctzte Geschwindigkeit<\/td>\n<td>10\/100Base-T\/TX<\/td>\n<\/tr>\n<tr>\n<td>Duplex-Modus<\/td>\n<td>Full-\/Half-Duplex (Autonegotiation)<\/td>\n<\/tr>\n<tr>\n<td>Auto-Crossover-Unterst\u00fctzung<\/td>\n<td>HP Auto MDI\/MDI-X, IEEE 802.3u Auto crossover<\/td>\n<\/tr>\n<tr>\n<td>Datenpriorisierung<\/td>\n<td>CoS (IEEE 802.1Q), 8 QoS-Priorit\u00e4tsqueues<\/td>\n<\/tr>\n<tr>\n<td>LLDP &amp; PTCP<\/td>\n<td>Delay-Traffic Blocking (f\u00fcr PROFINET-Netzwerke)<\/td>\n<\/tr>\n<tr>\n<td>PROFINET Conformance Class<\/td>\n<td>A<\/td>\n<\/tr>\n<tr>\n<td>MAC-Adress-Lookup-Tabellen<\/td>\n<td>2x 16K<\/td>\n<\/tr>\n<tr>\n<td>Speicher f\u00fcr Frame-Pufferung<\/td>\n<td>2x 256 KByte<\/td>\n<\/tr>\n<tr>\n<td>Flusskontrolle<\/td>\n<td>IEEE 802.3x Vollduplex<\/td>\n<\/tr>\n<tr>\n<td>Speicherbandbreite<\/td>\n<td>Bis zu 51 Gbps<\/td>\n<\/tr>\n<tr>\n<td>Unterst\u00fctzte Frame-Gr\u00f6\u00dfen<\/td>\n<td>Bis zu 10KByte<\/td>\n<\/tr>\n<\/tbody>\n<\/table>\n","protected":false},"excerpt":{"rendered":"<div class=\"flex-1 overflow-hidden\">\n<div class=\"react-scroll-to-bottom--css-iiczm-79elbk h-full\">\n<div class=\"react-scroll-to-bottom--css-iiczm-1n7m0yu\">\n<div class=\"flex flex-col pb-9 text-sm\">\n<div class=\"w-full text-token-text-primary\" data-testid=\"conversation-turn-213\">\n<div class=\"px-4 py-2 justify-center text-base md:gap-6 m-auto\">\n<div class=\"flex flex-1 text-base mx-auto gap-3 md:px-5 lg:px-1 xl:px-5 md:max-w-3xl lg:max-w-[40rem] xl:max-w-[48rem] group final-completion\">\n<div class=\"relative flex w-full flex-col agent-turn\">\n<div class=\"flex-col gap-1 md:gap-3\">\n<div class=\"flex flex-grow flex-col max-w-full\">\n<div class=\"min-h-[20px] text-message flex flex-col items-start gap-3 whitespace-pre-wrap break-words [.text-message+&amp;]:mt-5 overflow-x-auto\" data-message-author-role=\"assistant\" data-message-id=\"b1fc3377-b295-43ef-bf1a-8e50148dd00b\">\n<div class=\"markdown prose w-full break-words dark:prose-invert dark\">\n<p>Einfacher unmanaged 16 &#8211; Port Switch. Sehr kompakte Bauform.<\/p>\n<\/div>\n<\/div>\n<\/div>\n<\/div>\n<\/div>\n<\/div>\n<\/div>\n<\/div>\n<\/div>\n<\/div>\n<\/div>\n<\/div>\n","protected":false},"featured_media":2018,"comment_status":"closed","ping_status":"closed","template":"","meta":[],"product_brand":[],"product_cat":[24,35,168],"product_tag":[174,163,172,170],"class_list":{"0":"post-1985","1":"product","2":"type-product","3":"status-publish","4":"has-post-thumbnail","6":"product_cat-industrial-ethernet","7":"product_cat-switches","8":"product_cat-unmanaged","9":"product_tag-16-ports","10":"product_tag-ethernet","11":"product_tag-switch","12":"product_tag-unmanaged","14":"first","15":"instock","16":"downloadable","17":"taxable","18":"shipping-taxable","19":"product-type-simple"},"_links":{"self":[{"href":"https:\/\/pericom.biz\/index.php?rest_route=\/wp\/v2\/product\/1985","targetHints":{"allow":["GET"]}}],"collection":[{"href":"https:\/\/pericom.biz\/index.php?rest_route=\/wp\/v2\/product"}],"about":[{"href":"https:\/\/pericom.biz\/index.php?rest_route=\/wp\/v2\/types\/product"}],"replies":[{"embeddable":true,"href":"https:\/\/pericom.biz\/index.php?rest_route=%2Fwp%2Fv2%2Fcomments&post=1985"}],"wp:featuredmedia":[{"embeddable":true,"href":"https:\/\/pericom.biz\/index.php?rest_route=\/wp\/v2\/media\/2018"}],"wp:attachment":[{"href":"https:\/\/pericom.biz\/index.php?rest_route=%2Fwp%2Fv2%2Fmedia&parent=1985"}],"wp:term":[{"taxonomy":"product_brand","embeddable":true,"href":"https:\/\/pericom.biz\/index.php?rest_route=%2Fwp%2Fv2%2Fproduct_brand&post=1985"},{"taxonomy":"product_cat","embeddable":true,"href":"https:\/\/pericom.biz\/index.php?rest_route=%2Fwp%2Fv2%2Fproduct_cat&post=1985"},{"taxonomy":"product_tag","embeddable":true,"href":"https:\/\/pericom.biz\/index.php?rest_route=%2Fwp%2Fv2%2Fproduct_tag&post=1985"}],"curies":[{"name":"wp","href":"https:\/\/api.w.org\/{rel}","templated":true}]}}