{"id":1986,"date":"2026-04-16T16:45:56","date_gmt":"2026-04-16T16:45:56","guid":{"rendered":"https:\/\/pericom.biz\/?post_type=product&#038;p=1986"},"modified":"2026-04-16T16:46:07","modified_gmt":"2026-04-16T16:46:07","slug":"profinet-switch-16-port-2","status":"publish","type":"product","link":"https:\/\/pericom.biz\/?product=profinet-switch-16-port-2","title":{"rendered":"Profinet Switch 16 Port"},"content":{"rendered":"<p>Der Profinet Switch mit 16 Ports ist speziell optimiert f\u00fcr den Einsatz in Profinet Netzwerken. Mit seinen 16 Ports bietet er eine umfassende Netzwerkverbindung f\u00fcr eine Vielzahl von Ger\u00e4ten in industriellen Umgebungen. Der Switch entspricht der PROFINET Conformance Class B und integriert sich nahtlos in das Automatisierungsnetzwerk mit einer GSDML-Datei. Die Konfiguration und Diagnose erfolgen schnell und einfach \u00fcber PROFINET und das Webinterface. Zus\u00e4tzliche Funktionen wie LLDP, DCP, SNMP und Diagnose-Alarme bieten eine umfassende \u00dcberwachung und Steuerung des Netzwerks. Mit MRP-Client-Medienredundanz, Port-Mirroring und Netzwerkstatistiken (Frames, Fehler) gew\u00e4hrleistet der Switch eine zuverl\u00e4ssige und robuste Netzwerkleistung. Er ist ein Managed Switch mit 16 x 100 Mbit\/s RJ45 Ports, der f\u00fcr anspruchsvolle industrielle Anwendungen konzipiert ist.<\/p>\n<h3>Artikeldetails:<\/h3>\n<table>\n<thead>\n<tr>\n<th>Eigenschaft<\/th>\n<th>Spezifikation<\/th>\n<\/tr>\n<\/thead>\n<tbody>\n<tr>\n<td>Anzahl der Ports<\/td>\n<td>16<\/td>\n<\/tr>\n<tr>\n<td>PROFINET Conformance Class<\/td>\n<td>B<\/td>\n<\/tr>\n<tr>\n<td>Integration<\/td>\n<td>GSDML-Datei<\/td>\n<\/tr>\n<tr>\n<td>Konfiguration und Diagnose<\/td>\n<td>PROFINET, Webinterface<\/td>\n<\/tr>\n<tr>\n<td>Netzwerkprotokolle<\/td>\n<td>LLDP, DCP, SNMP<\/td>\n<\/tr>\n<tr>\n<td>Diagnose<\/td>\n<td>Diagnose-Alarme<\/td>\n<\/tr>\n<tr>\n<td>Medienredundanz<\/td>\n<td>MRP-Client<\/td>\n<\/tr>\n<tr>\n<td>Port-Mirroring<\/td>\n<td>Unterst\u00fctzt<\/td>\n<\/tr>\n<tr>\n<td>Netzwerkstatistiken<\/td>\n<td>Frames, Fehler<\/td>\n<\/tr>\n<tr>\n<td>Switch-Typ<\/td>\n<td>Managed<\/td>\n<\/tr>\n<tr>\n<td>Port-Geschwindigkeit<\/td>\n<td>100 Mbit\/s<\/td>\n<\/tr>\n<tr>\n<td>Anschl\u00fcsse<\/td>\n<td>16 x RJ45 Ports<\/td>\n<\/tr>\n<\/tbody>\n<\/table>\n<p>&nbsp;<\/p>\n","protected":false},"excerpt":{"rendered":"<p>Profinet Switch mit 16 Ports, optimiert f\u00fcr den Einsatz in Profinet Netzwerken. Mit PROFINET Conformance Class B, GSDML-Datei Integration und schneller Konfiguration und Diagnose \u00fcber PROFINET und Webinterface.<\/p>\n","protected":false},"featured_media":2019,"comment_status":"closed","ping_status":"closed","template":"","meta":[],"product_brand":[],"product_cat":[24,173,35],"product_tag":[],"class_list":{"0":"post-1986","1":"product","2":"type-product","3":"status-publish","4":"has-post-thumbnail","6":"product_cat-industrial-ethernet","7":"product_cat-profinet-switches","8":"product_cat-switches","10":"first","11":"instock","12":"downloadable","13":"taxable","14":"shipping-taxable","15":"product-type-simple"},"_links":{"self":[{"href":"https:\/\/pericom.biz\/index.php?rest_route=\/wp\/v2\/product\/1986","targetHints":{"allow":["GET"]}}],"collection":[{"href":"https:\/\/pericom.biz\/index.php?rest_route=\/wp\/v2\/product"}],"about":[{"href":"https:\/\/pericom.biz\/index.php?rest_route=\/wp\/v2\/types\/product"}],"replies":[{"embeddable":true,"href":"https:\/\/pericom.biz\/index.php?rest_route=%2Fwp%2Fv2%2Fcomments&post=1986"}],"wp:featuredmedia":[{"embeddable":true,"href":"https:\/\/pericom.biz\/index.php?rest_route=\/wp\/v2\/media\/2019"}],"wp:attachment":[{"href":"https:\/\/pericom.biz\/index.php?rest_route=%2Fwp%2Fv2%2Fmedia&parent=1986"}],"wp:term":[{"taxonomy":"product_brand","embeddable":true,"href":"https:\/\/pericom.biz\/index.php?rest_route=%2Fwp%2Fv2%2Fproduct_brand&post=1986"},{"taxonomy":"product_cat","embeddable":true,"href":"https:\/\/pericom.biz\/index.php?rest_route=%2Fwp%2Fv2%2Fproduct_cat&post=1986"},{"taxonomy":"product_tag","embeddable":true,"href":"https:\/\/pericom.biz\/index.php?rest_route=%2Fwp%2Fv2%2Fproduct_tag&post=1986"}],"curies":[{"name":"wp","href":"https:\/\/api.w.org\/{rel}","templated":true}]}}