{"id":1989,"date":"2026-04-16T16:45:56","date_gmt":"2026-04-16T16:45:56","guid":{"rendered":"https:\/\/pericom.biz\/?post_type=product&#038;p=1989"},"modified":"2026-04-16T16:46:10","modified_gmt":"2026-04-16T16:46:10","slug":"flextra-profinet-switch-16-port-mit-lwl-2","status":"publish","type":"product","link":"https:\/\/pericom.biz\/?product=flextra-profinet-switch-16-port-mit-lwl-2","title":{"rendered":"Flextra Profinet Switch 16 Port Mit LWL"},"content":{"rendered":"<p>Der Flextra Profinet Switch mit 16 Ports und LWL bietet eine optimierte L\u00f6sung f\u00fcr den Einsatz in Profinet Netzwerken. Mit seiner Unterst\u00fctzung f\u00fcr Lichtwellenleiter (LWL) erm\u00f6glicht er eine zuverl\u00e4ssige und robuste Netzwerkkonnektivit\u00e4t f\u00fcr industrielle Anwendungen. Der Switch entspricht der PROFINET Conformance Class B (100 MBit\/s) und bietet eine nahtlose Integration in das Automatisierungsnetzwerk mit einer GSDML-Datei. Die Konfiguration und Diagnose erfolgen schnell und einfach \u00fcber PROFINET und das Webinterface. Zus\u00e4tzliche Funktionen wie LLDP, DCP und Diagnose-Alarme erh\u00f6hen die Netzwerktransparenz und erleichtern die Fehlerbehebung. Der Switch unterst\u00fctzt Medienredundanz mit MRP-Client sowie SNMP, VLAN, Cos\/QoS-Mapping, NTP und Port-Mirroring f\u00fcr erweiterte Netzwerkfunktionalit\u00e4ten. Netzwerkstatistiken erm\u00f6glichen eine umfassende \u00dcberwachung von Frames und Fehlern. Mit einer SD-Speicherkarte f\u00fcr die Konfiguration und einem redundanten Netzteil bietet der Switch eine hohe Zuverl\u00e4ssigkeit und Ausfallsicherheit. Seine praktische Bauform erm\u00f6glicht eine optimierte Verkabelung und Montage.<\/p>\n<h3>Artikeldetails:<\/h3>\n<table>\n<thead>\n<tr>\n<th>Eigenschaft<\/th>\n<th>Spezifikation<\/th>\n<\/tr>\n<\/thead>\n<tbody>\n<tr>\n<td>Anzahl der Ports<\/td>\n<td>16<\/td>\n<\/tr>\n<tr>\n<td>PROFINET Conformance Class<\/td>\n<td>B (100 MBit\/s)<\/td>\n<\/tr>\n<tr>\n<td>Unterst\u00fctzte Geschwindigkeiten<\/td>\n<td>Bis zu 1000 Mbit\/s<\/td>\n<\/tr>\n<tr>\n<td>Integration<\/td>\n<td>GSDML-Datei<\/td>\n<\/tr>\n<tr>\n<td>Konfiguration\/Diagnose<\/td>\n<td>PROFINET, Webinterface<\/td>\n<\/tr>\n<tr>\n<td>Zus\u00e4tzliche Funktionen<\/td>\n<td>LLDP, DCP, Diagnose-Alarme, MRP-Client, SNMP, VLAN, Cos\/QoS-Mapping, NTP, Port-Mirroring<\/td>\n<\/tr>\n<tr>\n<td>Netzwerkstatistiken<\/td>\n<td>Frames, Fehler<\/td>\n<\/tr>\n<tr>\n<td>Speicherkarte<\/td>\n<td>SD-Speicherkarte<\/td>\n<\/tr>\n<tr>\n<td>Redundantes Netzteil<\/td>\n<td>Vorhanden<\/td>\n<\/tr>\n<\/tbody>\n<\/table>\n<p>&nbsp;<\/p>\n","protected":false},"excerpt":{"rendered":"<p>Optimierter Flextra Profinet Switch mit 16 Ports und LWL-Unterst\u00fctzung f\u00fcr industrielle Anwendungen. Schnelle Integration und Konfiguration in Profinet Netzwerken mit PROFINET Conformance Class B (100 MBit\/s). Erweiterte Netzwerkfunktionen und hohe Zuverl\u00e4ssigkeit f\u00fcr kritische Anwendungen.<\/p>\n","protected":false},"featured_media":2021,"comment_status":"closed","ping_status":"closed","template":"","meta":[],"product_brand":[],"product_cat":[24,173,35],"product_tag":[],"class_list":{"0":"post-1989","1":"product","2":"type-product","3":"status-publish","4":"has-post-thumbnail","6":"product_cat-industrial-ethernet","7":"product_cat-profinet-switches","8":"product_cat-switches","10":"first","11":"instock","12":"downloadable","13":"taxable","14":"shipping-taxable","15":"product-type-simple"},"_links":{"self":[{"href":"https:\/\/pericom.biz\/index.php?rest_route=\/wp\/v2\/product\/1989","targetHints":{"allow":["GET"]}}],"collection":[{"href":"https:\/\/pericom.biz\/index.php?rest_route=\/wp\/v2\/product"}],"about":[{"href":"https:\/\/pericom.biz\/index.php?rest_route=\/wp\/v2\/types\/product"}],"replies":[{"embeddable":true,"href":"https:\/\/pericom.biz\/index.php?rest_route=%2Fwp%2Fv2%2Fcomments&post=1989"}],"wp:featuredmedia":[{"embeddable":true,"href":"https:\/\/pericom.biz\/index.php?rest_route=\/wp\/v2\/media\/2021"}],"wp:attachment":[{"href":"https:\/\/pericom.biz\/index.php?rest_route=%2Fwp%2Fv2%2Fmedia&parent=1989"}],"wp:term":[{"taxonomy":"product_brand","embeddable":true,"href":"https:\/\/pericom.biz\/index.php?rest_route=%2Fwp%2Fv2%2Fproduct_brand&post=1989"},{"taxonomy":"product_cat","embeddable":true,"href":"https:\/\/pericom.biz\/index.php?rest_route=%2Fwp%2Fv2%2Fproduct_cat&post=1989"},{"taxonomy":"product_tag","embeddable":true,"href":"https:\/\/pericom.biz\/index.php?rest_route=%2Fwp%2Fv2%2Fproduct_tag&post=1989"}],"curies":[{"name":"wp","href":"https:\/\/api.w.org\/{rel}","templated":true}]}}