{"id":1990,"date":"2026-04-16T16:45:56","date_gmt":"2026-04-16T16:45:56","guid":{"rendered":"https:\/\/pericom.biz\/?post_type=product&#038;p=1990"},"modified":"2026-04-16T16:46:13","modified_gmt":"2026-04-16T16:46:13","slug":"firewall-nat-gateway-wall-ie","status":"publish","type":"product","link":"https:\/\/pericom.biz\/?product=firewall-nat-gateway-wall-ie","title":{"rendered":"Firewall \/ NAT Gateway Wall IE"},"content":{"rendered":"<p><iframe loading=\"lazy\" title=\"WALL IE - Industrial NAT Gateway\/Firewall I Einfache und sichere Netzwerkintegration\" width=\"1290\" height=\"726\" src=\"https:\/\/www.youtube.com\/embed\/D6SVvVry1rI?feature=oembed\" frameborder=\"0\" allow=\"accelerometer; autoplay; clipboard-write; encrypted-media; gyroscope; picture-in-picture; web-share\" referrerpolicy=\"strict-origin-when-cross-origin\" allowfullscreen><\/iframe><\/p>\n<p>Der Wall IE bietet flexible Betriebsmodi f\u00fcr die Integration in verschiedene Netzwerke. Im NAT-Betriebsmodus fungiert er als NAT-Gateway, das den Datenverkehr zwischen verschiedenen IPv4-Netzwerken weiterleitet. Durch Adress\u00fcbersetzung und Paketfilterung erm\u00f6glicht er die Zugriffsbeschr\u00e4nkung auf das dahinterliegende Automatisierungsnetzwerk. Im Bridge-Betriebsmodus agiert der Wall IE als Layer 2 Switch und erm\u00f6glicht ebenfalls Paketfilterung f\u00fcr eine gezielte Zugriffssteuerung. Dies erm\u00f6glicht die Einschr\u00e4nkung des Zugriffs zu einzelnen Bereichen Ihres Netzwerkes, ohne dass daf\u00fcr unterschiedliche Netzwerke erforderlich sind. Die Konfiguration erfolgt schnell und einfach \u00fcber ein responsives Webinterface. Der Wall IE bietet auch Funktionen wie Basic NAT, NAPT und Portforwarding sowie die Filterung von Broadcasts und Multicasts zur Reduzierung der Netzwerklast. Mit seiner platzsparenden Bauform ist er ideal f\u00fcr die Montage auf der Hutschiene geeignet.<\/p>\n<h3>Artikeldetails:<\/h3>\n<table>\n<thead>\n<tr>\n<th>Eigenschaft<\/th>\n<th>Spezifikation<\/th>\n<\/tr>\n<\/thead>\n<tbody>\n<tr>\n<td>Betriebsmodi<\/td>\n<td>NAT, Bridge<\/td>\n<\/tr>\n<tr>\n<td>NAT-Funktionalit\u00e4ten<\/td>\n<td>Basic NAT, NAPT, Portforwarding<\/td>\n<\/tr>\n<tr>\n<td>Paketfilterung<\/td>\n<td>IPv4-Adressen, Protokoll (TCP\/UDP), Ports, MAC-Adressen<\/td>\n<\/tr>\n<tr>\n<td>Konfiguration<\/td>\n<td>Web Interface<\/td>\n<\/tr>\n<tr>\n<td>Netzwerklastreduzierung<\/td>\n<td>Durch Filterung von Broadcasts und Multicasts<\/td>\n<\/tr>\n<tr>\n<td>Import\/Export der Konfiguration<\/td>\n<td>Vorhanden<\/td>\n<\/tr>\n<tr>\n<td>Bauform<\/td>\n<td>Industrietauglich, f\u00fcr Hutschiene geeignet<\/td>\n<\/tr>\n<\/tbody>\n<\/table>\n<p>&nbsp;<\/p>\n","protected":false},"excerpt":{"rendered":"<p>Der Wall IE bietet flexible Betriebsmodi und erm\u00f6glicht die Integration in verschiedene Netzwerke. Mit NAT- und Bridge-Betriebsmodi sowie Funktionen wie Paketfilterung und Konfiguration \u00fcber ein Webinterface ist er die ideale L\u00f6sung f\u00fcr die Zugriffssteuerung und Integration von Serienmaschinen in Produktionsnetzwerke.<\/p>\n","protected":false},"featured_media":2024,"comment_status":"closed","ping_status":"closed","template":"","meta":[],"product_brand":[],"product_cat":[24,34],"product_tag":[175,148,176,177,172,178],"class_list":{"0":"post-1990","1":"product","2":"type-product","3":"status-publish","4":"has-post-thumbnail","6":"product_cat-industrial-ethernet","7":"product_cat-nat-gateway-firewall","8":"product_tag-firewall","9":"product_tag-industrial-ethernet","10":"product_tag-nat","11":"product_tag-nat-gateway","12":"product_tag-switch","13":"product_tag-wall-ie","15":"first","16":"instock","17":"downloadable","18":"taxable","19":"shipping-taxable","20":"product-type-simple"},"_links":{"self":[{"href":"https:\/\/pericom.biz\/index.php?rest_route=\/wp\/v2\/product\/1990","targetHints":{"allow":["GET"]}}],"collection":[{"href":"https:\/\/pericom.biz\/index.php?rest_route=\/wp\/v2\/product"}],"about":[{"href":"https:\/\/pericom.biz\/index.php?rest_route=\/wp\/v2\/types\/product"}],"replies":[{"embeddable":true,"href":"https:\/\/pericom.biz\/index.php?rest_route=%2Fwp%2Fv2%2Fcomments&post=1990"}],"wp:featuredmedia":[{"embeddable":true,"href":"https:\/\/pericom.biz\/index.php?rest_route=\/wp\/v2\/media\/2024"}],"wp:attachment":[{"href":"https:\/\/pericom.biz\/index.php?rest_route=%2Fwp%2Fv2%2Fmedia&parent=1990"}],"wp:term":[{"taxonomy":"product_brand","embeddable":true,"href":"https:\/\/pericom.biz\/index.php?rest_route=%2Fwp%2Fv2%2Fproduct_brand&post=1990"},{"taxonomy":"product_cat","embeddable":true,"href":"https:\/\/pericom.biz\/index.php?rest_route=%2Fwp%2Fv2%2Fproduct_cat&post=1990"},{"taxonomy":"product_tag","embeddable":true,"href":"https:\/\/pericom.biz\/index.php?rest_route=%2Fwp%2Fv2%2Fproduct_tag&post=1990"}],"curies":[{"name":"wp","href":"https:\/\/api.w.org\/{rel}","templated":true}]}}