{"id":1992,"date":"2026-04-16T16:45:56","date_gmt":"2026-04-16T16:45:56","guid":{"rendered":"https:\/\/pericom.biz\/?post_type=product&#038;p=1992"},"modified":"2026-04-16T16:46:15","modified_gmt":"2026-04-16T16:46:15","slug":"xslan4200","status":"publish","type":"product","link":"https:\/\/pericom.biz\/?product=xslan4200","title":{"rendered":"XSLAN+4200"},"content":{"rendered":"<p>Der XSLAN+4200 bietet eine Ethernet-Verbindung \u00fcber 2 Draht mit Punkt-zu-Mehrpunkt-Konnektivit\u00e4t und Ringstruktur durch seine 4 SHDSL-Ports. Das IP20-Metallgeh\u00e4use mit DIN-Schienenmontage beherbergt vier SHDSL-Ports, die als Line-Konzentratoren oder f\u00fcr die Daten\u00fcbertragungsaggregation dienen. Zus\u00e4tzlich verf\u00fcgt das Ger\u00e4t \u00fcber 2 Ethernet-Ports f\u00fcr LAN-Verbindungen, eine Bypass-Funktion und erm\u00f6glicht die Konfiguration \u00fcber HTML-Webseiten. Mit Autonegotiation und Unterst\u00fctzung von Datenraten von 192Kb\/s bis zu 15Mb\/s \u00fcber ein Kupferpaar bietet der XSLAN+4200 Flexibilit\u00e4t und Leistungsf\u00e4higkeit. Weitere Funktionen wie Temperaturbereich, QoS, VLAN und NAT 1:1 werden ebenfalls unterst\u00fctzt. Zus\u00e4tzlich verf\u00fcgt das Ger\u00e4t \u00fcber zwei Spannungsversorgungen, wobei die zweite als Backup fungiert.<\/p>\n<h3>Artikeldetails:<\/h3>\n<table>\n<thead>\n<tr>\n<th>Eigenschaft<\/th>\n<th>Spezifikation<\/th>\n<\/tr>\n<\/thead>\n<tbody>\n<tr>\n<td>Geh\u00e4use<\/td>\n<td>IP20 Metall, DIN Rail Montage<\/td>\n<\/tr>\n<tr>\n<td>SHDSL Ports<\/td>\n<td>4, als Line Konzentrator oder f\u00fcr Data Speed Aggregation<\/td>\n<\/tr>\n<tr>\n<td>LAN Verbindung<\/td>\n<td>2 Ethernet Ports<\/td>\n<\/tr>\n<tr>\n<td>Bypass-Funktion<\/td>\n<td>Vorhanden<\/td>\n<\/tr>\n<tr>\n<td>Konfiguration<\/td>\n<td>\u00dcber HTML Web Pages<\/td>\n<\/tr>\n<tr>\n<td>Unterst\u00fctzte Datenraten<\/td>\n<td>Von 192Kb\/s bis zu 15Mb\/s \u00fcber ein Kupferpaar<\/td>\n<\/tr>\n<tr>\n<td>Temperaturbereich<\/td>\n<td>-20\u00b0C bis +70\u00b0C<\/td>\n<\/tr>\n<tr>\n<td>Weitere Funktionen<\/td>\n<td>QoS, VLAN, NAT 1:1<\/td>\n<\/tr>\n<tr>\n<td>Spannungsversorgung<\/td>\n<td>Zwei, zweite dient als Backup<\/td>\n<\/tr>\n<\/tbody>\n<\/table>\n<p>&nbsp;<\/p>\n","protected":false},"excerpt":{"rendered":"<div class=\"flex-1 overflow-hidden\">\n<div class=\"react-scroll-to-bottom--css-sjwzh-79elbk h-full\">\n<div class=\"react-scroll-to-bottom--css-sjwzh-1n7m0yu\">\n<div class=\"flex flex-col pb-9 text-sm\">\n<div class=\"w-full text-token-text-primary\" data-testid=\"conversation-turn-221\">\n<div class=\"px-4 py-2 justify-center text-base md:gap-6 m-auto\">\n<div class=\"flex flex-1 text-base mx-auto gap-3 md:px-5 lg:px-1 xl:px-5 md:max-w-3xl lg:max-w-[40rem] xl:max-w-[48rem] group final-completion\">\n<div class=\"relative flex w-full flex-col agent-turn\">\n<div class=\"flex-col gap-1 md:gap-3\">\n<div class=\"flex flex-grow flex-col max-w-full\">\n<div class=\"min-h-[20px] text-message flex flex-col items-start gap-3 whitespace-pre-wrap break-words [.text-message+&amp;]:mt-5 overflow-x-auto\" data-message-author-role=\"assistant\" data-message-id=\"909fd074-79dc-47e5-96c7-95a9ebc0f98a\">\n<div class=\"markdown prose w-full break-words dark:prose-invert dark\">\n<p>Der XSLAN+4200 bietet eine Ethernet-Verbindung \u00fcber 2 Draht mit 4 SHDSL-Ports f\u00fcr Punkt-zu-Mehrpunkt-Konnektivit\u00e4t und Ringstruktur. Mit 2 Ethernet-Ports, Bypass-Funktion und Konfiguration \u00fcber HTML-Webseiten gew\u00e4hrleistet er Flexibilit\u00e4t und Leistungsf\u00e4higkeit. Autonegotiation und Unterst\u00fctzung von Datenraten von 192Kb\/s bis zu 15Mb\/s bieten zus\u00e4tzliche Vielseitigkeit.<\/p>\n<\/div>\n<\/div>\n<\/div>\n<\/div>\n<\/div>\n<\/div>\n<\/div>\n<\/div>\n<\/div>\n<\/div>\n<\/div>\n<\/div>\n","protected":false},"featured_media":2029,"comment_status":"closed","ping_status":"closed","template":"","meta":[],"product_brand":[],"product_cat":[33,183],"product_tag":[],"class_list":{"0":"post-1992","1":"product","2":"type-product","3":"status-publish","4":"has-post-thumbnail","6":"product_cat-ethernet-extender-xslan-xelan","7":"product_cat-fernwartung","9":"first","10":"instock","11":"downloadable","12":"taxable","13":"shipping-taxable","14":"product-type-simple"},"_links":{"self":[{"href":"https:\/\/pericom.biz\/index.php?rest_route=\/wp\/v2\/product\/1992","targetHints":{"allow":["GET"]}}],"collection":[{"href":"https:\/\/pericom.biz\/index.php?rest_route=\/wp\/v2\/product"}],"about":[{"href":"https:\/\/pericom.biz\/index.php?rest_route=\/wp\/v2\/types\/product"}],"replies":[{"embeddable":true,"href":"https:\/\/pericom.biz\/index.php?rest_route=%2Fwp%2Fv2%2Fcomments&post=1992"}],"wp:featuredmedia":[{"embeddable":true,"href":"https:\/\/pericom.biz\/index.php?rest_route=\/wp\/v2\/media\/2029"}],"wp:attachment":[{"href":"https:\/\/pericom.biz\/index.php?rest_route=%2Fwp%2Fv2%2Fmedia&parent=1992"}],"wp:term":[{"taxonomy":"product_brand","embeddable":true,"href":"https:\/\/pericom.biz\/index.php?rest_route=%2Fwp%2Fv2%2Fproduct_brand&post=1992"},{"taxonomy":"product_cat","embeddable":true,"href":"https:\/\/pericom.biz\/index.php?rest_route=%2Fwp%2Fv2%2Fproduct_cat&post=1992"},{"taxonomy":"product_tag","embeddable":true,"href":"https:\/\/pericom.biz\/index.php?rest_route=%2Fwp%2Fv2%2Fproduct_tag&post=1992"}],"curies":[{"name":"wp","href":"https:\/\/api.w.org\/{rel}","templated":true}]}}