{"id":1994,"date":"2026-04-16T16:45:56","date_gmt":"2026-04-16T16:45:56","guid":{"rendered":"https:\/\/pericom.biz\/?post_type=product&#038;p=1994"},"modified":"2026-04-16T16:46:16","modified_gmt":"2026-04-16T16:46:16","slug":"xslan2400","status":"publish","type":"product","link":"https:\/\/pericom.biz\/?product=xslan2400","title":{"rendered":"XSLAN+2400"},"content":{"rendered":"<p>Der XSLAN+2400 bietet eine Ethernet-Verbindung \u00fcber 2 Draht mit Punkt-zu-Mehrpunkt-Konnektivit\u00e4t durch seine 2 SHDSL-Ports f\u00fcr \u201eDaisy Chain\u201c-Verbindungen. Das IP20-Metallgeh\u00e4use mit DIN-Schienenmontage gew\u00e4hrleistet robusten Schutz und einfache Installation. Mit 4 Ethernet-Ports bietet das Ger\u00e4t vielseitige Anschlussm\u00f6glichkeiten f\u00fcr LAN-Verbindungen. Die Konfiguration erfolgt bequem \u00fcber HTML-Webseiten, und die Autonegotiation erm\u00f6glicht eine automatische Anpassung der Verbindungseinstellungen. Der XSLAN+2400 unterst\u00fctzt Datenraten von 192Kb\/s bis zu 15Mb\/s \u00fcber ein Kupferpaar und bietet zus\u00e4tzliche Funktionen wie QoS, VLAN und NAT 1:1. Zudem verf\u00fcgt das Ger\u00e4t \u00fcber zwei Spannungsversorgungen, wobei die zweite als Backup fungiert.<\/p>\n<h3>Artikeldetails:<\/h3>\n<table>\n<thead>\n<tr>\n<th>Eigenschaft<\/th>\n<th>Spezifikation<\/th>\n<\/tr>\n<\/thead>\n<tbody>\n<tr>\n<td>Geh\u00e4use<\/td>\n<td>IP20 Metall, DIN Rail Montage<\/td>\n<\/tr>\n<tr>\n<td>SHDSL Ports<\/td>\n<td>2, f\u00fcr \u201eDaisy Chain\u201c Verbindung (Multi-Point)<\/td>\n<\/tr>\n<tr>\n<td>LAN Verbindung<\/td>\n<td>4 Ethernet Ports<\/td>\n<\/tr>\n<tr>\n<td>Konfiguration<\/td>\n<td>\u00dcber HTML Web Pages<\/td>\n<\/tr>\n<tr>\n<td>Unterst\u00fctzte Datenraten<\/td>\n<td>Von 192Kb\/s bis zu 15Mb\/s \u00fcber ein Kupferpaar<\/td>\n<\/tr>\n<tr>\n<td>Temperaturbereich<\/td>\n<td>-20\u00b0C bis +70\u00b0C<\/td>\n<\/tr>\n<tr>\n<td>Weitere Funktionen<\/td>\n<td>QoS, VLAN, NAT 1:1<\/td>\n<\/tr>\n<tr>\n<td>Spannungsversorgung<\/td>\n<td>Zwei, zweite dient als Backup<\/td>\n<\/tr>\n<\/tbody>\n<\/table>\n<p>&nbsp;<\/p>\n","protected":false},"excerpt":{"rendered":"<p>Der XSLAN+2400 bietet eine Ethernet-Verbindung \u00fcber 2 Draht mit 2 SHDSL-Ports f\u00fcr \u201eDaisy Chain\u201c-Verbindungen und 4 LAN-Ports f\u00fcr umfassende Konnektivit\u00e4t. Die Konfiguration erfolgt \u00fcber HTML-Webseiten, und das Ger\u00e4t unterst\u00fctzt eine breite Palette von Datenraten. Mit robustem Geh\u00e4use, Temperaturbereich und Backup-Spannungsversorgung ist er f\u00fcr anspruchsvolle Umgebungen geeignet.<\/p>\n","protected":false},"featured_media":2030,"comment_status":"closed","ping_status":"closed","template":"","meta":[],"product_brand":[],"product_cat":[33,183],"product_tag":[],"class_list":{"0":"post-1994","1":"product","2":"type-product","3":"status-publish","4":"has-post-thumbnail","6":"product_cat-ethernet-extender-xslan-xelan","7":"product_cat-fernwartung","9":"first","10":"instock","11":"downloadable","12":"taxable","13":"shipping-taxable","14":"product-type-simple"},"_links":{"self":[{"href":"https:\/\/pericom.biz\/index.php?rest_route=\/wp\/v2\/product\/1994","targetHints":{"allow":["GET"]}}],"collection":[{"href":"https:\/\/pericom.biz\/index.php?rest_route=\/wp\/v2\/product"}],"about":[{"href":"https:\/\/pericom.biz\/index.php?rest_route=\/wp\/v2\/types\/product"}],"replies":[{"embeddable":true,"href":"https:\/\/pericom.biz\/index.php?rest_route=%2Fwp%2Fv2%2Fcomments&post=1994"}],"wp:featuredmedia":[{"embeddable":true,"href":"https:\/\/pericom.biz\/index.php?rest_route=\/wp\/v2\/media\/2030"}],"wp:attachment":[{"href":"https:\/\/pericom.biz\/index.php?rest_route=%2Fwp%2Fv2%2Fmedia&parent=1994"}],"wp:term":[{"taxonomy":"product_brand","embeddable":true,"href":"https:\/\/pericom.biz\/index.php?rest_route=%2Fwp%2Fv2%2Fproduct_brand&post=1994"},{"taxonomy":"product_cat","embeddable":true,"href":"https:\/\/pericom.biz\/index.php?rest_route=%2Fwp%2Fv2%2Fproduct_cat&post=1994"},{"taxonomy":"product_tag","embeddable":true,"href":"https:\/\/pericom.biz\/index.php?rest_route=%2Fwp%2Fv2%2Fproduct_tag&post=1994"}],"curies":[{"name":"wp","href":"https:\/\/api.w.org\/{rel}","templated":true}]}}