{"id":1997,"date":"2026-04-16T16:45:57","date_gmt":"2026-04-16T16:45:57","guid":{"rendered":"https:\/\/pericom.biz\/?post_type=product&#038;p=1997"},"modified":"2026-04-16T16:46:17","modified_gmt":"2026-04-16T16:46:17","slug":"xslan-1100","status":"publish","type":"product","link":"https:\/\/pericom.biz\/?product=xslan-1100","title":{"rendered":"XSLAN 1100"},"content":{"rendered":"<p>Der XSLAN 1100 bietet eine zuverl\u00e4ssige Ethernet-Verbindung \u00fcber 2 Draht mit Punkt-zu-Punkt-Konnektivit\u00e4t dank seines SHDSL-Ports. Das IP20-Metallgeh\u00e4use mit DIN-Schienenmontage sorgt f\u00fcr robusten Schutz und einfache Installation. Mit einem Ethernet-Port erm\u00f6glicht das Ger\u00e4t die Anbindung eines Endger\u00e4ts. Die Konfiguration erfolgt m\u00fchelos \u00fcber HTML-Webseiten dank Plug &amp; Play-Funktionalit\u00e4t. Die Autonegotiation passt die Verbindungseinstellungen automatisch an. Der XSLAN 1100 unterst\u00fctzt Datenraten von 192Kb\/s bis zu 15Mb\/s \u00fcber ein Kupferpaar und bietet zus\u00e4tzliche Funktionen wie QoS, VLAN und NAT 1:1. Die Spannungsversorgung betr\u00e4gt 24 VDC.<\/p>\n<h3>Artikeldetails:<\/h3>\n<table>\n<thead>\n<tr>\n<th>Eigenschaft<\/th>\n<th>Spezifikation<\/th>\n<\/tr>\n<\/thead>\n<tbody>\n<tr>\n<td>Geh\u00e4use<\/td>\n<td>IP20 Metall, DIN Rail Montage<\/td>\n<\/tr>\n<tr>\n<td>SHDSL Port<\/td>\n<td>1, f\u00fcr Punkt-zu-Punkt Verbindung<\/td>\n<\/tr>\n<tr>\n<td>LAN Verbindung<\/td>\n<td>1 Ethernet Port<\/td>\n<\/tr>\n<tr>\n<td>Konfiguration<\/td>\n<td>Plug &amp; Play \u00fcber HTML Web Pages<\/td>\n<\/tr>\n<tr>\n<td>Unterst\u00fctzte Datenraten<\/td>\n<td>Von 192Kb\/s bis zu 15Mb\/s \u00fcber ein Kupferpaar<\/td>\n<\/tr>\n<tr>\n<td>Temperaturbereich<\/td>\n<td>-20\u00b0C bis +70\u00b0C<\/td>\n<\/tr>\n<tr>\n<td>Weitere Funktionen<\/td>\n<td>QoS, VLAN, NAT 1:1<\/td>\n<\/tr>\n<tr>\n<td>Spannungsversorgung<\/td>\n<td>1, 24 VDC<\/td>\n<\/tr>\n<\/tbody>\n<\/table>\n<p>&nbsp;<\/p>\n","protected":false},"excerpt":{"rendered":"<div class=\"flex-1 overflow-hidden\">\n<div class=\"react-scroll-to-bottom--css-sjwzh-79elbk h-full\">\n<div class=\"react-scroll-to-bottom--css-sjwzh-1n7m0yu\">\n<div class=\"flex flex-col pb-9 text-sm\">\n<div class=\"w-full text-token-text-primary\" data-testid=\"conversation-turn-231\">\n<div class=\"px-4 py-2 justify-center text-base md:gap-6 m-auto\">\n<div class=\"flex flex-1 text-base mx-auto gap-3 md:px-5 lg:px-1 xl:px-5 md:max-w-3xl lg:max-w-[40rem] xl:max-w-[48rem] group final-completion\">\n<div class=\"relative flex w-full flex-col agent-turn\">\n<div class=\"flex-col gap-1 md:gap-3\">\n<div class=\"flex flex-grow flex-col max-w-full\">\n<div class=\"min-h-[20px] text-message flex flex-col items-start gap-3 whitespace-pre-wrap break-words [.text-message+&amp;]:mt-5 overflow-x-auto\" data-message-author-role=\"assistant\" data-message-id=\"39534f62-8fa9-49f3-b6ba-a91a6fc9ce7f\">\n<div class=\"markdown prose w-full break-words dark:prose-invert dark\">\n<p>Der XSLAN 1100 erm\u00f6glicht eine Ethernet-Verbindung \u00fcber 2 Draht mit Punkt-zu-Punkt-Konnektivit\u00e4t und bietet einen SHDSL-Port sowie einen LAN-Port. Dank seiner einfachen Konfiguration \u00fcber HTML-Webseiten und der Plug &amp; Play-Funktionalit\u00e4t eignet er sich ideal f\u00fcr verschiedenste Anwendungen.<\/p>\n<\/div>\n<\/div>\n<\/div>\n<\/div>\n<\/div>\n<\/div>\n<\/div>\n<\/div>\n<\/div>\n<\/div>\n<\/div>\n<\/div>\n","protected":false},"featured_media":2030,"comment_status":"closed","ping_status":"closed","template":"","meta":[],"product_brand":[],"product_cat":[33,183],"product_tag":[],"class_list":{"0":"post-1997","1":"product","2":"type-product","3":"status-publish","4":"has-post-thumbnail","6":"product_cat-ethernet-extender-xslan-xelan","7":"product_cat-fernwartung","9":"first","10":"instock","11":"downloadable","12":"taxable","13":"shipping-taxable","14":"product-type-simple"},"_links":{"self":[{"href":"https:\/\/pericom.biz\/index.php?rest_route=\/wp\/v2\/product\/1997","targetHints":{"allow":["GET"]}}],"collection":[{"href":"https:\/\/pericom.biz\/index.php?rest_route=\/wp\/v2\/product"}],"about":[{"href":"https:\/\/pericom.biz\/index.php?rest_route=\/wp\/v2\/types\/product"}],"replies":[{"embeddable":true,"href":"https:\/\/pericom.biz\/index.php?rest_route=%2Fwp%2Fv2%2Fcomments&post=1997"}],"wp:featuredmedia":[{"embeddable":true,"href":"https:\/\/pericom.biz\/index.php?rest_route=\/wp\/v2\/media\/2030"}],"wp:attachment":[{"href":"https:\/\/pericom.biz\/index.php?rest_route=%2Fwp%2Fv2%2Fmedia&parent=1997"}],"wp:term":[{"taxonomy":"product_brand","embeddable":true,"href":"https:\/\/pericom.biz\/index.php?rest_route=%2Fwp%2Fv2%2Fproduct_brand&post=1997"},{"taxonomy":"product_cat","embeddable":true,"href":"https:\/\/pericom.biz\/index.php?rest_route=%2Fwp%2Fv2%2Fproduct_cat&post=1997"},{"taxonomy":"product_tag","embeddable":true,"href":"https:\/\/pericom.biz\/index.php?rest_route=%2Fwp%2Fv2%2Fproduct_tag&post=1997"}],"curies":[{"name":"wp","href":"https:\/\/api.w.org\/{rel}","templated":true}]}}