{"id":1998,"date":"2026-04-16T16:45:57","date_gmt":"2026-04-16T16:45:57","guid":{"rendered":"https:\/\/pericom.biz\/?post_type=product&#038;p=1998"},"modified":"2026-04-16T16:46:19","modified_gmt":"2026-04-16T16:46:19","slug":"xelan-110","status":"publish","type":"product","link":"https:\/\/pericom.biz\/?product=xelan-110","title":{"rendered":"XELAN 110"},"content":{"rendered":"<p>Der XELAN 110 bietet eine zuverl\u00e4ssige Ethernet-Verbindung \u00fcber 2 Draht mit Punkt-zu-Punkt-Konnektivit\u00e4t dank seines SPE-Ports. Das IP20-Metallgeh\u00e4use mit DIN-Schienenmontage sorgt f\u00fcr robusten Schutz und einfache Installation. Mit einem Ethernet-Port erm\u00f6glicht das Ger\u00e4t die Anbindung eines Endger\u00e4ts. Eine ist dank Plug &amp; Play-Funktionalit\u00e4t nicht erforderlich. Die Autonegotiation passt die Verbindungseinstellungen automatisch an. Der XELAN 110 unterst\u00fctzt Datenraten von 10Mbit\/s bis zu 1 km. Die Spannungsversorgung betr\u00e4gt 24 VDC oder PoE.<\/p>\n<h3>Artikeldetails:<\/h3>\n<table>\n<thead>\n<tr>\n<th>Eigenschaft<\/th>\n<th>Spezifikation<\/th>\n<\/tr>\n<\/thead>\n<tbody>\n<tr>\n<td>Geh\u00e4use<\/td>\n<td>IP31 Metall, DIN Rail Montage<\/td>\n<\/tr>\n<tr>\n<td>SPE Port<\/td>\n<td>1 x 10BaseT1L<\/td>\n<\/tr>\n<tr>\n<td>LAN Verbindung<\/td>\n<td>1 x Ethernet Port 10\/100<\/td>\n<\/tr>\n<tr>\n<td>Konfiguration<\/td>\n<td>Plug &amp; Play<\/td>\n<\/tr>\n<tr>\n<td>Unterst\u00fctzte Datenraten<\/td>\n<td>10Mbit\/s bis zu 1 km<\/td>\n<\/tr>\n<tr>\n<td>Temperaturbereich<\/td>\n<td>-20\u00b0C bis +70\u00b0C<\/td>\n<\/tr>\n<tr>\n<td>Weitere Funktionen<\/td>\n<td>Profinet, PTP<\/td>\n<\/tr>\n<tr>\n<td>Spannungsversorgung<\/td>\n<td>24 VDC oder PoE<\/td>\n<\/tr>\n<\/tbody>\n<\/table>\n<p>&nbsp;<\/p>\n","protected":false},"excerpt":{"rendered":"<p>Der XELAN 110 erm\u00f6glicht eine Ethernet-Verbindung \u00fcber 2 Draht mit Punkt-zu-Punkt-Konnektivit\u00e4t und bietet einen SPE-Port sowie einen LAN-Port. Dank seiner Plug &amp; Play-Funktionalit\u00e4t ist der XELAN blitzschnell einsatzbereit..<\/p>\n","protected":false},"featured_media":2052,"comment_status":"closed","ping_status":"closed","template":"","meta":[],"product_brand":[],"product_cat":[33,183],"product_tag":[184,185,52,162,186,187],"class_list":{"0":"post-1998","1":"product","2":"type-product","3":"status-publish","4":"has-post-thumbnail","6":"product_cat-ethernet-extender-xslan-xelan","7":"product_cat-fernwartung","8":"product_tag-2-draht-ethernet","9":"product_tag-ethernet-extender","10":"product_tag-poe","11":"product_tag-profinet","12":"product_tag-ptp","13":"product_tag-spe","15":"first","16":"instock","17":"downloadable","18":"taxable","19":"shipping-taxable","20":"product-type-simple"},"_links":{"self":[{"href":"https:\/\/pericom.biz\/index.php?rest_route=\/wp\/v2\/product\/1998","targetHints":{"allow":["GET"]}}],"collection":[{"href":"https:\/\/pericom.biz\/index.php?rest_route=\/wp\/v2\/product"}],"about":[{"href":"https:\/\/pericom.biz\/index.php?rest_route=\/wp\/v2\/types\/product"}],"replies":[{"embeddable":true,"href":"https:\/\/pericom.biz\/index.php?rest_route=%2Fwp%2Fv2%2Fcomments&post=1998"}],"wp:featuredmedia":[{"embeddable":true,"href":"https:\/\/pericom.biz\/index.php?rest_route=\/wp\/v2\/media\/2052"}],"wp:attachment":[{"href":"https:\/\/pericom.biz\/index.php?rest_route=%2Fwp%2Fv2%2Fmedia&parent=1998"}],"wp:term":[{"taxonomy":"product_brand","embeddable":true,"href":"https:\/\/pericom.biz\/index.php?rest_route=%2Fwp%2Fv2%2Fproduct_brand&post=1998"},{"taxonomy":"product_cat","embeddable":true,"href":"https:\/\/pericom.biz\/index.php?rest_route=%2Fwp%2Fv2%2Fproduct_cat&post=1998"},{"taxonomy":"product_tag","embeddable":true,"href":"https:\/\/pericom.biz\/index.php?rest_route=%2Fwp%2Fv2%2Fproduct_tag&post=1998"}],"curies":[{"name":"wp","href":"https:\/\/api.w.org\/{rel}","templated":true}]}}